{"id":2113,"date":"2016-07-22T17:04:01","date_gmt":"2016-07-22T17:04:01","guid":{"rendered":"http:\/\/www.ceadin.org\/b\/?page_id=2113"},"modified":"2023-05-19T19:36:11","modified_gmt":"2023-05-19T19:36:11","slug":"caso-abogada","status":"publish","type":"page","link":"https:\/\/www.ceadin.org\/b\/caso-abogada\/","title":{"rendered":"7-CASO-Abogada"},"content":{"rendered":"<blockquote>\n<h3 style=\"text-align: center;\"><span style=\"color: #000080;\"><em><strong>La conoc\u00ed en el Curso de Milagros, prest\u00f3 su casa e invito a una treintena de personas, <\/strong><strong>todas con diferentes problemas y peticiones, esperando su:<br \/>\n-milagro personal-<\/strong><\/em><\/span><\/h3>\n<h4><span style=\"color: #000080;\"><em><strong>La sesi\u00f3n se llevo a cabo un poco ajustada de tiempo, pero sali\u00f3 todo bien.<br \/>\nAl final me dijo: Puedo hablar contigo&#8230;?<\/strong><\/em><\/span><br \/>\n<span style=\"color: #000080;\"> <em><strong>Hablamos y me cont\u00f3 que o\u00eda voces..!<\/strong><\/em><\/span><br \/>\n<span style=\"color: #000080;\"> <em><strong>Era un caso urgente&#8230;<\/strong><\/em><\/span><br \/>\n<span style=\"color: #000080;\"> <em><strong>Ten\u00eda dos meses su bebita y o\u00eda voces&#8230;<\/strong><\/em><\/span><\/h4>\n<h4><span style=\"color: #000080;\"><em><strong>Era una -Depresi\u00f3n posparto-, no pod\u00eda cargar a su beb\u00e9..ten\u00eda terror, su mam\u00e1 le ayudaba, era madre soltera, abogada con buen trabajo y bien remunerado.<\/strong><\/em><\/span><br \/>\n<span style=\"color: #000080;\"> <em><strong>Dos meses intentando cargar a su beb\u00e9 y..no pod\u00eda.. la invit\u00e9 al grupo de apoyo.<\/strong><\/em><\/span><\/h4>\n<h4><span style=\"color: #000080;\"><br \/>\nJueves:<\/span><br \/>\n<span style=\"color: #000080;\"> <em><strong>El grupo ten\u00eda los antecedentes y la esperaban, llego nerviosa y toc\u00f3 su turno:<\/strong><\/em><\/span><br \/>\n<span style=\"color: #000080;\"> <em><strong>Dijo que era abogada y que siempre fue muy segura de si misma, y no comprend\u00eda lo que estaba pasando.<\/strong><\/em><\/span><\/h4>\n<h4><span style=\"color: #000080;\"><em><strong>Decidi\u00f3 ser madre soltera y su embarazo fue normal, todo el embarazo trabajo, se notaba que era una persona disciplinada, objetiva, tomaba decisiones propias y planeaba un futuro muy prometedor para ella y su hija, el padre casi no aparec\u00eda en la historia.<\/strong><\/em><\/span><\/h4>\n<h4><span style=\"color: #000080;\"><em><strong>Viv\u00eda con sus padres y algunas hermanas, desde que lleg\u00f3 del hospital no pudo con la beb\u00e9. <\/strong><\/em><em><strong>No comprend\u00eda -esas sensaciones- que le provocaban o\u00edr esas voces..!<br \/>\nAl querer alimentar a la beb\u00e9 y tratar de cargarla, o\u00eda esas voces que le dec\u00edan&#8230;<br \/>\nt\u00edrala, m\u00e1tala&#8230;!<\/strong><\/em><\/span><\/h4>\n<h4><span style=\"color: #000080;\"><em><strong>No lloraba pero estaba muy angustiada.<\/strong><\/em><\/span><br \/>\n<span style=\"color: #000080;\"> <em><strong>La calm\u00e9 y le ofrec\u00ed algo de beber, nadie hablaba, todo era silencio,<\/strong><strong> l<\/strong><strong>e dimos el apoyo que en ese momento necesitaba, y yo la ver\u00eda en dos d\u00edas otra vez en el Curso de Milagros.<\/strong><\/em><\/span><\/h4>\n<h4><span style=\"color: #000080;\"><em><strong>Dos d\u00edas despu\u00e9s estando en clase de Curso de Milagros una persona la confront\u00f3 diciendo con voz de ni\u00f1a mimada:<\/strong><\/em><\/span><br \/>\n<span style=\"color: #000080;\"> <em><strong>-Yo como soy hija de familia no puedo hacer las cosas como adulta y por eso no puedo cargar a mi beb\u00e9&#8230;!\u00a0 todas o\u00edamos esa din\u00e1mica y algunas estuvieron de acuerdo que todo se deb\u00eda a que era una ni\u00f1a mimada.<\/strong><\/em><\/span><\/h4>\n<h4><span style=\"color: #000080;\"><em><strong>Llor\u00f3 y no pod\u00eda creer lo que estaba oyendo, parec\u00eda una burla lo que estaban haciendo, se par\u00f3 y dijo que se iba, me par\u00e9 con ella y la acompa\u00f1\u00e9 a la salida, la abrace y le ofrec\u00ed mi apoyo y mi rotunda desaprobaci\u00f3n de lo sucedido.<\/strong><\/em><\/span><\/h4>\n<h4><span style=\"color: #000080;\"><em><strong>Regres\u00e9 al sal\u00f3n y les mostr\u00e9 mi desacuerdo total y mi enojo por haber hecho esa din\u00e1mica, \u00a1Eso no se hace&#8230;!, unas en silencio y otras defendiendo su punto de vista.<\/strong><\/em><\/span><\/h4>\n<h4><span style=\"color: #000080;\"><br \/>\nJueves:<\/span><br \/>\n<span style=\"color: #000080;\"> <em><strong>Antes que llegara puse en antecedentes al grupo, lleg\u00f3 muy asustada, no sab\u00eda si se estaba quedando loca por no poder querer a su hija.<\/strong><\/em><\/span><\/h4>\n<h4><span style=\"color: #000080;\"><em><strong>En el grupo hab\u00edamos estudiado el caso y si, definitivamente se trataba de una -Depresi\u00f3n posparto-, estos comportamientos sin haber tenido alg\u00fan antecedente solo mostraban los raros efectos de un desbalance de sustancias qu\u00edmicas en el cerebro.<\/strong><\/em><\/span><\/h4>\n<h4><span style=\"color: #000080;\"><em><strong>Le d\u00ed algunas explicaciones de lo que le estaba pasando y le asegur\u00e9 que no se estaba volviendo -loca-, <\/strong><\/em><em><strong>le ofrec\u00ed una cita con el psiquiatra y acept\u00f3.<\/strong><\/em><\/span><\/h4>\n<h4><span style=\"color: #000080;\"><em><strong>En unos d\u00edas fuimos a ver al doctor, pas\u00f3 ella sola y yo esper\u00e9, al salir estaba mas reconfortada y atenta a las indicaciones del doctor, le mando alg\u00fan medicamento y le pidi\u00f3 que le hablara dos d\u00edas despu\u00e9s para ver como estaba.<\/strong><\/em><\/span><\/h4>\n<h4><span style=\"color: #000080;\"><br \/>\nJueves:<\/span><br \/>\n<span style=\"color: #000080;\"> <strong><em>Habl\u00f3 acerca de la decisi\u00f3n de haberse embarazado, pero sin tener un compromiso con el pap\u00e1 de la beb\u00e9. Coment\u00f3 que siempre hab\u00eda sido muy independiente, buena estudiante, ya con una carrera y un buen empleo, que mas podr\u00eda necesitar, sin saber lo que la vida le iba a mostrar.<\/em> <\/strong><\/span><\/h4>\n<h4><span style=\"color: #000080;\"><br \/>\nJueves:<\/span><br \/>\n<span style=\"color: #000080;\"> <em><strong>Ten\u00eda muchas dudas respecto al comportamiento que estaba teniendo, narraba que la beb\u00e9 fue una beb\u00e9 deseada y planeada por ella. En su familia nadie se opuso a esa decisi\u00f3n, busc\u00f3 un buen muchacho y como siempre, todo lo que se propon\u00eda lo lograba.<\/strong><\/em><\/span><\/h4>\n<h4><span style=\"color: #000080;\"><br \/>\nJueves:<\/span><br \/>\n<span style=\"color: #000080;\"> <em><strong> Al cabo de un tiempo,<\/strong> <strong>a<\/strong><strong>pareci\u00f3 el papa de la beb\u00e9, nos cont\u00f3 que la quer\u00eda conocer y ella no sab\u00eda que hacer pues ella no quer\u00eda ning\u00fan compromiso.<\/strong><\/em><\/span><\/h4>\n<h4><span style=\"color: #000080;\"><br \/>\nJueves:<\/span><br \/>\n<span style=\"color: #000080;\"> <em><strong>Ante la insistencia del muchacho, dej\u00f3 que la conociera, pero con muchas condiciones y reglas a seguir. Tendr\u00eda que hablar y preguntar si pod\u00eda visitarla, no la tendr\u00eda por ning\u00fan motivo a solas, no la podr\u00eda llevar de paseo, siempre estar\u00eda bajo la supervisi\u00f3n de alguien de la familia.<br \/>\n<\/strong><\/em><\/span><\/h4>\n<h4><span style=\"color: #000080;\"><br \/>\nJueves:<\/span><br \/>\n<span style=\"color: #000080;\"> <em><strong>Parec\u00eda que los medicamentos hac\u00edan su efecto y se sent\u00eda mas segura y fuerte para lidiar con la situaci\u00f3n.<\/strong><\/em><\/span><\/h4>\n<h4><span style=\"color: #000080;\"><br \/>\nJueves:<\/span><br \/>\n<span style=\"color: #000080;\"> <em><strong>Ya pudo cargar a la beb\u00e9, en seis meses casi no hab\u00eda tenido contacto con ella.<\/strong><\/em><\/span><\/h4>\n<h4><span style=\"color: #000080;\"><em><strong>Estuvo con el doctor y con el grupo lo suficiente como para que nos di\u00e9ramos cuenta del avance que tuvo. <\/strong><\/em><em><strong>Pr\u00e1cticamente ella ya hac\u00eda todas las funciones de mam\u00e1 que se necesitaban, como: ba\u00f1ar, cargar, dar de comer, llevarla a pasear, arreglarla y disfrutarla.<br \/>\n<\/strong><\/em><\/span><\/h4>\n<h3 style=\"text-align: center;\"><span style=\"color: #000080;\"><em><strong>Este caso nos ilustr\u00f3 lo que la mente de una mujer<br \/>\nnecesita, para desarrollar el Amor maternal: <\/strong><\/em><\/span><\/h3>\n<h3 style=\"text-align: center;\"><span style=\"color: #000080;\"><em><strong>No solo, lo que una persona planea como ilusi\u00f3n, sino mostrar<br \/>\nel cari\u00f1o, la disposici\u00f3n, y la entrega para una beb\u00e9 que llega a este mundo.<\/strong><\/em><\/span><br \/>\n<span style=\"color: #000080;\"> <em><strong>Nos quedamos complacidas en el grupo.<\/strong><\/em><\/span><\/h3>\n<h4><em><strong><span style=\"color: #008000;\">\u2217 Depresi\u00f3n posparto<em><br \/>\n\u00bf<\/em>Qu\u00e9 es la depresi\u00f3n posparto.?<\/span><br \/>\n<a href=\"http:\/\/www.ceadin.org\/b\/depresion-posparto\/\"><span style=\"color: #ff0000;\">http:\/\/www.ceadin.org\/b\/depresion-posparto\/<\/span><\/a><\/strong><\/em><\/h4>\n<\/blockquote>\n","protected":false},"excerpt":{"rendered":"<p>La conoc\u00ed en el Curso de Milagros, prest\u00f3 su casa e invito a una treintena de personas, todas con diferentes problemas y peticiones, esperando su: -milagro personal- La sesi\u00f3n se llevo a cabo un poco ajustada de tiempo, pero sali\u00f3 todo bien. Al final me dijo: Puedo hablar contigo&#8230;? Hablamos y me cont\u00f3 que o\u00eda [&hellip;]<\/p>\n","protected":false},"author":2,"featured_media":0,"parent":0,"menu_order":0,"comment_status":"closed","ping_status":"closed","template":"","meta":[],"_links":{"self":[{"href":"https:\/\/www.ceadin.org\/b\/wp-json\/wp\/v2\/pages\/2113"}],"collection":[{"href":"https:\/\/www.ceadin.org\/b\/wp-json\/wp\/v2\/pages"}],"about":[{"href":"https:\/\/www.ceadin.org\/b\/wp-json\/wp\/v2\/types\/page"}],"author":[{"embeddable":true,"href":"https:\/\/www.ceadin.org\/b\/wp-json\/wp\/v2\/users\/2"}],"replies":[{"embeddable":true,"href":"https:\/\/www.ceadin.org\/b\/wp-json\/wp\/v2\/comments?post=2113"}],"version-history":[{"count":0,"href":"https:\/\/www.ceadin.org\/b\/wp-json\/wp\/v2\/pages\/2113\/revisions"}],"wp:attachment":[{"href":"https:\/\/www.ceadin.org\/b\/wp-json\/wp\/v2\/media?parent=2113"}],"curies":[{"name":"wp","href":"https:\/\/api.w.org\/{rel}","templated":true}]}}