{"id":1962,"date":"2016-08-04T22:57:52","date_gmt":"2016-08-04T22:57:52","guid":{"rendered":"http:\/\/www.ceadin.org\/b\/?page_id=1962"},"modified":"2023-09-10T21:28:54","modified_gmt":"2023-09-10T21:28:54","slug":"drogadiccion","status":"publish","type":"page","link":"https:\/\/www.ceadin.org\/b\/drogadiccion\/","title":{"rendered":"Drogadicci\u00f3n"},"content":{"rendered":"<blockquote>\n<blockquote data-wp-editing=\"1\">\n<h3 style=\"text-align: center;\"><span style=\"color: #008080;\"><em><strong>\u2014 Mascaras de la Depresi\u00f3n \u2014<br \/>\n<\/strong><\/em><\/span><\/h3>\n<h3 style=\"text-align: center;\"><span style=\"color: #d15021;\"><em><strong>&#8211; Drogadicci\u00f3n &#8211;<\/strong><\/em><\/span><\/h3>\n<h3 style=\"text-align: center;\"><span style=\"color: #008080;\"><em><strong><a href=\"http:\/\/www.ceadin.org\/b\/wp-content\/uploads\/2023\/09\/fb-irena-Sara-Morais-13-1.jpg\"><img decoding=\"async\" loading=\"lazy\" class=\"size-full wp-image-7401 aligncenter\" src=\"http:\/\/www.ceadin.org\/b\/wp-content\/uploads\/2023\/09\/fb-irena-Sara-Morais-13-1.jpg\" alt=\"\" width=\"700\" height=\"1082\" srcset=\"https:\/\/www.ceadin.org\/b\/wp-content\/uploads\/2023\/09\/fb-irena-Sara-Morais-13-1.jpg 700w, https:\/\/www.ceadin.org\/b\/wp-content\/uploads\/2023\/09\/fb-irena-Sara-Morais-13-1-194x300.jpg 194w, https:\/\/www.ceadin.org\/b\/wp-content\/uploads\/2023\/09\/fb-irena-Sara-Morais-13-1-662x1024.jpg 662w, https:\/\/www.ceadin.org\/b\/wp-content\/uploads\/2023\/09\/fb-irena-Sara-Morais-13-1-619x957.jpg 619w\" sizes=\"(max-width: 700px) 100vw, 700px\" \/><\/a><\/strong><\/em><\/span><span style=\"color: #d15021;\"><em><strong>\u00bfUna mascara para ocultar la depresi\u00f3n?<\/strong><\/em><\/span><\/h3>\n<h3><em><strong><span style=\"color: #d15021;\">Drogadicci\u00f3n: <\/span><span style=\"color: #008080;\"><br \/>\nLas personas se sienten incapaces de resolver situaciones en su vida, provienen de familias disfuncionales, sufren falta de amor (no se sienten queridos), abandonados (los padres nunca los nutren de seguridad, padres ausentes) y eligen desesperadamente como \u00fanico camino, fugarse y consumir drogas.<\/span><\/strong><\/em><\/h3>\n<h3 style=\"text-align: left;\"><span style=\"color: #008000;\"><span style=\"color: #008080;\"><em><strong>Es m\u00e1s dif\u00edcil que los hombres admitan que est\u00e1n deprimidos, e<\/strong><\/em><\/span><em><strong><span style=\"color: #008080;\">n cambio es m\u00e1s probable que oculten sus padecimientos tras el alcohol, las drogas o conductas agresivas. Pero lo que no saben es que el alcohol agrava (empeora) la depresi\u00f3n.<\/span><\/strong><\/em><\/span><\/h3>\n<h3 style=\"text-align: center;\"><span style=\"color: #d15021;\"><em><strong><span style=\"color: #d15021;\">\u2014 Drogadicci\u00f3n \u2014<\/span><br \/>\n<\/strong><\/em><\/span><\/h3>\n<blockquote>\n<h4 style=\"text-align: left;\"><span style=\"color: #008080;\"><em><strong>Las drogas pueden llevarnos a a una depresi\u00f3n, de la misma manera que una depresi\u00f3n puede conducirnos a la drogadicci\u00f3n. Se trata de las dos caras de una misma moneda donde la depresi\u00f3n y las drogas van de la mano sin saber exactamente cu\u00e1l de ellas es la causa y cu\u00e1l la consecuencia.<\/strong><\/em><\/span><\/h4>\n<h4><span style=\"color: #008080;\"><em><strong>En cualquier caso, cuando hablamos de una depresi\u00f3n por drogas o de una drogadicci\u00f3n por depresi\u00f3n, estamos hablando de una enfermedad doble que hay que tratar a dos bandas. Porque los tratamientos para la depresi\u00f3n no curan la drogadicci\u00f3n y viceversa.<\/strong><\/em><\/span><\/h4>\n<h4><span style=\"color: #008080;\"><em><strong>La drogadicci\u00f3n es una enfermedad que consiste en la dependencia de sustancias que afectan el sistema nervioso central y las funciones cerebrales, produciendo alteraciones en el comportamiento, la percepci\u00f3n, el juicio y las emociones. Los efectos de las drogas son diversos, dependiendo del tipo de droga y la cantidad o frecuencia con la que se consume. Pueden producir alucinaciones, intensificar o entorpecer los sentidos, provocar sensaciones de euforia o desesperaci\u00f3n. Algunas drogas pueden incluso llevar a la locura o la muerte.<\/strong><\/em><\/span><\/h4>\n<h3 style=\"text-align: center;\"><span style=\"color: #d15021;\"><em><strong>La dependencia producida por las drogas puede ser de dos tipos:<\/strong><\/em><\/span><\/h3>\n<h4><em><strong><span style=\"color: #d15021;\">&#8211; Dependencia f\u00edsica: <\/span><span style=\"color: #008080;\">El organismo se vuelve necesitado de las drogas, tal es as\u00ed que cuando se interrumpe el consumo sobrevienen fuertes trastornos fisiol\u00f3gicos, lo que se conoce como s\u00edndrome de abstinencia.<\/span><\/strong><\/em><\/h4>\n<h4><em><strong><span style=\"color: #d15021;\">&#8211; Dependencia ps\u00edquica: <\/span><span style=\"color: #008080;\">Es el estado de euforia que se siente cuando se consume droga, y que lleva a buscar nuevamente el consumo para evitar el malestar u obtener placer. El individuo siente una imperiosa necesidad de consumir droga, y experimenta un desplome emocional cuando no la consigue.<\/span><\/strong><\/em><\/h4>\n<h4><span style=\"color: #008080;\"><em><strong>La dependencia, ps\u00edquica o f\u00edsica, producida por las drogas puede llegar a ser muy fuerte, esclavizando la voluntad y desplazando otras necesidades b\u00e1sicas, como comer o dormir, la necesidad de droga es m\u00e1s fuerte. La persona pierde todo concepto de moralidad y hace cosas que, de no estar bajo el influjo de la droga, no har\u00eda, como mentir, robar, prostituirse e incluso matar. La droga se convierte en el centro de la vida del drogadicto, llegando a afectarla en todos los aspectos: en el trabajo, en las relaciones familiares e interpersonales, en los estudios, etc.<a href=\"http:\/\/www.ceadin.org\/b\/wp-content\/uploads\/2023\/09\/Alternopolis5.jpg\"><img decoding=\"async\" loading=\"lazy\" class=\"alignright size-full wp-image-7400\" src=\"http:\/\/www.ceadin.org\/b\/wp-content\/uploads\/2023\/09\/Alternopolis5.jpg\" alt=\"\" width=\"800\" height=\"1072\" srcset=\"https:\/\/www.ceadin.org\/b\/wp-content\/uploads\/2023\/09\/Alternopolis5.jpg 800w, https:\/\/www.ceadin.org\/b\/wp-content\/uploads\/2023\/09\/Alternopolis5-224x300.jpg 224w, https:\/\/www.ceadin.org\/b\/wp-content\/uploads\/2023\/09\/Alternopolis5-764x1024.jpg 764w, https:\/\/www.ceadin.org\/b\/wp-content\/uploads\/2023\/09\/Alternopolis5-768x1029.jpg 768w, https:\/\/www.ceadin.org\/b\/wp-content\/uploads\/2023\/09\/Alternopolis5-619x829.jpg 619w\" sizes=\"(max-width: 800px) 100vw, 800px\" \/><\/a><\/strong><\/em><\/span><\/h4>\n<h4><span style=\"color: #008080;\"><em><strong>Las drogas interfieren en los mecanismos neurol\u00f3gicos y biol\u00f3gicos, en particular en las sustancias qu\u00edmicas que transmiten los mensajes entre las c\u00e9lulas del sistema nervioso (neurotransmisores), y se fijan en los receptores espec\u00edficos del cerebro. En condiciones normales, estos receptores reciben sustancias secretadas por el cuerpo (endorfinas), que tienen propiedades calmantes y que generan una sensaci\u00f3n de placer.<\/strong><strong> Los efectos de las drogas sobre el cerebro se caracterizan por: confusi\u00f3n mental, delirio, alucinaciones y comportamiento generalmente agresivo.<\/strong><\/em><\/span><\/h4>\n<h4><span style=\"color: #008080;\"><em><strong>Para muchas personas consumir drogas es una salida f\u00e1cil pues en ella encuentran un falso refugio que los aparta de la realidad,\u00a0 y sin darse cuenta van cayendo en un abismo que muchas ocasiones tiene fatales consecuencias.<\/strong><\/em><\/span><\/h4>\n<\/blockquote>\n<h3><span style=\"color: #d15021;\"><em><strong>Busque ayuda:<\/strong><\/em><\/span><\/h3>\n<h3 class=\"JlqpRe\"><em><strong><span class=\"JCzEY ZwRhJd\" style=\"color: #d15021;\"><span class=\"CSkcDe\">\u00bf<span style=\"color: #d15021;\">D\u00f3nde pedir ayuda en caso de drogadiccion?<\/span><\/span><\/span><\/strong><\/em><em><strong><span class=\"ILfuVd\" lang=\"es\" style=\"color: #008080;\"><span class=\"hgKElc\"><br \/>\nEn la actual situaci\u00f3n de emergencia sanitaria, el IAPA ofrece apoyo v\u00eda telef\u00f3nica: <span style=\"color: #d15021;\">55 4631 3035<\/span>; o de manera virtual <\/span><\/span><\/strong><\/em><em><strong><span class=\"ILfuVd\" lang=\"es\"><span class=\"hgKElc\"><span style=\"color: #008080;\">para tratar de convencer a la persona adicta<\/span> <\/span><\/span><\/strong><\/em><em><strong><span class=\"ILfuVd\" lang=\"es\" style=\"color: #008080;\"><span class=\"hgKElc\">en: <\/span><\/span><\/strong><\/em><em><strong><span class=\"ILfuVd\" lang=\"es\" style=\"color: #008080;\"><span class=\"hgKElc\"><a href=\"https:\/\/www.iapa.cdmx.gob.mx\/\"><span style=\"color: #d15021;\">https:\/\/www.iapa.cdmx.gob.mx\/<\/span><\/a><\/span><\/span><\/strong><\/em><\/h3>\n<p><span style=\"color: #d15021;\">&#8211; &#8211; &#8211;<\/span><\/p>\n<p><a href=\"https:\/\/salud.nih.gov\/preguntele-a-carla\/me-gustaria-dejar-de-consumir-drogas-donde-puedo-obtener-ayuda\"><img decoding=\"async\" loading=\"lazy\" class=\"size-full wp-image-7395 alignleft\" src=\"http:\/\/www.ceadin.org\/b\/wp-content\/uploads\/2023\/09\/nih-salud-logo.png\" alt=\"\" width=\"300\" height=\"46\" \/><\/a><\/p>\n<p>&nbsp;<\/p>\n<p><span style=\"color: #008080;\">Me gustar\u00eda dejar de consumir drogas. \u00bfD\u00f3nde puedo obtener ayuda?<\/span><\/p>\n<p><span style=\"color: #008080;\">\u00a1Reconocer que tiene un problema de adicci\u00f3n y buscar ayuda son dos pasos valientes hacia una vida mejor! Pero el proceso de tratamiento puede ser abrumador si no sabe por d\u00f3nde empezar o qu\u00e9 esperar de \u00e9l. Cada persona que lucha contra la adicci\u00f3n a las drogas necesita un programa de tratamiento que se adapte a sus necesidades.<\/span><\/p>\n<p><span style=\"color: #008080;\">El Instituto Nacional sobre el Abuso de Drogas (NIDA por sus siglas en ingl\u00e9s) ofrece una gu\u00eda titulada Principios de tratamientos para la drogadicci\u00f3n: una gu\u00eda basada en las investigaciones, la cual contiene recursos e informaci\u00f3n para ayudar a quienes podr\u00edan tener un problema de consumo de drogas o alcohol. Adem\u00e1s de esta gu\u00eda, existen numerosos recursos en l\u00ednea para ayudar a encontrar un programa local y brindar apoyo a quienes sufren de adicci\u00f3n a las drogas:<\/span><\/p>\n<p><span style=\"color: #008080;\">La Administraci\u00f3n de Servicios de Abuso de Sustancias y Salud Mental (SAMHSA por sus siglas en ingl\u00e9s) del Departamento de Salud y Servicios Humanos de los Estados Unidos ofrece una amplia lista de centros de tratamiento para la adicci\u00f3n al alcohol y a las drogas debidamente habilitados y certificados. Llame a la l\u00ednea de ayuda telef\u00f3nica 1-800-662-4357 para que lo ayuden a encontrar un centro de tratamiento en su localidad. Presione el n\u00famero 2 para hablar en espa\u00f1ol.<\/span><br \/>\n<span style=\"color: #008080;\">\u00b7La Red Nacional de Prevenci\u00f3n del Suicidio (1- 888-628-9454) ofrece mucho m\u00e1s que ayuda para prevenir el suicidio. Tambi\u00e9n brinda asistencia sobre otros temas, entre ellos, el abuso del alcohol y las drogas, y puede ponerle en contacto con un profesional cercano. Presione el n\u00famero 2 para hablar en espa\u00f1ol.<\/span><\/p>\n<p><span style=\"color: #d15021;\">&#8211; &#8211; &#8211;<\/span><\/p>\n<h4><em><span style=\"color: #d15021;\">Reencontr\u00e1ndome:<\/span><\/em><br \/>\n<em><span style=\"color: #d15021;\"><a style=\"color: #d15021;\" href=\"https:\/\/reencontrandome.com\/landing\/\"><span style=\"color: #008080;\">https:\/\/reencontrandome.com\/landing\/<\/span><\/a><\/span><\/em><br \/>\n<em><span style=\"color: #008080;\"><a class=\"sVXRqc\" style=\"color: #008080;\" href=\"https:\/\/www.googleadservices.com\/pagead\/aclk?sa=L&amp;ai=DChcSEwjQ1IH2kZ6BAxWWDK0GHSPmBNUYABABGgJwdg&amp;gclid=CjwKCAjwr_CnBhA0EiwAci5silJzXiVl3QDIorEzhUxoycnNBGtGvcT8MeZ-yAwmRMk6Y3BMm6F1XBoCEwsQAvD_BwE&amp;ohost=www.google.com&amp;cid=CAESbeD2DOrhssscIOX5AlFKbo_TPBAQ9Dew0sALvu2EHBa195dngU7FJ0USJsWP3NCft_ZMiJ3Cy5kjnRYViJOj3jzgaQPWVW6uvs0f0BrW78zjpyLdcVvjc69jeLezcQkHfCwDK5gUDG7n1BZVG_o&amp;sig=AOD64_3HlRNJxGdacgVQ9CS1Y5U6E_beqg&amp;q&amp;adurl&amp;ved=2ahUKEwjp0Pr1kZ6BAxXqIEQIHT2mCSMQ0Qx6BAgIEAE&amp;nis=8\" data-agch=\"HJ3bqe\" data-impdclcc=\"1\" data-pcu=\"https:\/\/reencontrandome.com\/\" data-agdh=\"fvd3vc\" data-rw=\"https:\/\/www.googleadservices.com\/pagead\/aclk?sa=L&amp;ai=DChcSEwjQ1IH2kZ6BAxWWDK0GHSPmBNUYABABGgJwdg&amp;gclid=CjwKCAjwr_CnBhA0EiwAci5silJzXiVl3QDIorEzhUxoycnNBGtGvcT8MeZ-yAwmRMk6Y3BMm6F1XBoCEwsQAvD_BwE&amp;ohost=www.google.com&amp;cid=CAESbeD2DOrhssscIOX5AlFKbo_TPBAQ9Dew0sALvu2EHBa195dngU7FJ0USJsWP3NCft_ZMiJ3Cy5kjnRYViJOj3jzgaQPWVW6uvs0f0BrW78zjpyLdcVvjc69jeLezcQkHfCwDK5gUDG7n1BZVG_o&amp;sig=AOD64_3HlRNJxGdacgVQ9CS1Y5U6E_beqg&amp;q&amp;adurl\" data-al=\"1\" data-ved=\"2ahUKEwjp0Pr1kZ6BAxXqIEQIHT2mCSMQ0Qx6BAgIEAE\">Asesoria Gratuita &#8211; Atenci\u00f3n las 24 hrs &#8211; Juntos Podemos Lograrlo<\/a><\/span><\/em><\/h4>\n<div>\n<div class=\"dnXCYb\" tabindex=\"0\" role=\"button\" aria-controls=\"_9bb8ZKmCK-rBkPIPvcymmAI_35\" aria-expanded=\"true\" data-hveid=\"CBcQAQ\">\n<div class=\"L3Ezfd\" data-ved=\"2ahUKEwjp0Pr1kZ6BAxXqIEQIHT2mCSMQuk56BAgXEAI\"><\/div>\n<\/div>\n<\/div>\n<p>&nbsp;<\/p><\/blockquote>\n<\/blockquote>\n","protected":false},"excerpt":{"rendered":"<p>\u2014 Mascaras de la Depresi\u00f3n \u2014 &#8211; Drogadicci\u00f3n &#8211; \u00bfUna mascara para ocultar la depresi\u00f3n? Drogadicci\u00f3n: Las personas se sienten incapaces de resolver situaciones en su vida, provienen de familias disfuncionales, sufren falta de amor (no se sienten queridos), abandonados (los padres nunca los nutren de seguridad, padres ausentes) y eligen desesperadamente como \u00fanico camino, [&hellip;]<\/p>\n","protected":false},"author":2,"featured_media":0,"parent":0,"menu_order":0,"comment_status":"closed","ping_status":"closed","template":"","meta":[],"_links":{"self":[{"href":"https:\/\/www.ceadin.org\/b\/wp-json\/wp\/v2\/pages\/1962"}],"collection":[{"href":"https:\/\/www.ceadin.org\/b\/wp-json\/wp\/v2\/pages"}],"about":[{"href":"https:\/\/www.ceadin.org\/b\/wp-json\/wp\/v2\/types\/page"}],"author":[{"embeddable":true,"href":"https:\/\/www.ceadin.org\/b\/wp-json\/wp\/v2\/users\/2"}],"replies":[{"embeddable":true,"href":"https:\/\/www.ceadin.org\/b\/wp-json\/wp\/v2\/comments?post=1962"}],"version-history":[{"count":0,"href":"https:\/\/www.ceadin.org\/b\/wp-json\/wp\/v2\/pages\/1962\/revisions"}],"wp:attachment":[{"href":"https:\/\/www.ceadin.org\/b\/wp-json\/wp\/v2\/media?parent=1962"}],"curies":[{"name":"wp","href":"https:\/\/api.w.org\/{rel}","templated":true}]}}