{"id":1522,"date":"2016-06-19T17:13:26","date_gmt":"2016-06-19T17:13:26","guid":{"rendered":"http:\/\/www.ceadin.org\/b\/?page_id=1522"},"modified":"2023-01-08T18:10:11","modified_gmt":"2023-01-08T18:10:11","slug":"trastorno-obsesivo-compulsivo-toc","status":"publish","type":"page","link":"https:\/\/www.ceadin.org\/b\/trastorno-obsesivo-compulsivo-toc\/","title":{"rendered":"Trastorno Obsesivo Compulsivo: TOC (Ejercicios)"},"content":{"rendered":"<blockquote>\n<blockquote>\n<blockquote>\n<h3 style=\"text-align: center;\"><span style=\"color: #800080;\"><em><strong><br \/>\n<span style=\"color: #12c782;\">Que hacer con los pensamientos obsesivos..?<\/span><\/strong><\/em><\/span><\/h3>\n<h3 style=\"text-align: center;\"><span style=\"color: #800080;\"><em><span style=\"color: #808000;\"><strong><span style=\"color: #c246e8;\">Si estas en tratamiento m\u00e9dico, sigue las instrucciones de tu m\u00e9dico, <\/span><span style=\"color: #c246e8;\">teniendo en cuenta que, para estar con<\/span> <span style=\"color: #12c782;\"><br \/>\n&#8211; Pensamientos Obsesivos TOC &#8211;<\/span><br \/>\n<span style=\"color: #c246e8;\">deber\u00e1s estar tratada por un m\u00e9dico psiquiatra.<\/span><\/strong><\/span><br \/>\n<\/em><\/span><\/h3>\n<h3 style=\"text-align: center;\"><a href=\"http:\/\/www.ceadin.org\/b\/wp-content\/uploads\/2017\/04\/Cassandra-Barney-23.jpeg\"><img decoding=\"async\" loading=\"lazy\" class=\"aligncenter wp-image-2863\" src=\"http:\/\/www.ceadin.org\/b\/wp-content\/uploads\/2017\/04\/Cassandra-Barney-23.jpeg\" alt=\"Cassandra Barney (23)\" width=\"750\" height=\"566\" srcset=\"https:\/\/www.ceadin.org\/b\/wp-content\/uploads\/2017\/04\/Cassandra-Barney-23.jpeg 899w, https:\/\/www.ceadin.org\/b\/wp-content\/uploads\/2017\/04\/Cassandra-Barney-23-300x226.jpeg 300w, https:\/\/www.ceadin.org\/b\/wp-content\/uploads\/2017\/04\/Cassandra-Barney-23-768x579.jpeg 768w, https:\/\/www.ceadin.org\/b\/wp-content\/uploads\/2017\/04\/Cassandra-Barney-23-619x467.jpeg 619w\" sizes=\"(max-width: 750px) 100vw, 750px\" \/><\/a><span style=\"color: #808000;\"><em><strong><span style=\"color: #c246e8;\">Cuando notes que en tu mente se<br \/>\nrepiten los mismos pensamientos, una y otra vez y te hacen sufrir,<br \/>\ntener miedo o sentimientos de culpa, recurriremos<br \/>\na los siguientes ejercicios.<\/span><br \/>\n<\/strong><\/em><\/span><\/h3>\n<h3 style=\"text-align: center;\"><span style=\"color: #808000;\"><em><strong><span style=\"color: #c246e8;\">Para que el pensamiento no te lleve<\/span><br \/>\n<span style=\"color: #c246e8;\">cada vez a la misma situaci\u00f3n y te haga sufrir, vamos a <\/span><span style=\"color: #d6460d;\"><br \/>\n<span style=\"color: #12c782;\">-DECIDIR-<\/span><\/span><br \/>\n<\/strong><\/em><\/span><\/h3>\n<h3 style=\"text-align: center;\"><span style=\"color: #d6460d;\"><em><strong><span style=\"color: #12c782;\">HABLAR EN VOZ ALTA, CADA<\/span><br \/>\n<span style=\"color: #12c782;\"> UNA DE LAS COSAS QUE ESTEMOS HACIENDO.!<\/span><br \/>\n<\/strong><\/em><\/span><\/h3>\n<h4 style=\"text-align: left;\"><em><strong><span style=\"color: #12c782;\">Decir:<\/span><br \/>\n<span style=\"color: #c246e8;\">Estoy sentada, voy a pararme, muevo mi pierna derecha hac\u00eda fuera de la silla, tomo impulso para que mis piernas me levanten, camino hacia la cocina, primero muevo la pierna derecha y luego la izquierda y voy a preparar la comida, tomo con mi mano derecha la puerta donde est\u00e1n las cacerolas y elijo una, y con la mano derecha aprieto los dedos de mi mano y saco la cacerola que eleg\u00ed, subo mi brazo hasta poner la cacerola en la hornilla de la estufa\u2026. y as\u00ed sucesivamente sigo hablando en voz alta diciendo todo lo que voy haciendo..<\/span><\/strong><\/em><\/h4>\n<blockquote>\n<h4><em><strong><span style=\"color: #12c782;\">Decir:<\/span><br \/>\n<span style=\"color: #c246e8;\">Voy al trabajo, me dispongo a salir de casa, saco las llaves para encender el auto, selecciono cual llave es la correcta, entro al auto, me siento, meto la llave en el encendido, acomodo los espejos, me pongo el cintur\u00f3n de seguridad, enciendo el auto, arranco, tomo el volante y aseguro mis pies, uno en el acelerador y otro en el freno, veo los espejos, arranco, etc, etc\u2026<\/span><\/strong><\/em><\/h4>\n<h3 style=\"text-align: center;\"><span style=\"color: #12c782;\"><em><strong>Esto es para distraer<br \/>\nla mente de los pensamientos obsesivos y percatarme<br \/>\nque estoy en aqu\u00ed y ahora.<\/strong><\/em><\/span><\/h3>\n<p style=\"text-align: center;\"><span style=\"color: #c246e8;\">&#8211; &#8211; &#8211; &#8211;<\/span><\/p>\n<h3 style=\"text-align: center;\"><span style=\"color: #12c782;\"><em><strong><span style=\"color: #c246e8;\">Otro ejercicio:<\/span><br \/>\nCambiar la forma como hacemos las cosas.<\/strong><\/em><\/span><\/h3>\n<h3 style=\"text-align: center;\"><span style=\"color: #c246e8;\"><em><strong>Este ejercicio es para estar<br \/>\nconsciente de nuestros actos y estar alerta.<br \/>\n<span style=\"color: #12c782;\">-DECIDIR-<\/span><\/strong><\/em><\/span><\/h3>\n<h3 style=\"text-align: center;\"><span style=\"color: #808000;\"><span style=\"color: #12c782;\">&#8211;<\/span><em><strong><span style=\"color: #12c782;\">ME PROPONGO HACER LAS COSAS AL REV\u00c9S-<\/span><br \/>\n<span style=\"color: #c246e8;\">DE COMO LAS HE HECHO DURANTE TODA MI VIDA INCONSCIENTEMENTE.<\/span><\/strong><\/em><\/span><\/h3>\n<h3><span style=\"color: #c246e8;\">&#8211;<em><strong>Si en la ma\u00f1ana siempre me he levantado del lado derecho de la cama, <span style=\"color: #12c782;\">ahora me propongo estar alerta y levantarme del lado izquierdo.<\/span><\/strong><\/em><\/span><\/h3>\n<h3><span style=\"color: #c246e8;\">&#8211;<em><strong>Si me voy a ba\u00f1ar y siempre abro la llave<br \/>\ndel agua caliente primero , <span style=\"color: #12c782;\">ahora abro la fr\u00eda primero que la caliente.<\/span><br \/>\n<\/strong><\/em><\/span><\/h3>\n<h3><span style=\"color: #c246e8;\"><em><strong>-Si siempre la abro con la mano derecha,<br \/>\n<span style=\"color: #12c782;\">ahora me propongo abrirla con la mano izquierda.<\/span><\/strong><\/em><\/span><\/h3>\n<h3><span style=\"color: #c246e8;\">&#8211;<em><strong>Si me meto a la regadera con el pie<br \/>\nderecho,<span style=\"color: #12c782;\"> ahora me propongo entrar con el pie izquierdo.<\/span><\/strong><\/em><\/span><\/h3>\n<h3><span style=\"color: #c246e8;\">&#8211;<em><strong>Si siempre me lavo la cabeza primero,<br \/>\n<span style=\"color: #12c782;\">ahora me propongo empezar a lavar los pies.<\/span><\/strong><\/em><\/span><\/h3>\n<h3><span style=\"color: #c246e8;\">&#8211;<em><strong>Si siempre me seco primero la cabeza,<br \/>\n<span style=\"color: #12c782;\">ahora me propongo secarme primero los pies.<\/span><\/strong><\/em><\/span><\/h3>\n<h3><span style=\"color: #c246e8;\">&#8211;<em><strong>Y as\u00ed su<span style=\"color: #c246e8;\">cesivamente hacerlo todo al rev\u00e9s.<\/span><\/strong><\/em><\/span><\/h3>\n<p style=\"text-align: center;\"><span style=\"color: #c246e8;\">&#8211; &#8211; &#8211; &#8211;<\/span><\/p>\n<h3 style=\"text-align: center;\"><span style=\"color: #808000;\"><em><strong><span style=\"color: #c246e8;\">Otro ejercicio:<\/span><br \/>\n<span style=\"color: #c246e8;\">Si los pensamientos son<\/span><br \/>\n<span style=\"color: #12c782;\">verdaderamente atormentadores, haremos lo siguiente:<\/span><\/strong><\/em><\/span><\/h3>\n<h3><span style=\"color: #808000;\"><em><strong><span style=\"color: #12c782;\">Tendremos que acudir a una forma muy dr\u00e1stica,<\/span> <span style=\"color: #c246e8;\">(s\u00ed es verdad, aunque te pueda parecer algo chistoso, verdaderamente dan buen resultado).<\/span><\/strong><\/em><\/span><\/h3>\n<h3 style=\"text-align: center;\"><span style=\"color: #c246e8;\"><em><strong><em><strong>Ejemplos: <span style=\"color: #12c782;\">(tu puedes decidir lo que <span style=\"color: #c246e8;\">-te haga sentir mas complicado, de eso se trata-,<\/span> de sacarte ese pensamiento que no te deja estar en paz, asegurate que todo se haga haciendo el ruido que supone hacer el ejercicio)<\/span><\/strong><\/em><\/strong><\/em><\/span><\/h3>\n<h3><span style=\"color: #c246e8;\"><em><strong><em><strong><em><strong>1.-Silbaremos p.ejem., el Himno Nacional de alg\u00fan pa\u00eds o la canci\u00f3n o melod\u00eda que prefieras repetidamente, hasta corregir el pensamiento obsesivo, o..<\/strong><\/em><\/strong><\/em><\/strong><\/em><\/span><\/h3>\n<h3><span style=\"color: #c246e8;\"><em><strong><em><strong><em><strong>2.-Tararearemos, alguna canci\u00f3n que nos guste,<br \/>\nrepetidamente las veces que sea necesario, o..<\/strong><\/em><\/strong><\/em><\/strong><\/em><\/span><\/h3>\n<h3><span style=\"color: #c246e8;\"><em><strong><em><strong>3.-Echaremos trompetillas de alguna porra<br \/>\ndel fut bol, hasta corregir el pensamiento obsesivo, o..<\/strong><\/em><\/strong><\/em><\/span><\/h3>\n<h3><span style=\"color: #c246e8;\"><em><strong><em><strong>4.-Daremos marometas en el suelo, o..<\/strong><\/em><\/strong><\/em><\/span><\/h3>\n<h3><span style=\"color: #c246e8;\"><em><strong>5.-Subiremos y bajaremos varias veces<br \/>\nlas escaleras, contando los escalones en voz alta.<\/strong><\/em><\/span><\/h3>\n<h3><span style=\"color: #12c782;\"><em><strong>Todo esto lo he puesto en pr\u00e1ctica conmigo y con algunas de las personas que por mas de 28 a\u00f1os han transitado por el Centro Ceadin y que han dicho que los pensamientos obsesivos no las dejan en paz.<\/strong><\/em><\/span><br \/>\n<em><strong><br \/>\n<span style=\"color: #c246e8;\">V\u00e9ase:<\/span><br \/>\n<a href=\"http:\/\/www.ceadin.org\/b\/2009\/10\/15\/a-quien-escucho\/\"><span style=\"color: #c246e8;\"> Escrito No. 2. \u00bfA qui\u00e9n escucho?<\/span><\/a><\/strong><\/em><\/h3>\n<h3><em><span style=\"color: #c246e8;\"><strong>Escrito No.<span style=\"color: #c246e8;\"><a style=\"color: #c246e8;\" href=\"http:\/\/www.ceadin.org\/b\/2009\/10\/22\/las-voces-del-mundo\/\"> 3. Las voces del mundo<\/a><\/span><\/strong><\/span><\/em><\/h3>\n<h3 style=\"text-align: center;\"><span style=\"color: #c246e8;\"><em><strong>Los pensamientos obsesivos<br \/>\nnos quitan la paz y nos hacen sufrir.<\/strong><\/em><\/span><\/h3>\n<h3 style=\"text-align: center;\"><span style=\"color: #12c782;\"><em><strong>Recordemos que:<\/strong><\/em><\/span><br \/>\n<span style=\"color: #12c782;\"> <em> <strong> Los pensamientos, <\/strong><\/em><em><strong>que piensas, que piensas,<\/strong><\/em><\/span><br \/>\n<span style=\"color: #12c782;\"> <em> <strong> no los piensas, los escuchas..!<\/strong><\/em><\/span><\/h3>\n<\/blockquote>\n<p><em><span style=\"color: #12c782;\">Artista-Cassandra Barney<\/span><\/em><\/p>\n<h4><span style=\"color: #008080;\"><em><strong>Busque ayuda inmediatamente si:<\/strong><\/em><em><strong><br \/>\nSe siente abrumado.<\/strong><\/em><\/span><br \/>\n<span style=\"color: #008080;\"><em><strong>\u2028Est\u00e1 pensando en hacerse da\u00f1o o en da\u00f1ar a otra persona.<\/strong><\/em><\/span><br \/>\n<span style=\"color: #008080;\"><em><strong>Es incapaz de controlar su comportamiento.<\/strong><\/em><\/span><br \/>\n<span style=\"color: #008080;\"><em><strong>Tiene otros s\u00edntomas muy angustiantes de trastorno<\/strong><\/em><\/span><br \/>\n<span style=\"color: #008080;\"><em><strong>de estr\u00e9s postraum\u00e1tico.<\/strong><\/em><\/span><\/h4>\n<h4><span style=\"color: #ff00ff;\"><em><strong>EN CASO NECESARIO:<\/strong><\/em><\/span><br \/>\n<span style=\"color: #ff00ff;\"><em><strong>Llame a su m\u00e9dico.<\/strong><\/em><\/span><br \/>\n<span style=\"color: #ff00ff;\"><em><strong>Llame al 911 para servicios de emergencia\u2028 o vaya<\/strong><\/em><\/span><br \/>\n<span style=\"color: #ff00ff;\"><em><strong>a la sala de emergencias m\u00e1s cercana.<\/strong><\/em><\/span><br \/>\n<span style=\"color: #ff00ff;\"><em><strong>En un caso de emergencia, puede llamar a:<\/strong><\/em><\/span><br \/>\n<span style=\"color: #ff00ff;\"><em><strong>SAPTEL \u201cSistema Nacional de Apoyo, Consejo \u2028Psicol\u00f3gico<\/strong><\/em><\/span><br \/>\n<span style=\"color: #ff00ff;\"><em><strong>e Intervenci\u00f3n en Crisis por Tel\u00e9fono\u201d<\/strong><\/em><\/span><br \/>\n<span style=\"color: #ff00ff;\"><em><strong>(Cruz Roja Mexicana\u2013 24 Hrs.) sin costo<\/strong><\/em><\/span><\/h4>\n<h4><span style=\"color: #ff00ff;\"><em><strong>SAPTEL<\/strong><\/em><\/span><br \/>\n<span style=\"color: #ff00ff;\"><em><strong>Av M\u00e9xico #37, Hip\u00f3dromo,<\/strong><\/em><\/span><br \/>\n<span style=\"color: #ff00ff;\"><em><strong>Cuauht\u00e9moc, Ciudad de M\u00e9xico.<\/strong><\/em><\/span><br \/>\n<span style=\"color: #ff00ff;\"><em><strong>Tel\u00e9fono:(55) 52598121<br \/>\nE-mail: <a class=\"col1\" style=\"color: #ff00ff;\" href=\"https:\/\/www.saptel.org.mx\/contacto.html#\">saptel.crlyc@gmail.com<\/a><\/strong><\/em><\/span><\/h4>\n<\/blockquote>\n<\/blockquote>\n<\/blockquote>\n","protected":false},"excerpt":{"rendered":"<p>Que hacer con los pensamientos obsesivos..? Si estas en tratamiento m\u00e9dico, sigue las instrucciones de tu m\u00e9dico, teniendo en cuenta que, para estar con &#8211; Pensamientos Obsesivos TOC &#8211; deber\u00e1s estar tratada por un m\u00e9dico psiquiatra. Cuando notes que en tu mente se repiten los mismos pensamientos, una y otra vez y te hacen sufrir, [&hellip;]<\/p>\n","protected":false},"author":2,"featured_media":0,"parent":0,"menu_order":0,"comment_status":"closed","ping_status":"closed","template":"","meta":[],"_links":{"self":[{"href":"https:\/\/www.ceadin.org\/b\/wp-json\/wp\/v2\/pages\/1522"}],"collection":[{"href":"https:\/\/www.ceadin.org\/b\/wp-json\/wp\/v2\/pages"}],"about":[{"href":"https:\/\/www.ceadin.org\/b\/wp-json\/wp\/v2\/types\/page"}],"author":[{"embeddable":true,"href":"https:\/\/www.ceadin.org\/b\/wp-json\/wp\/v2\/users\/2"}],"replies":[{"embeddable":true,"href":"https:\/\/www.ceadin.org\/b\/wp-json\/wp\/v2\/comments?post=1522"}],"version-history":[{"count":0,"href":"https:\/\/www.ceadin.org\/b\/wp-json\/wp\/v2\/pages\/1522\/revisions"}],"wp:attachment":[{"href":"https:\/\/www.ceadin.org\/b\/wp-json\/wp\/v2\/media?parent=1522"}],"curies":[{"name":"wp","href":"https:\/\/api.w.org\/{rel}","templated":true}]}}