{"id":1508,"date":"2016-06-18T19:55:37","date_gmt":"2016-06-18T19:55:37","guid":{"rendered":"http:\/\/www.ceadin.org\/b\/?page_id=1508"},"modified":"2022-11-28T16:36:05","modified_gmt":"2022-11-28T16:36:05","slug":"como-se-genera-una-crisis","status":"publish","type":"page","link":"https:\/\/www.ceadin.org\/b\/como-se-genera-una-crisis\/","title":{"rendered":"\u00bfComo se genera una crisis?"},"content":{"rendered":"<blockquote>\n<blockquote>\n<h3 style=\"text-align: center;\"><em><strong><span style=\"color: #800080;\"><br \/>\n<span style=\"color: #008080;\">Para tener una <span style=\"color: #7a0ecc;\">-CRISIS-, <\/span>nuestro cerebro<\/span><\/span><br \/>\n<span style=\"color: #ba38cf;\"><span style=\"color: #008080;\"> tiene que hacer determinadas cosas:<a href=\"http:\/\/www.ceadin.org\/b\/wp-content\/uploads\/2022\/11\/Ewa-Lanrecz-11-e1669468162113.jpg\"><img decoding=\"async\" loading=\"lazy\" class=\"alignright wp-image-6802 size-full\" src=\"http:\/\/www.ceadin.org\/b\/wp-content\/uploads\/2022\/11\/Ewa-Lanrecz-11-e1669653351365.jpg\" alt=\"\" width=\"600\" height=\"674\" srcset=\"https:\/\/www.ceadin.org\/b\/wp-content\/uploads\/2022\/11\/Ewa-Lanrecz-11-e1669653351365.jpg 600w, https:\/\/www.ceadin.org\/b\/wp-content\/uploads\/2022\/11\/Ewa-Lanrecz-11-e1669653351365-267x300.jpg 267w\" sizes=\"(max-width: 600px) 100vw, 600px\" \/><\/a><\/span><\/span><\/strong><\/em><\/h3>\n<h3 style=\"text-align: center;\"><span style=\"color: #008000;\"><strong><em><span style=\"color: #808000;\">La crisis es el resultado de un proceso,<\/span><br \/>\n<span style=\"color: #808000;\">que se inicia poco a poco y acaba, al cabo de minutos,<\/span><br \/>\n<span style=\"color: #808000;\">horas o d\u00edas, con <\/span><span style=\"color: #7a0ecc;\">-la gran crisis-<\/span><\/em><\/strong><\/span><\/h3>\n<h3 style=\"text-align: center;\"><em><strong><span style=\"color: #808000;\">Para llegar a la crisis,<\/span><br \/>\n<span style=\"color: #800080;\"><span style=\"color: #808000;\"> el cerebro tiene que pasar por <\/span><span style=\"color: #7a0ecc;\">-todas las etapas-<\/span><\/span><\/strong><\/em><\/h3>\n<h3 style=\"text-align: center;\"><span style=\"color: #008080;\"><em><strong>Si el proceso se desv\u00eda,<br \/>\nsi va por rutas diferentes, no hay posibilidad de crisis.<\/strong><\/em><\/span><\/h3>\n<h3 style=\"text-align: left;\"><span style=\"color: #808000;\"><em><strong>El cerebro tiene su propio lenguaje, y si usamos ese lenguaje, las soluciones a los problemas son m\u00e1s f\u00e1ciles de lo que nos podemos imaginar.<\/strong><\/em><\/span><\/h3>\n<h3 style=\"text-align: left;\"><span style=\"color: #7a0ecc;\"><em><strong><a style=\"color: #7a0ecc;\" href=\"http:\/\/www.ceadin.org\/b\/trastorno-de-ansiedad\/\">La -Crisis de ansiedad- o Ataque de panico ver mas \u00bb,<\/a><br \/>\nes generada por <span style=\"text-decoration: underline;\">-miedos al futuro-.<\/span><\/strong><\/em><\/span><\/h3>\n<h3 style=\"text-align: center;\"><span style=\"color: #808000;\"><strong><em>En la mayor parte de<br \/>\nlos casos son pensamientos de este estilo.<\/em><\/strong><\/span><strong><em><br \/>\n<span style=\"color: #ba38cf;\"><br \/>\n<span style=\"color: #7a0ecc;\">\u00bfY si me pasa tal cosa?<\/span><\/span><br \/>\n<span style=\"color: #7a0ecc;\">\u00bfA ver si no me ocurre esto o aquello?<\/span><\/em><\/strong><\/h3>\n<h3 style=\"text-align: left;\"><span style=\"color: #808000;\"><em><strong>La clave fundamental, es conocer c\u00f3mo funciona nuestro cerebro, y saber sus mecanismos. <\/strong><\/em><\/span><\/h3>\n<h3 style=\"text-align: left;\"><span style=\"color: #808000;\"><em><strong>Imagina que alguien quiere hacer mover las aspas de un molino, el molino funcionar\u00e1 sin problemas si pones el rotor <\/strong><\/em><\/span><span style=\"color: #808000;\"><em><strong>en la direcci\u00f3n del agua o del viento, pero nunca lo har\u00e1 si te empe\u00f1as en ponerlo al rev\u00e9s.<\/strong><\/em><\/span><\/h3>\n<h3 style=\"text-align: center;\"><span style=\"color: #800080;\"><em><strong><span style=\"color: #008080;\">Con nuestro cerebro pasa lo mismo.<\/span><\/strong><\/em><\/span><\/h3>\n<h4 style=\"text-align: left;\"><span style=\"color: #808000;\"><em><strong>Nuestro cerebro es nuestro mejor aliado, siempre quiere lo mejor para nosotros, pero para que funcione bien, lo \u00fanico que tenemos que hacer, es <span style=\"color: #7a0ecc;\">-darle las instrucciones adecuadas-.<\/span><\/strong><\/em><\/span><\/h4>\n<h4 style=\"text-align: left;\"><span style=\"color: #808000;\"><em><strong>La ansiedad desaparece de forma autom\u00e1tica, en el momento en el que le damos instrucciones al cerebro de forma correcta, es decir, en su propio lenguaje. <\/strong><\/em><\/span><\/h4>\n<h3 style=\"text-align: center;\"><span style=\"color: #7a0ecc;\"><em><strong>Entender el lenguaje del cerebro,<br \/>\nes la base para llevar una vida sana y satisfactoria,<br \/>\nalejada de la ansiedad o del dolor.<\/strong><\/em><\/span><\/h3>\n<h3 style=\"text-align: center;\"><strong><span style=\"color: #333399;\"><em><span style=\"color: #7a0ecc;\">Revelaci\u00f3n:<\/span><br \/>\n<span style=\"color: #808000;\"> Te explico c\u00f3mo se genera una<br \/>\n<span style=\"color: #7a0ecc;\">-gran crisis de angustia o ansiedad-<\/span><br \/>\n(y tambi\u00e9n c\u00f3mo eliminarla para siempre)<\/span><\/em><\/span><\/strong><\/h3>\n<h4><span style=\"color: #808000;\"><strong><em>La crisis de angustia o ansiedad<span style=\"color: #7a0ecc;\"> (ataque de p\u00e1nico),<\/span> se caracteriza por la aparici\u00f3n aislada y temporal, <span style=\"color: #ba38cf;\"><span style=\"color: #7a0ecc;\">-de miedo o malestar, de car\u00e1cter intenso, que se acompa\u00f1a de alguno de los s\u00edntomas som\u00e1ticos o cognoscitivos de<\/span> <span style=\"color: #7a0ecc;\">la -Ansiedad o Ataque de Panico.<\/span><\/span><\/em><\/strong><\/span><\/h4>\n<ul>\n<li>\n<h3><span style=\"color: #808000;\"><em><strong>palpitaciones<\/strong><\/em><\/span><\/h3>\n<\/li>\n<li>\n<h3><span style=\"color: #008000;\"><em><strong><span style=\"color: #808000;\">sacudidas del coraz\u00f3n\u00a0<\/span><\/strong><\/em><\/span><\/h3>\n<\/li>\n<li>\n<h3><span style=\"color: #008000;\"><em><strong><span style=\"color: #808000;\">elevaci\u00f3n de la frecuencia cardiaca<\/span><\/strong><\/em><\/span><\/h3>\n<\/li>\n<li>\n<h3><span style=\"color: #008000;\"><em><strong><span style=\"color: #808000;\">sudoraci\u00f3n<\/span><\/strong><\/em><\/span><\/h3>\n<\/li>\n<li>\n<h3><span style=\"color: #808000;\"><em><strong>temblores\u00a0 <\/strong><\/em><\/span><\/h3>\n<\/li>\n<li>\n<h3><span style=\"color: #008000;\"><em><strong><span style=\"color: #808000;\">sacudidas<\/span><\/strong><\/em><\/span><\/h3>\n<\/li>\n<li>\n<h3><span style=\"color: #008000;\"><em><strong><span style=\"color: #808000;\">sensaci\u00f3n de ahogo<\/span><\/strong><\/em><\/span><\/h3>\n<\/li>\n<li>\n<h3><span style=\"color: #808000;\"><em><strong>falta de aliento <\/strong><\/em><\/span><\/h3>\n<\/li>\n<li>\n<h3><span style=\"color: #008000;\"><em><strong><span style=\"color: #808000;\">sensaci\u00f3n de atragantarse<\/span><\/strong><\/em><\/span><\/h3>\n<\/li>\n<li>\n<h3><span style=\"color: #008000;\"><em><strong><span style=\"color: #808000;\">opresi\u00f3n<\/span><\/strong><\/em><\/span><\/h3>\n<\/li>\n<li>\n<h3><span style=\"color: #008000;\"><em><strong><span style=\"color: #808000;\">malestar tor\u00e1cico<\/span><\/strong><\/em><\/span><\/h3>\n<\/li>\n<li>\n<h3><span style=\"color: #008000;\"><em><strong><span style=\"color: #808000;\">n\u00e1useas<\/span><\/strong><\/em><\/span><\/h3>\n<\/li>\n<li>\n<h3><span style=\"color: #008000;\"><em><strong><span style=\"color: #808000;\">molestias abdominales<\/span><\/strong><\/em><\/span><\/h3>\n<\/li>\n<li>\n<h3><span style=\"color: #008000;\"><em><strong><span style=\"color: #808000;\">inestabilidad<\/span><\/strong><\/em><\/span><\/h3>\n<\/li>\n<li>\n<h3><span style=\"color: #008000;\"><em><strong><span style=\"color: #808000;\">mareo<\/span><\/strong><\/em><\/span><\/h3>\n<\/li>\n<li>\n<h3><span style=\"color: #808000;\"><em><strong>desmayo <\/strong><\/em><\/span><\/h3>\n<\/li>\n<li>\n<h3><span style=\"color: #808000;\"><em><strong>sensaci\u00f3n de irrealidad\u00a0 <\/strong><\/em><\/span><\/h3>\n<\/li>\n<li>\n<h3><span style=\"color: #808000;\"><em><strong>despersonalizaci\u00f3n -estar separado de uno mismo- <\/strong><\/em><\/span><\/h3>\n<\/li>\n<li>\n<h3><span style=\"color: #008000;\"><em><strong><span style=\"color: #808000;\">miedo a perder el control<\/span><\/strong><\/em><\/span><\/h3>\n<\/li>\n<li>\n<h3><span style=\"color: #008000;\"><em><strong><span style=\"color: #808000;\">volverse loco<\/span><\/strong><\/em><\/span><\/h3>\n<\/li>\n<li>\n<h3><span style=\"color: #808000;\"><em><strong>miedo a morir <\/strong><\/em><\/span><\/h3>\n<\/li>\n<li>\n<h3><span style=\"color: #008000;\"><em><strong><span style=\"color: #808000;\">parestesias -entumecimiento u hormigueo-<\/span><\/strong><\/em><\/span><\/h3>\n<\/li>\n<li>\n<h3><span style=\"color: #808000;\"><em><strong>escalofr\u00edos\u00a0 <\/strong><\/em><\/span><\/h3>\n<\/li>\n<li>\n<h3><span style=\"color: #808000;\"><em><strong>sofocaciones<\/strong><\/em><\/span><\/h3>\n<\/li>\n<\/ul>\n<h3 style=\"text-align: left;\"><span style=\"color: #7a0ecc;\"><strong><em><span style=\"text-decoration: underline;\">La crisis se inicia de forma brusca, y alcanza su m\u00e1xima expresi\u00f3n con rapidez-.!<\/span> (habitualmente en diez minutos o menos)<span style=\"text-decoration: underline;\">, acompa\u00f1\u00e1ndose a menudo de una:<br \/>\n<\/span><\/em><\/strong><\/span><\/h3>\n<h3 style=\"text-align: center;\"><span style=\"color: #7a0ecc;\"><strong><em><span style=\"text-decoration: underline;\">-SENSACI\u00d3N DE -PELIGRO O DE MUERTE INMINENTE-<br \/>\ny de una<br \/>\n-URGENTE NECESIDAD DE ESCAPAR..!!<\/span><\/em><\/strong><\/span><\/h3>\n<h4><strong><span style=\"color: #333399;\"><em><span style=\"color: #808000;\">Es decir,<\/span><span style=\"text-decoration: underline; color: #7a0ecc;\"> -falsa angina de pecho-, <\/span><span style=\"color: #808000;\">ya que sus s\u00edntomas son muy parecidos y llenan de personas con esta dolencia, las consultas de urgencia de los hospitales.<\/span><\/em><\/span><\/strong><\/h4>\n<h4><strong><span style=\"color: #ff0000;\"><em><span style=\"text-decoration: underline; color: #7a0ecc;\">La verdad es que no es f\u00e1cil tener un ataque de p\u00e1nico, <\/span><span style=\"color: #808000;\">si uno no sabe exactamente c\u00f3mo producirlo, pero <\/span><span style=\"color: #7a0ecc;\"><span style=\"text-decoration: underline;\">existen muchas personas que han aprendido r\u00e1pidamente la t\u00e9cnica,<\/span> y se han convertido en verdaderos expertos-, llenando su vida de miedos y malestar.<\/span><\/em><\/span><\/strong><\/h4>\n<h3 style=\"text-align: center;\"><strong><span style=\"color: #800080;\"><em><span style=\"color: #808000;\">Esto les lleva a orientar toda su vida a evitar<\/span><br \/>\n<span style=\"color: #808000;\"> que vuelva a ocurrir, a tener:<\/span><br \/>\n<span style=\"text-decoration: underline; color: #7a0ecc;\">-miedo al miedo- y provocar, as\u00ed, -nuevos ataques.!-<\/span><\/em><\/span><\/strong><\/h3>\n<h4 style=\"text-align: left;\"><strong><span style=\"color: #333399;\"><em><span style=\"color: #808000;\">Las crisis de angustia suelen ser recurrentes, <\/span><span style=\"color: #808000;\">ya que esas personas tienen tendencia a <\/span><span style=\"text-decoration: underline; color: #7a0ecc;\">malinterpretar las se\u00f1ales <\/span><span style=\"color: #808000;\">fisiol\u00f3gicas normales, que continuamente <\/span><span style=\"color: #808000;\">nos est\u00e1 enviando nuestro cuerpo.<\/span><\/em><\/span><\/strong><\/h4>\n<h4 style=\"text-align: left;\"><span style=\"color: #808000;\"><strong><em>Nuestro cuerpo est\u00e1 vivo, la sangre circula, los pelos crecen, los \u00f3rganos mantienen una actividad casi continua\u2026<\/em><\/strong><\/span><\/h4>\n<h4 style=\"text-align: left;\"><strong><span style=\"color: #333399;\"><em><span style=\"color: #808000;\">Y eso hace que permanentemente tengamos <\/span><span style=\"text-decoration: underline; color: #008080;\">-sensaciones corporales-: <\/span><span style=\"color: #808000;\"><span style=\"text-decoration: underline;\">Nos pica y nos rascamos, sentimos un piquete y nos cambiamos de postura, <\/span><span style=\"text-decoration: underline;\">notamos un hormigueo y desentumecemos esa zona.<\/span><\/span><\/em><\/span><\/strong><\/h4>\n<h4 style=\"text-align: left;\"><strong><span style=\"color: #333399;\"><em><span style=\"color: #808000;\">Las personas que han tenido una crisis de angustia no hacen eso:<\/span><br \/>\n<span style=\"color: #7a0ecc;\"><span style=\"text-decoration: underline;\">Si les pica se dedican a observar la picaz\u00f3n-, <\/span><span style=\"text-decoration: underline;\">si tienen un pinchazo comienzan a pensar en lo peor, si tienen un <\/span><span style=\"text-decoration: underline;\">hormigueo se centran en \u00e9l, por lo que los s\u00edntomas van aumentando y aumentando\u2026 hasta que se hacen insoportables.!<\/span><\/span><\/em><\/span><\/strong><\/h4>\n<h3 style=\"text-align: center;\"><span style=\"color: #800080;\"><strong><em><span style=\"color: #808000;\">\u00bfC\u00f3mo es la estrategia t\u00edpica de una crisis de angustia.?<\/span><br \/>\n<span style=\"color: #808000;\">Suele ser algo parecido a esto:<\/span><br \/>\n<\/em><\/strong><\/span><\/h3>\n<h3 style=\"text-align: center;\"><span style=\"color: #800080;\"><strong><em><span style=\"text-decoration: underline; color: #808000;\">1.-Pensamiento auditivo interno:<\/span><br \/>\n<span style=\"text-decoration: underline; color: #7a0ecc;\"> \u00abYa empieza, ya estoy como siempre\u2026\u00bb<\/span><br \/>\n<\/em><\/strong><\/span><\/h3>\n<h3 style=\"text-align: center;\"><strong><span style=\"color: #ff0000;\"><em><span style=\"color: #808000;\">2.-Sensaci\u00f3n:<\/span><br \/>\n<span style=\"text-decoration: underline; color: #7a0ecc;\">La persona escanea todo su cuerpo buscando<\/span><br \/>\n<span style=\"text-decoration: underline; color: #7a0ecc;\"> s\u00edntomas que le confirmen el ataque.<\/span><\/em><\/span><\/strong><\/h3>\n<h3 style=\"text-align: center;\"><span style=\"color: #808000;\"><strong><em>El tratamiento de la crisis<br \/>\nde angustia se inicia cambiando esta estrategia:<\/em><\/strong><\/span><\/h3>\n<h3 style=\"text-align: center;\"><em><strong><span style=\"color: #333399;\"><span style=\"color: #008080;\">Primero:<\/span><br \/>\n<span style=\"text-decoration: underline; color: #808000;\">Podemos comenzar,<\/span><br \/>\n<span style=\"text-decoration: underline; color: #808000;\"> examinando las caracter\u00edsticas del mensaje auditivo,<\/span><br \/>\n<span style=\"text-decoration: underline; color: #7a0ecc;\">-Creo que me falta el aire-<\/span><br \/>\n<span style=\"text-decoration: underline; color: #ba38cf;\"><span style=\"color: #808000; text-decoration: underline;\">e introduciendo y automatizando un -cambio en sus\u00a0 caracter\u00edsticas-<\/span><\/span><\/span><\/strong><\/em><\/h3>\n<h3 style=\"text-align: center;\"><span style=\"color: #333399;\"><em><strong><span style=\"color: #008080;\">Segundo:<\/span><br \/>\n<span style=\"color: #808000;\">Le ense\u00f1amos a la persona a<\/span><br \/>\n<span style=\"color: #800080;\"><span style=\"color: #808000;\"> utilizar una t\u00e9cnica con la que podr\u00e1<\/span><span style=\"text-decoration: underline; color: #808000;\"> -cambiar-<\/span><\/span><br \/>\n<span style=\"color: #ba38cf;\"><span style=\"text-decoration: underline;\"><span style=\"color: #808000; text-decoration: underline;\"> autom\u00e1ticamente su<\/span> <span style=\"color: #7a0ecc; text-decoration: underline;\">-sensaci\u00f3n negativa-<\/span> <span style=\"color: #808000; text-decoration: underline;\">por una<\/span><\/span><span style=\"text-decoration: underline; color: #808000;\"> -sensaci\u00f3n positiva-<\/span><br \/>\n<span style=\"text-decoration: underline; color: #7a0ecc;\"> -Solo tengo calor-<\/span><br \/>\n<span style=\"text-decoration: underline; color: #808000;\">generalmente, una sensaci\u00f3n de tranquilidad y seguridad.<\/span><\/span><\/strong><\/em><\/span><\/h3>\n<h3 style=\"text-align: left;\"><span style=\"color: #800080;\"><em><strong><span style=\"color: #808000;\">Si existen sensaciones<\/span> <span style=\"color: #7a0ecc;\">-psicosom\u00e1ticas (bola en el est\u00f3mago o en la nuca, etc.)-,<\/span> <span style=\"color: #808000;\">cortamos esas sensaciones haciendo un desplazamiento de sensaciones, sac\u00e1ndolas fuera y elimin\u00e1ndolas.<\/span><\/strong><\/em><\/span><\/h3>\n<h3 style=\"text-align: center;\"><span style=\"text-decoration: underline; color: #7a0ecc;\"><em><strong>Otras veces es necesario ense\u00f1arle a vivir<br \/>\nen el presente, quitando culpas del pasado y miedos del futuro.<\/strong><\/em><\/span><\/h3>\n<p style=\"text-align: left;\"><span style=\"color: #333399;\"><em><strong><br \/>\n<\/strong><\/em><span style=\"color: #808000;\">Ricardo Ros<\/span><\/span><br \/>\n<span style=\"color: #333399;\"><span style=\"color: #808000;\"> Psic\u00f3logo<\/span><em><strong><br \/>\n<\/strong><\/em><\/span><\/p>\n<\/blockquote>\n<h4><span style=\"color: #008080;\"><em><strong>Busque ayuda inmediatamente si:<\/strong><\/em><\/span><br \/>\n<span style=\"color: #008080;\"><em><strong>Se siente abrumado.<\/strong><\/em><\/span><br \/>\n<span style=\"color: #008080;\"><em><strong>\u2028Est\u00e1 pensando en hacerse da\u00f1o o en da\u00f1ar a otra persona.<\/strong><\/em><\/span><br \/>\n<span style=\"color: #008080;\"><em><strong>Es incapaz de controlar su comportamiento.<\/strong><\/em><\/span><br \/>\n<span style=\"color: #008080;\"><em><strong>Tiene otros s\u00edntomas muy angustiantes de trastorno<\/strong><\/em><\/span><br \/>\n<span style=\"color: #008080;\"><em><strong>de estr\u00e9s postraum\u00e1tico.<\/strong><\/em><\/span><\/h4>\n<h4><span style=\"color: #ba38cf;\"><em><strong>EN CASO NECESARIO:<\/strong><\/em><\/span><br \/>\n<span style=\"color: #ba38cf;\"><em><strong>Llame a su m\u00e9dico.<\/strong><\/em><\/span><br \/>\n<span style=\"color: #ba38cf;\"><em><strong>Llame al 911 para servicios de emergencia\u2028 o vaya<\/strong><\/em><\/span><br \/>\n<span style=\"color: #ba38cf;\"><em><strong>a la sala de emergencias m\u00e1s cercana.<\/strong><\/em><\/span><br \/>\n<span style=\"color: #ba38cf;\"><em><strong>En un caso de emergencia, puede llamar a:<\/strong><\/em><\/span><br \/>\n<span style=\"color: #ba38cf;\"><em><strong>SAPTEL \u201cSistema Nacional de Apoyo, Consejo \u2028Psicol\u00f3gico<\/strong><\/em><\/span><br \/>\n<span style=\"color: #ba38cf;\"><em><strong>e Intervenci\u00f3n en Crisis por Tel\u00e9fono\u201d<\/strong><\/em><\/span><br \/>\n<span style=\"color: #ba38cf;\"><em><strong>(Cruz Roja Mexicana\u2013 24 Hrs.) sin costo<\/strong><\/em><\/span><\/h4>\n<h4><span style=\"color: #ba38cf;\"><em><strong>S<span style=\"color: #ba38cf;\">APTEL<\/span><\/strong><\/em><\/span><br \/>\n<span style=\"color: #ba38cf;\"><em><strong>Av M\u00e9xico #37, Hip\u00f3dromo,<\/strong><\/em><\/span><br \/>\n<span style=\"color: #ba38cf;\"><em><strong>Cuauht\u00e9moc, Ciudad de M\u00e9xico.<\/strong><\/em><\/span><br \/>\n<span style=\"color: #ba38cf;\"><em><strong>Tel\u00e9fono:(55) 52598121<br \/>\n<span style=\"color: #ba38cf;\">E-mail: <a class=\"col1\" style=\"color: #ba38cf;\" href=\"https:\/\/www.saptel.org.mx\/contacto.html#\">saptel.crlyc@gmail.com<\/a><\/span><\/strong><\/em><\/span><\/h4>\n<p><span style=\"color: #ba38cf;\"><em>Artista-Ewa Lanrecz\u00a0<\/em><\/span><\/p>\n<footer class=\"entry-meta\"><\/footer>\n<h4><\/h4>\n<\/blockquote>\n","protected":false},"excerpt":{"rendered":"<p>Para tener una -CRISIS-, nuestro cerebro tiene que hacer determinadas cosas: La crisis es el resultado de un proceso, que se inicia poco a poco y acaba, al cabo de minutos, horas o d\u00edas, con -la gran crisis- Para llegar a la crisis, el cerebro tiene que pasar por -todas las etapas- Si el proceso [&hellip;]<\/p>\n","protected":false},"author":2,"featured_media":0,"parent":0,"menu_order":9,"comment_status":"closed","ping_status":"closed","template":"","meta":[],"_links":{"self":[{"href":"https:\/\/www.ceadin.org\/b\/wp-json\/wp\/v2\/pages\/1508"}],"collection":[{"href":"https:\/\/www.ceadin.org\/b\/wp-json\/wp\/v2\/pages"}],"about":[{"href":"https:\/\/www.ceadin.org\/b\/wp-json\/wp\/v2\/types\/page"}],"author":[{"embeddable":true,"href":"https:\/\/www.ceadin.org\/b\/wp-json\/wp\/v2\/users\/2"}],"replies":[{"embeddable":true,"href":"https:\/\/www.ceadin.org\/b\/wp-json\/wp\/v2\/comments?post=1508"}],"version-history":[{"count":0,"href":"https:\/\/www.ceadin.org\/b\/wp-json\/wp\/v2\/pages\/1508\/revisions"}],"wp:attachment":[{"href":"https:\/\/www.ceadin.org\/b\/wp-json\/wp\/v2\/media?parent=1508"}],"curies":[{"name":"wp","href":"https:\/\/api.w.org\/{rel}","templated":true}]}}