{"id":15,"date":"2010-05-15T02:14:27","date_gmt":"2010-05-15T02:14:27","guid":{"rendered":"http:\/\/www.ceadin.org\/wordpress\/?page_id=15"},"modified":"2022-11-23T07:38:54","modified_gmt":"2022-11-23T07:38:54","slug":"necesito-ayuda","status":"publish","type":"page","link":"https:\/\/www.ceadin.org\/b\/necesito-ayuda\/","title":{"rendered":"\u00bfNecesito ayuda?"},"content":{"rendered":"<blockquote>\n<blockquote>\n<h3 style=\"text-align: center;\"><em><strong><br \/>\n<span style=\"color: #d15c0f;\">\u2014 SINTOMAS \u2014<\/span><\/strong><\/em><\/h3>\n<p><img decoding=\"async\" loading=\"lazy\" class=\"aligncenter wp-image-3521 size-full\" src=\"http:\/\/www.ceadin.org\/b\/wp-content\/uploads\/2017\/07\/Andrius-Kovelinas-kov1-e1501459810119.gif\" alt=\"\" width=\"816\" height=\"655\" \/><\/p>\n<h3 style=\"text-align: center;\"><span style=\"color: #d15c0f;\"><em><strong>Si tienes algunos s\u00edntomas descritos aqu\u00ed:<\/strong><\/em><\/span><\/h3>\n<h3 style=\"text-align: center;\"><em><strong><span style=\"color: #d15c0f;\">\u2014 SI \u2014<\/span><br \/>\n<\/strong><\/em><\/h3>\n<h3 style=\"text-align: center;\"><span style=\"color: #d15c0f;\"><em><strong> Hay muchos tipos de Depresiones,<br \/>\nveremos algunas de ellas:<\/strong><\/em><\/span><\/h3>\n<p style=\"text-align: center;\"><em><strong><span style=\"color: #d15c0f;\">&#8211; &#8211; &#8211; &#8211;<\/span><br \/>\n<\/strong><\/em><\/p>\n<h3><span style=\"color: #008080;\"><em><strong>-Depresi\u00f3n Menor-<\/strong><\/em><\/span><\/h3>\n<h4><span style=\"color: #008080;\"><strong><em>Puede presentarse en cualquier tipo de persona y alguna vez en su vida como consecuencia de alg\u00fan acontecimiento doloroso, por lo general la persona se recupera en poco tiempo y sin mayores consecuencias, no tendr\u00e1 que acudir al m\u00e9dico, pues s\u00f3lo necesitar\u00e1 tiempo y aceptaci\u00f3n del acontecimiento doloroso; a menos que se prolongue por m\u00e1s de 3 meses. <\/em><\/strong><\/span><\/h4>\n<p><a href=\"http:\/\/www.ceadin.org\/b\/wp-content\/uploads\/2017\/07\/Andrius-Kovelinas-6.jpg\"><img decoding=\"async\" loading=\"lazy\" class=\"aligncenter wp-image-3517\" src=\"http:\/\/www.ceadin.org\/b\/wp-content\/uploads\/2017\/07\/Andrius-Kovelinas-6.jpg\" alt=\"\" width=\"850\" height=\"850\" srcset=\"https:\/\/www.ceadin.org\/b\/wp-content\/uploads\/2017\/07\/Andrius-Kovelinas-6.jpg 630w, https:\/\/www.ceadin.org\/b\/wp-content\/uploads\/2017\/07\/Andrius-Kovelinas-6-150x150.jpg 150w, https:\/\/www.ceadin.org\/b\/wp-content\/uploads\/2017\/07\/Andrius-Kovelinas-6-300x300.jpg 300w, https:\/\/www.ceadin.org\/b\/wp-content\/uploads\/2017\/07\/Andrius-Kovelinas-6-619x619.jpg 619w\" sizes=\"(max-width: 850px) 100vw, 850px\" \/><\/a><\/p>\n<p><strong><em><span style=\"color: #993366;\">\u2013 \u2013 \u2013 \u2013<\/span><br \/>\n<\/em><\/strong><\/p>\n<h3><span style=\"color: #993366;\"><em><strong><span style=\"color: #993366;\">Depresi\u00f3n Cr\u00f3nica:<\/span><\/strong><\/em><\/span><\/h3>\n<h4><span style=\"color: #993366;\"><em><strong>Hay personas que nunca presentan s\u00edntomas graves y que piensan que su estado an\u00edmico es normal aunque son personas: retra\u00eddas, pesimistas, t\u00edmidas, con baja autoestima, por lo general no se atreven a hacer cosas que llamen la atenci\u00f3n, tienen pocos amigos, no son afectas a las reuniones, no les importa gran cosa la moda. <\/strong><\/em><\/span><\/h4>\n<h4><span style=\"color: #993366;\"><em><strong>Pueden si as\u00ed lo quieren consultar a un psic\u00f3logo por alg\u00fan tiempo y tomar una terapia para recibir apoyo y sugerencias para corregir algunos comportamientos. <\/strong><\/em><\/span><\/h4>\n<p><a href=\"http:\/\/www.ceadin.org\/b\/wp-content\/uploads\/2017\/07\/Andrius-Kovelinas-TuttArt@-1-2.jpg\"><img decoding=\"async\" loading=\"lazy\" class=\"aligncenter wp-image-3518\" src=\"http:\/\/www.ceadin.org\/b\/wp-content\/uploads\/2017\/07\/Andrius-Kovelinas-TuttArt@-1-2.jpg\" alt=\"\" width=\"850\" height=\"840\" srcset=\"https:\/\/www.ceadin.org\/b\/wp-content\/uploads\/2017\/07\/Andrius-Kovelinas-TuttArt@-1-2.jpg 700w, https:\/\/www.ceadin.org\/b\/wp-content\/uploads\/2017\/07\/Andrius-Kovelinas-TuttArt@-1-2-300x297.jpg 300w, https:\/\/www.ceadin.org\/b\/wp-content\/uploads\/2017\/07\/Andrius-Kovelinas-TuttArt@-1-2-619x612.jpg 619w\" sizes=\"(max-width: 850px) 100vw, 850px\" \/><\/a><\/p>\n<p><em><strong><span style=\"color: #993366;\">\u2013 \u2013 \u2013 \u2013<\/span><br \/>\n<\/strong><\/em><\/p>\n<h3><em><strong><span style=\"color: #800080;\">Depresi\u00f3n Mayor:<\/span><\/strong><\/em><\/h3>\n<h4><span style=\"color: #800080;\"><em><strong>Esta depresi\u00f3n llega a incapacitar a la persona, pues son muchas las afectaciones que sufre, pueden ser dolores corporales intensos, crisis de ansiedad, llanto incontenible, miedo a casi todo, tartamudeo, visi\u00f3n borrosa, quebranto en todo el cuerpo, temblor en manos, piernas y cara, falta de equilibrio, etc,.. Esta depresi\u00f3n <\/strong><strong>necesariamente tiene que ser atendida por un <\/strong><\/em><\/span><strong><em><span style=\"color: #800080;\">psiquiatra, pues \u00e9l conoce el manejo de medicamentos que son necesarios para corregir una alteraci\u00f3n bioqu\u00edmica en el cerebro.<\/span><\/em><\/strong><\/h4>\n<p><img decoding=\"async\" loading=\"lazy\" class=\"aligncenter size-full wp-image-3519\" src=\"http:\/\/www.ceadin.org\/b\/wp-content\/uploads\/2017\/07\/Andrius-Kovelinas.jpg\" alt=\"\" width=\"800\" height=\"800\" srcset=\"https:\/\/www.ceadin.org\/b\/wp-content\/uploads\/2017\/07\/Andrius-Kovelinas.jpg 800w, https:\/\/www.ceadin.org\/b\/wp-content\/uploads\/2017\/07\/Andrius-Kovelinas-150x150.jpg 150w, https:\/\/www.ceadin.org\/b\/wp-content\/uploads\/2017\/07\/Andrius-Kovelinas-300x300.jpg 300w, https:\/\/www.ceadin.org\/b\/wp-content\/uploads\/2017\/07\/Andrius-Kovelinas-768x768.jpg 768w, https:\/\/www.ceadin.org\/b\/wp-content\/uploads\/2017\/07\/Andrius-Kovelinas-619x619.jpg 619w\" sizes=\"(max-width: 800px) 100vw, 800px\" \/><\/p>\n<p><strong><em><span style=\"color: #993366;\">\u2013 \u2013 \u2013 \u2013<\/span><br \/>\n<\/em><\/strong><\/p>\n<h3><span style=\"color: #d42257;\"><em><strong>Trastorno Bipolar: <\/strong><\/em><\/span><\/h3>\n<h4><span style=\"color: #d42257;\"><em><strong>Generalmente esta es una enfermedad gen\u00e9tica, las personas empiezan a presentar s\u00edntomas desde la adolescencia, muchas veces necesitar\u00e1n hospitalizaci\u00f3n y tomar medicamentos <\/strong><strong>por toda la vida. Sin embargo pueden llevar una vida estable ayudada por su m\u00e9dico y apoyada por el grupo.<\/strong><\/em><\/span><\/h4>\n<p><a href=\"http:\/\/www.ceadin.org\/b\/wp-content\/uploads\/2017\/07\/Andrius-Kovelinas-TuttArt@-1-25.jpg\"><img decoding=\"async\" loading=\"lazy\" class=\"aligncenter wp-image-3520\" src=\"http:\/\/www.ceadin.org\/b\/wp-content\/uploads\/2017\/07\/Andrius-Kovelinas-TuttArt@-1-25.jpg\" alt=\"\" width=\"850\" height=\"849\" srcset=\"https:\/\/www.ceadin.org\/b\/wp-content\/uploads\/2017\/07\/Andrius-Kovelinas-TuttArt@-1-25.jpg 700w, https:\/\/www.ceadin.org\/b\/wp-content\/uploads\/2017\/07\/Andrius-Kovelinas-TuttArt@-1-25-150x150.jpg 150w, https:\/\/www.ceadin.org\/b\/wp-content\/uploads\/2017\/07\/Andrius-Kovelinas-TuttArt@-1-25-300x300.jpg 300w, https:\/\/www.ceadin.org\/b\/wp-content\/uploads\/2017\/07\/Andrius-Kovelinas-TuttArt@-1-25-619x618.jpg 619w\" sizes=\"(max-width: 850px) 100vw, 850px\" \/><\/a><\/p>\n<h3 style=\"text-align: center;\"><span style=\"color: #993366;\">&#8211; &#8211; &#8211; &#8211;<\/span><\/h3>\n<h3 style=\"text-align: left;\"><span style=\"color: #808000;\"><em><strong>Estas son las Depresiones que<br \/>\nse han manejado en el Centro de Apoyo,<br \/>\ncontando con la ayuda de Psicologos, Psiquiatras y Terapeutas.<\/strong><\/em><\/span><\/h3>\n<h4><span style=\"color: #d15c0f;\"><em><strong>Depresi\u00f3n Menor.<\/strong><\/em><\/span><br \/>\n<span style=\"color: #d15c0f;\"><em><strong>Depresi\u00f3n Mayor.<\/strong><\/em><\/span><br \/>\n<span style=\"color: #d15c0f;\"><em><strong>Depresi\u00f3n End\u00f3gena.<\/strong><\/em><\/span><br \/>\n<span style=\"color: #d15c0f;\"><em><strong>Depresi\u00f3n Reactiva.<\/strong><\/em><\/span><br \/>\n<span style=\"color: #d15c0f;\"><em><strong>Depresi\u00f3n Cr\u00f3nica.<\/strong><\/em><\/span><br \/>\n<span style=\"color: #d15c0f;\"><em><strong>Distimia.<\/strong><\/em><\/span><br \/>\n<span style=\"color: #d15c0f;\"><em><strong>Depresi\u00f3n Posparto.<\/strong><\/em><\/span><br \/>\n<span style=\"color: #d15c0f;\"><em><strong>Ezquisofrenia.<\/strong><\/em><\/span><br \/>\n<span style=\"color: #d15c0f;\"><em><strong>Trastorno Bipolar.<br \/>\nTOC- Trastorno Obsesivo Compulsivo.<br \/>\nTEP-Trastorno de Estr\u00e9s postraumatico.<\/strong><\/em><\/span><\/h4>\n<h4><span style=\"color: #808000;\"><em><strong>\u00bfD\u00f3nde Puedo encontrar ayuda.?<\/strong><\/em><\/span><br \/>\n<span style=\"color: #808000;\"><em><strong>No s\u00e9 a que tipo de m\u00e9dico debo acudir.<\/strong><\/em><\/span><\/h4>\n<h3 style=\"text-align: center;\"><span style=\"color: #808000;\"><em><strong>Medico Familiar<br \/>\nM\u00e9dico Ginec\u00f3logo (mujeres)<br \/>\n&#8211; M\u00e9dico Internista &#8211;<br \/>\n&#8211; Psic\u00f3logo &#8211;<br \/>\n&#8211; Psiquiatra &#8211;<\/strong><\/em><\/span><\/h3>\n<h3><span style=\"color: #cf2b2b;\"><em><strong>S\u00edntomas Graves:<\/strong><\/em><\/span><br \/>\n<span style=\"color: #cf2b2b;\"><em><strong>Medico Familiar.<\/strong><\/em><\/span><br \/>\n<span style=\"color: #cf2b2b;\"><em><strong>Medico Internista.<\/strong><\/em><\/span><br \/>\n<span style=\"color: #cf2b2b;\"><em><strong>Medico Psiquiatra.<\/strong><\/em><\/span><\/h3>\n<\/blockquote>\n<p><span style=\"color: #808000;\">Artista-Andrius Kovelinas<\/span><\/p>\n<h4><span style=\"color: #008080;\"><em><strong>Busque ayuda inmediatamente si:<\/strong><\/em><\/span><br \/>\n<span style=\"color: #008080;\"><em><strong> Se siente abrumado.<\/strong><\/em><\/span><br \/>\n<span style=\"color: #008080;\"><em><strong> \u2028Est\u00e1 pensando en hacerse da\u00f1o o en da\u00f1ar a otra persona.<\/strong><\/em><\/span><br \/>\n<span style=\"color: #008080;\"><em><strong> Es incapaz de controlar su comportamiento.<\/strong><\/em><\/span><br \/>\n<span style=\"color: #008080;\"><em><strong> Tiene otros s\u00edntomas muy angustiantes de trastorno<br \/>\nde estr\u00e9s postraum\u00e1tico.<\/strong><\/em><\/span><\/h4>\n<h4><span style=\"color: #ba38cf;\"><em><strong>EN CASO NECESARIO:<\/strong><\/em><\/span><br \/>\n<span style=\"color: #ba38cf;\"><em><strong> Llame a su m\u00e9dico.<\/strong><\/em><\/span><br \/>\n<span style=\"color: #ba38cf;\"><em><strong> Llame al 911 para servicios de emergencia\u2028 o vaya<\/strong><\/em><\/span><br \/>\n<span style=\"color: #ba38cf;\"><em><strong> a la sala de emergencias m\u00e1s cercana.<br \/>\nEn un caso de emergencia, puede llamar a:<br \/>\n<\/strong><\/em><\/span><\/h4>\n<h4><span style=\"color: #ba38cf;\"><em><strong>SAPTEL \u201cSistema Nacional de Apoyo, Consejo \u2028Psicol\u00f3gico<br \/>\ne Intervenci\u00f3n en Crisis por Tel\u00e9fono\u201d<\/strong><\/em><\/span><br \/>\n<span style=\"color: #ba38cf;\"><em><strong> (Cruz Roja Mexicana\u2013 24 Hrs.) sin costo<\/strong><\/em><\/span><\/h4>\n<div class=\"map\">\n<address>\n<dl>\n<dt><span style=\"color: #ba38cf;\"><em><strong>SAPTEL<\/strong><\/em><\/span><br \/>\n<span style=\"color: #ba38cf;\"><em><strong>Av M\u00e9xico #37, Hip\u00f3dromo,<\/strong><\/em><\/span><br \/>\n<span style=\"color: #ba38cf;\"><em><strong>Cuauht\u00e9moc, Ciudad de M\u00e9xico.<\/strong><\/em><\/span><\/dt>\n<dd><span style=\"color: #ba38cf;\"><em><strong>Tel\u00e9fono:(55) 52598121<\/strong><\/em><\/span><\/dd>\n<dd><span style=\"color: #ba38cf;\"><em><strong>E-mail: <a class=\"col1\" style=\"color: #ba38cf;\" href=\"https:\/\/www.saptel.org.mx\/contacto.html#\">saptel.crlyc@gmail.com<\/a><\/strong><\/em><\/span><\/dd>\n<\/dl>\n<\/address>\n<\/div>\n<\/blockquote>\n","protected":false},"excerpt":{"rendered":"<p>\u2014 SINTOMAS \u2014 Si tienes algunos s\u00edntomas descritos aqu\u00ed: \u2014 SI \u2014 Hay muchos tipos de Depresiones, veremos algunas de ellas: &#8211; &#8211; &#8211; &#8211; -Depresi\u00f3n Menor- Puede presentarse en cualquier tipo de persona y alguna vez en su vida como consecuencia de alg\u00fan acontecimiento doloroso, por lo general la persona se recupera en poco [&hellip;]<\/p>\n","protected":false},"author":2,"featured_media":0,"parent":0,"menu_order":7,"comment_status":"closed","ping_status":"closed","template":"","meta":[],"_links":{"self":[{"href":"https:\/\/www.ceadin.org\/b\/wp-json\/wp\/v2\/pages\/15"}],"collection":[{"href":"https:\/\/www.ceadin.org\/b\/wp-json\/wp\/v2\/pages"}],"about":[{"href":"https:\/\/www.ceadin.org\/b\/wp-json\/wp\/v2\/types\/page"}],"author":[{"embeddable":true,"href":"https:\/\/www.ceadin.org\/b\/wp-json\/wp\/v2\/users\/2"}],"replies":[{"embeddable":true,"href":"https:\/\/www.ceadin.org\/b\/wp-json\/wp\/v2\/comments?post=15"}],"version-history":[{"count":0,"href":"https:\/\/www.ceadin.org\/b\/wp-json\/wp\/v2\/pages\/15\/revisions"}],"wp:attachment":[{"href":"https:\/\/www.ceadin.org\/b\/wp-json\/wp\/v2\/media?parent=15"}],"curies":[{"name":"wp","href":"https:\/\/api.w.org\/{rel}","templated":true}]}}