{"id":1219,"date":"2016-03-01T06:41:37","date_gmt":"2016-03-01T06:41:37","guid":{"rendered":"http:\/\/www.ceadin.org\/b\/"},"modified":"2023-05-24T18:54:37","modified_gmt":"2023-05-24T18:54:37","slug":"kurt-cobain","status":"publish","type":"page","link":"https:\/\/www.ceadin.org\/b\/kurt-cobain\/","title":{"rendered":"Kurt Cobain"},"content":{"rendered":"<div id=\"main\">\n<blockquote>\n<h3><\/h3>\n<h3 style=\"text-align: center;\"><em><strong><span style=\"color: #800080;\">FAMOSOS EN DEPRESI\u00d3N: <\/span><\/strong><\/em><span style=\"color: #008000;\"><em><strong><em><span style=\"color: #800080;\">KURT COBAIN<\/span><\/em><br \/>\n<\/strong><\/em><\/span><\/h3>\n<h3 style=\"text-align: center;\"><span style=\"color: #008000;\"><em><strong>Compositor y cantante de rock duro estadounidense,<br \/>\ncreador y principal miembro del grupo Nirvana.<br \/>\n(Nombre art\u00edstico de Kurt Poupon; EEUU, 1967 &#8211; 1994<\/strong><\/em><\/span><\/h3>\n<h3 style=\"text-align: center;\"><em><strong><a href=\"http:\/\/www.ceadin.org\/b\/wp-content\/uploads\/2016\/03\/kurt-kurt-cobain-e1468689336914.jpg\"><img decoding=\"async\" loading=\"lazy\" class=\"aligncenter wp-image-1220\" title=\"kurt-kurt-cobain\" src=\"http:\/\/www.ceadin.org\/b\/wp-content\/uploads\/2016\/03\/kurt-kurt-cobain-e1468689336914.jpg\" width=\"720\" height=\"524\" srcset=\"https:\/\/www.ceadin.org\/b\/wp-content\/uploads\/2016\/03\/kurt-kurt-cobain-e1468689336914.jpg 645w, https:\/\/www.ceadin.org\/b\/wp-content\/uploads\/2016\/03\/kurt-kurt-cobain-e1468689336914-300x218.jpg 300w, https:\/\/www.ceadin.org\/b\/wp-content\/uploads\/2016\/03\/kurt-kurt-cobain-e1468689336914-619x450.jpg 619w\" sizes=\"(max-width: 720px) 100vw, 720px\" \/><\/a><span style=\"color: #333399;\"><span style=\"color: #008000;\">Durante los \u00faltimos a\u00f1os de su vida, Cobain luch\u00f3 con depresi\u00f3n como enfermedad y adicci\u00f3n a la heroina. \u00c9l tambi\u00e9n ten\u00eda dificultad para sobrellevar su fama e imagen p\u00fablica adem\u00e1s de las presiones profesionales y personales de toda su vida y de su esposa, la cantautora Courtney Love.<\/span><\/span><\/strong><\/em><\/h3>\n<h4><span style=\"color: #333399;\"><em><strong>El 8 de abril de 1994, Cobain fue encontrado muerto en su casa en Seattle, v\u00edctima de lo que oficialmente fue afirmado como un suicidio por una herida autoinfligida en la cabeza, el 5 de abril. Las circunstancias de su muerte a los 27 a\u00f1os se han convertido en un tema de fascinaci\u00f3n p\u00fablica y debate. Desde su debut, Nirvana, con Cobain como compositor, ha vendido m\u00e1s de 30 millones de \u00e1lbumes en los Estados Unidos y m\u00e1s de 95 millones en todo el mundo.<\/strong><\/em><\/span><\/h4>\n<h4><span style=\"color: #333399;\"><em><strong>El 20 de febrero de 1967 nace Kurt Poupon en la localidad de Aberdeen, en Washington en el seno de una familia cristiana (m\u00e1s tarde reflejar\u00eda esta etapa en la canci\u00f3n \u00ab<a style=\"color: #333399;\" title=\"Lithium (canci\u00f3n de Nirvana)\" href=\"https:\/\/es.wikipedia.org\/wiki\/Lithium_%28canci%C3%B3n_de_Nirvana%29\">Lithium<\/a>\u00bb). El nombre -lithium- es atribuido a la tendencia del metal <a style=\"color: #333399;\" title=\"Litio\" href=\"https:\/\/es.wikipedia.org\/wiki\/Litio\">litio<\/a> a encontrarse en estabilizadores de \u00e1nimo como el carbonato de litio y el orotato de litio; es por eso que se dice que la letra describe un trastorno bipolar. Sin embargo, hay mucha discusi\u00f3n sobre el significado exacto de la canci\u00f3n y su interpretaci\u00f3n como las versiones que dicen que trata sobre la tendencia de algunas personas depresivas a apoyarse en la religi\u00f3n (\u00abSunday morning is everyday for all I care\u00bb, \u00abLight my candles, in a daze &#8216;cause I&#8217;ve found God\u00bb) &#8211; (\u00abDomingos por la ma\u00f1ana, es todo por lo que me preocupo\u00bb, \u00abEnciendo mis velas, aturdido porque he encontrado a Dios\u00bb).<\/strong><\/em><\/span><\/h4>\n<h4><span style=\"color: #333399;\"><em><strong>Su padre se llamaba Donald Lenald Cobain y su madre Wendy Elizabeth Fradenburg.<br \/>\nTambi\u00e9n ten\u00eda una hermana menor, Kimberly, nacida el 24 de abril de 1970<\/strong><\/em>.<\/span><\/h4>\n<h4><span style=\"color: #333399;\"><em><strong>Vivi\u00f3 sus primeros 6 meses en Hoquiam, hasta que su familia volvi\u00f3 a Aberdeen. Ese ni\u00f1o, que con los a\u00f1os ser\u00eda conocido como Kurt Cobain, arrastr\u00f3 a lo largo de toda su vida los problemas de su familia que culminaron con la separaci\u00f3n de sus padres cuando hab\u00eda cumplido los siete a\u00f1os. Kurt Cobain muri\u00f3 siendo todav\u00eda un hombre joven, pero pese a muchos de sus problemas (o quiz\u00e1s gracias a ellos) lleg\u00f3 a convertirse en un \u00eddolo musical mundial.<\/strong><\/em><\/span><\/h4>\n<h4><em><strong><span style=\"color: #008000;\">Seg\u00fan sus padres, la vida de Cobain cambi\u00f3 dram\u00e1ticamente a los 9 a\u00f1os debido a su divorcio. En una entrevista en 1993, Cobain dijo:<\/span> <span style=\"color: #333399;\">\u00abRecuerdo sentirme apenado y triste por mis padres. Me avergonzaba compararme con mis amigos de la escuela, porque yo ansiaba pertenecer a ese tipo de familia cl\u00e1sica, a una familia t\u00edpica. Madre, padre&#8230; Yo quer\u00eda esa seguridad. -Odi\u00e9 a mis padres durante a\u00f1os por esa raz\u00f3n-\u00bb. Tras un a\u00f1o viviendo con su madre despu\u00e9s del divorcio Cobain se traslad\u00f3 a Montesano para vivir con su padre.<\/span><\/strong><\/em><\/h4>\n<h4><em><strong><span style=\"color: #333399;\">Cobain se empez\u00f3 a interesar por la m\u00fasica a temprana edad. De acuerdo con su t\u00eda Mari, \u00e9l empez\u00f3 cantando a los 2 a\u00f1os. A los 4 a\u00f1os, Cobain comenz\u00f3 a tocar el piano y a cantar, escribiendo una canci\u00f3n sobre su viaje a un parque local. Kurt Cobain tuvo por primera vez en sus manos una guitarra a los 14 a\u00f1os, cuando se la regal\u00f3 su t\u00edo. A partir de ese momento la m\u00fasica se convirti\u00f3 en una constante en su vida y fue una herramienta que le result\u00f3 especialmente \u00fatil para expresar en parte su complicada personalidad.<\/span><\/strong><\/em><\/h4>\n<h4><span style=\"color: #333399;\"><em><strong>Con el tiempo decide, junto a su amigo Krist Novoselic, formar su primera banda, a la que llaman Fecal Matter. Son sus primeros pasos en el mundo profesional de la m\u00fasica.<\/strong><\/em><\/span><\/h4>\n<h4><span style=\"color: #333399;\"><em><strong>Pronto Fecal Matter queda corta para las ansias art\u00edsticas de Kurt Cobain. Sigue unido a Novoselic para crear un nuevo grupo al que se incorpora el baterista Dale Crover. Corren los a\u00f1os 1985 y 86 y Seattle ve nacer los primeros conciertos del m\u00edtico Nirvana. Pocos pueden sospechar que alrededor de esta formaci\u00f3n y de la misma ciudad se originar\u00e1 una corriente musical que har\u00e1 historia: el grunge. <\/strong><\/em><\/span><\/h4>\n<h4><span style=\"color: #333399;\"><em><strong>Ritmos de rock primitivo y desencantado se convierten r\u00e1pidamente en un himno para la juventud de los a\u00f1os 80. Tanto la m\u00fasica como la est\u00e9tica de Cobain y su grupo influyen decisivamente en la sociedad de entonces.<\/strong><\/em><\/span><\/h4>\n<h4><span style=\"color: #333399;\"><em><strong>En el a\u00f1o 1988 Dale Crover ha sido sustituido por Chad Channing en Nirvana. Con el nuevo integrante del grupo se graba su primer trabajo discogr\u00e1fico, &#8211; Nirvana-. Sus dos canciones, -Love Buzz- y -Big Cheese-, consiguen ser rotundos \u00e9xitos y dan un gran prestigio a la formaci\u00f3n de Cobain. Con la fuerza que les otorga su buena aceptaci\u00f3n empiezan a trabajar en su primer \u00e1lbum de estudio, -Bleach-. Los circuitos alternativos de los Estados Unidos empiezan a albergar los conciertos de Kurt Cobain y sus compa\u00f1eros con temas como -About a girl-.<\/strong><\/em><\/span><\/h4>\n<h4><span style=\"color: #333399;\"><em><strong>En el a\u00f1o 1990 se publica el segundo disco de Nirvana, -Nevermind-, bajo el sello de la compa\u00f1\u00eda discogr\u00e1fica Geffen. Cobain vuelve a cambiar al baterista y es ahora Dave Grohl quien toca en el grupo. Este \u00e1lbum se convierte en uno de los m\u00e1s importantes de la historia de la m\u00fasica actual al vender m\u00e1s de quince millones de copias. Su single -Smells like teen spirit- es un verdadero mito para j\u00f3venes de todo el mundo. El \u00e9xito rotundo llega a la carrera musical de Kurt Cobain aunque \u00e9l no deja de lado sus problemas de adicci\u00f3n a la hero\u00edna y su personalidad depresiva.<\/strong><\/em><\/span><\/h4>\n<h4><span style=\"color: #333399;\"><em><strong>El 24 de febrero de 1992 Kurt Cobain se casa con otra cantante norteamericana, Courtney Love. Es la l\u00edder de Hole (un grupo formado solo por mujeres) y se la conoce por su car\u00e1cter problem\u00e1tico. El suyo ser\u00e1 un matrimonio conflictivo en el que abundan las drogas y la violencia y del cual nacer\u00e1 su \u00fanica hija, Frances Bean. <\/strong><\/em><\/span><\/h4>\n<h4><span style=\"color: #333399;\"><em><strong>En el mismo 1992 ve la luz otro de los discos de Nirvana: &#8211; Incesticide-. Es una recopilaci\u00f3n de temas in\u00e9ditos que solo se oyen en los conciertos en directo del grupo, como por ejemplo -Sliver o Son of a gun- y el preludio de su \u00faltimo disco llamado -In utero-.<\/strong><\/em><\/span><\/h4>\n<h3 style=\"text-align: center;\"><span style=\"color: #008000;\"><em><strong>Los problemas personales de Kurt Cobain son cada vez m\u00e1s importantes y el cantante intenta suicidarse en dos ocasiones, adem\u00e1s de ser internado por una sobredosis en el a\u00f1o 1993. <\/strong><\/em><\/span><\/h3>\n<h4><em><strong><a href=\"http:\/\/www.ceadin.org\/b\/wp-content\/uploads\/2016\/03\/kurt_cobain_by_moni_kaa5-d614he8-e1456813943766.jpg\"><img decoding=\"async\" loading=\"lazy\" class=\"aligncenter wp-image-1221\" title=\"kurt_cobain_by_moni_kaa5-d614he8\" src=\"http:\/\/www.ceadin.org\/b\/wp-content\/uploads\/2016\/03\/kurt_cobain_by_moni_kaa5-d614he8-e1456813943766.jpg\" width=\"725\" height=\"512\" srcset=\"https:\/\/www.ceadin.org\/b\/wp-content\/uploads\/2016\/03\/kurt_cobain_by_moni_kaa5-d614he8-e1456813943766.jpg 650w, https:\/\/www.ceadin.org\/b\/wp-content\/uploads\/2016\/03\/kurt_cobain_by_moni_kaa5-d614he8-e1456813943766-300x211.jpg 300w\" sizes=\"(max-width: 725px) 100vw, 725px\" \/><\/a><\/strong><span style=\"color: #333399;\"><strong>El 5 de abril de 1994 muere de un disparo en la cabeza aunque su cad\u00e1ver no se encuentra hasta tres d\u00edas despu\u00e9s. S\u00f3lo tiene 27 a\u00f1os y la versi\u00f3n oficial es que se ha suicidado, aunque las especulaciones sobre un posible asesinato nunca han dejado de o\u00edrse.<\/strong><\/span><\/em><\/h4>\n<h4><span style=\"color: #333399;\"><em><strong>Tras la muerte de Cobain aparecen en el mercado -MTV Unplugged-, un \u00e1lbum realizado en 1993, y una recopilaci\u00f3n p\u00f3stuma hecha por los dem\u00e1s miembros del grupo, -From the Mudy Banks of the Wishkah-.<\/strong><\/em><\/span><\/h4>\n<h4><em><strong><span style=\"color: #333399;\">Descanse en paz..!<\/span><br \/>\n<\/strong><\/em><\/h4>\n<\/blockquote>\n<\/div>\n","protected":false},"excerpt":{"rendered":"<p>FAMOSOS EN DEPRESI\u00d3N: KURT COBAIN Compositor y cantante de rock duro estadounidense, creador y principal miembro del grupo Nirvana. (Nombre art\u00edstico de Kurt Poupon; EEUU, 1967 &#8211; 1994 Durante los \u00faltimos a\u00f1os de su vida, Cobain luch\u00f3 con depresi\u00f3n como enfermedad y adicci\u00f3n a la heroina. \u00c9l tambi\u00e9n ten\u00eda dificultad para sobrellevar su fama e [&hellip;]<\/p>\n","protected":false},"author":2,"featured_media":0,"parent":0,"menu_order":37,"comment_status":"open","ping_status":"open","template":"","meta":[],"_links":{"self":[{"href":"https:\/\/www.ceadin.org\/b\/wp-json\/wp\/v2\/pages\/1219"}],"collection":[{"href":"https:\/\/www.ceadin.org\/b\/wp-json\/wp\/v2\/pages"}],"about":[{"href":"https:\/\/www.ceadin.org\/b\/wp-json\/wp\/v2\/types\/page"}],"author":[{"embeddable":true,"href":"https:\/\/www.ceadin.org\/b\/wp-json\/wp\/v2\/users\/2"}],"replies":[{"embeddable":true,"href":"https:\/\/www.ceadin.org\/b\/wp-json\/wp\/v2\/comments?post=1219"}],"version-history":[{"count":0,"href":"https:\/\/www.ceadin.org\/b\/wp-json\/wp\/v2\/pages\/1219\/revisions"}],"wp:attachment":[{"href":"https:\/\/www.ceadin.org\/b\/wp-json\/wp\/v2\/media?parent=1219"}],"curies":[{"name":"wp","href":"https:\/\/api.w.org\/{rel}","templated":true}]}}