{"id":1175,"date":"2015-11-07T20:17:35","date_gmt":"2015-11-07T20:17:35","guid":{"rendered":"http:\/\/www.ceadin.org\/b\/"},"modified":"2023-06-05T21:55:51","modified_gmt":"2023-06-05T21:55:51","slug":"el-miedo-de-perderme-a-mi-mismo","status":"publish","type":"page","link":"https:\/\/www.ceadin.org\/b\/el-miedo-de-perderme-a-mi-mismo\/","title":{"rendered":"El miedo de perderme a m\u00ed mismo"},"content":{"rendered":"<blockquote>\n<blockquote>\n<h3 style=\"text-align: center;\"><\/h3>\n<h3 style=\"text-align: center;\"><span style=\"color: #0000ff;\"><em><strong><span style=\"color: #eb441a;\"><br \/>\n\u2014 Perderse a s\u00ed mismo \u2014<\/span><\/strong><\/em><\/span><\/h3>\n<h3 style=\"text-align: center;\"><span style=\"color: #008000;\"><em><strong>Cuando se tiene alguna fractura,<br \/>\nlos dem\u00e1s ayudan con las puertas, ceden<br \/>\nsus asientos en el transporte p\u00fablico, y evitan que se<br \/>\nrealice alguna actividad que pueda afectar al<br \/>\nsujeto en cuesti\u00f3n, pero..<\/strong><\/em><\/span><\/h3>\n<h3 style=\"text-align: center;\"><span style=\"color: #0000ff;\"><em><strong><span style=\"color: #008000;\">\u00bfQue hay de los padecimientos,<\/span><br \/>\n<span style=\"color: #eb441a;\">-que -no- resultan notorios f\u00edsicamente&#8230;?<a href=\"http:\/\/www.ceadin.org\/b\/wp-content\/uploads\/2022\/12\/Captura-de-Pantalla-2022-12-17-a-las-10.39.53-a.m..png\"><img decoding=\"async\" loading=\"lazy\" class=\"alignright size-full wp-image-6939\" src=\"http:\/\/www.ceadin.org\/b\/wp-content\/uploads\/2022\/12\/Captura-de-Pantalla-2022-12-17-a-las-10.39.53-a.m..png\" alt=\"\" width=\"1000\" height=\"817\" srcset=\"https:\/\/www.ceadin.org\/b\/wp-content\/uploads\/2022\/12\/Captura-de-Pantalla-2022-12-17-a-las-10.39.53-a.m..png 1000w, https:\/\/www.ceadin.org\/b\/wp-content\/uploads\/2022\/12\/Captura-de-Pantalla-2022-12-17-a-las-10.39.53-a.m.-300x245.png 300w, https:\/\/www.ceadin.org\/b\/wp-content\/uploads\/2022\/12\/Captura-de-Pantalla-2022-12-17-a-las-10.39.53-a.m.-768x627.png 768w, https:\/\/www.ceadin.org\/b\/wp-content\/uploads\/2022\/12\/Captura-de-Pantalla-2022-12-17-a-las-10.39.53-a.m.-619x506.png 619w\" sizes=\"(max-width: 1000px) 100vw, 1000px\" \/><\/a><\/span><\/strong><\/em><\/span><\/h3>\n<h3 style=\"text-align: center;\"><\/h3>\n<h3 style=\"text-align: center;\"><span style=\"color: #008000;\"><em><strong><span style=\"color: #0000ff;\"><span style=\"color: #008000;\">Las personas con padecimientos<\/span><br \/>\n-neurol\u00f3gicos psiqui\u00e1tricos, o incluso psicol\u00f3gicos-, <span style=\"color: #008000;\"><br \/>\nviven bajo un estigma social.<\/span><\/span> <\/strong><\/em><\/span><\/h3>\n<h3 style=\"text-align: center;\"><span style=\"color: #008000;\"><em><strong>Para gran parte de la poblaci\u00f3n,<br \/>\neste tipo de enfermedades no existen, y es que<br \/>\nposiblemente suene algo rid\u00edculo llamar<br \/>\nal trabajo y decir:<\/strong><\/em><\/span><\/h3>\n<h3 style=\"text-align: center;\"><span style=\"color: #eb441a;\"><strong><em>-No me siento con<br \/>\nenerg\u00eda para dejar la habitaci\u00f3n-<br \/>\n-o-<br \/>\n-No puedo disimular mi estado de \u00e1nimo-<\/em><\/strong><\/span><\/h3>\n<h4><a href=\"http:\/\/www.ceadin.org\/b\/wp-content\/uploads\/2019\/01\/wolfgang-lettl-30-copia.jpg\"><img decoding=\"async\" loading=\"lazy\" class=\"aligncenter wp-image-5050\" src=\"http:\/\/www.ceadin.org\/b\/wp-content\/uploads\/2019\/01\/wolfgang-lettl-30-copia.jpg\" alt=\"\" width=\"650\" height=\"650\" srcset=\"https:\/\/www.ceadin.org\/b\/wp-content\/uploads\/2019\/01\/wolfgang-lettl-30-copia.jpg 750w, https:\/\/www.ceadin.org\/b\/wp-content\/uploads\/2019\/01\/wolfgang-lettl-30-copia-150x150.jpg 150w, https:\/\/www.ceadin.org\/b\/wp-content\/uploads\/2019\/01\/wolfgang-lettl-30-copia-300x300.jpg 300w, https:\/\/www.ceadin.org\/b\/wp-content\/uploads\/2019\/01\/wolfgang-lettl-30-copia-619x619.jpg 619w\" sizes=\"(max-width: 650px) 100vw, 650px\" \/><\/a><\/h4>\n<blockquote>\n<h4><span style=\"color: #008000;\"><em><strong><span style=\"color: #0000ff;\">La vida diaria se vuelve complicada&#8230;-,<\/span> <span style=\"color: #0000ff;\">-la integraci\u00f3n social se vuelve dif\u00edcil..,<\/span> el simple hecho de descifrar lo que se siente, se vuelve \u2014a\u00fan mas complicado.. e incluso se llega a perder la noci\u00f3n de la realidad. <\/strong><\/em><\/span><\/h4>\n<h4><span style=\"color: #008000;\"><em><strong><span style=\"color: #0000ff;\">Se gasta demasiada energ\u00eda intentando fingir que se est\u00e1 bien,<\/span> se pierde el gusto por las cosas, que antes provocaban placer o el deseo de hablar con los seres queridos.<\/strong><\/em><\/span><\/h4>\n<h3 style=\"text-align: center;\"><span style=\"color: #993300;\">\u2014\/\u2014<\/span><\/h3>\n<h3 style=\"text-align: left;\"><span style=\"color: #0000ff;\"><em><strong>Perderse a s\u00ed mismo -1-<a href=\"http:\/\/www.ceadin.org\/b\/wp-content\/uploads\/2022\/12\/b0312.jpg\"><img decoding=\"async\" loading=\"lazy\" class=\"alignright size-full wp-image-6940\" src=\"http:\/\/www.ceadin.org\/b\/wp-content\/uploads\/2022\/12\/b0312.jpg\" alt=\"\" width=\"800\" height=\"549\" srcset=\"https:\/\/www.ceadin.org\/b\/wp-content\/uploads\/2022\/12\/b0312.jpg 800w, https:\/\/www.ceadin.org\/b\/wp-content\/uploads\/2022\/12\/b0312-300x206.jpg 300w, https:\/\/www.ceadin.org\/b\/wp-content\/uploads\/2022\/12\/b0312-768x527.jpg 768w, https:\/\/www.ceadin.org\/b\/wp-content\/uploads\/2022\/12\/b0312-619x425.jpg 619w\" sizes=\"(max-width: 800px) 100vw, 800px\" \/><\/a><\/strong><\/em><\/span><\/h3>\n<h4 style=\"text-align: left;\"><strong><span style=\"color: #0000ff;\"><em>Narrativa:<\/em> <\/span><\/strong><span style=\"color: #993300;\">&#8211;<em><strong>Tengo una amiga llamada Ofelia,<br \/>\nque vive en una esquina de la colonia el Mante, tiene cuarenta y tres a\u00f1os y es de Culiac\u00e1n. No est\u00e1 muy segura de c\u00f3mo lleg\u00f3 a Guadalajara, pero ten\u00eda dos teor\u00edas.<\/strong><\/em><\/span><\/h4>\n<h4 style=\"text-align: left;\"><span style=\"color: #008000;\"><strong><em><span style=\"color: #eb441a;\">La primera:\u00a0 <\/span><span style=\"color: #0000ff;\">&#8211; fueron\u00a0los vampiros &#8211;<br \/>\nLos mismos que no la dejan dormir en la noche, y a veces la insultan y roban sus cosas.<br \/>\nSiempre la est\u00e1n molestando..<\/span><\/em><\/strong><\/span><\/h4>\n<h4 style=\"text-align: left;\"><strong><span style=\"color: #008000;\"><em><span style=\"color: #eb441a;\">La segunda: <\/span><span style=\"color: #0000ff;\">&#8211; en una nave espacial &#8211;<br \/>\nA veces pasa por ella, y se la lleva a dar vueltas. <\/span><\/em><\/span><\/strong><strong><span style=\"color: #0000ff;\"><em>Ella se divierte. <\/em><\/span><\/strong><strong><span style=\"color: #0000ff;\"><em>El \u00fanico problema es que nunca la dejan, en el mismo lugar.<\/em><\/span><\/strong><\/h4>\n<h4 style=\"text-align: left;\"><span style=\"color: #008000;\"><em><strong><span style=\"color: #993300;\">Ofelia constantemente expresaba que no le gustar\u00eda habitar una casa, porque se siente encerrada en esos lugares y eso le desespera; <\/span><span style=\"color: #0000ff;\">-prefiere vivir en la banqueta-.<\/span> <span style=\"color: #993300;\">As\u00ed puede tomar el sol y no le da fr\u00edo, y si s\u00ed, le da, pues se tapa y ya. <\/span><\/strong><\/em><\/span><\/h4>\n<h4 style=\"text-align: left;\"><span style=\"color: #008000;\"><em><strong><span style=\"color: #993300;\">Tampoco le gusta <\/span><span style=\"color: #0000ff;\">-que le den ropa nueva-,<\/span> <span style=\"color: #993300;\">dice que parece hombre, y hace que la ropa bonita se vea fea, adem\u00e1s de que su ajuar est\u00e1 todav\u00eda bueno.<\/span><\/strong><\/em><\/span><\/h4>\n<h4 style=\"text-align: left;\"><span style=\"color: #993300;\"><em><strong>Por mucho tiempo fui todas\u00a0las tardes a platicar un rato con mi buena amiga. En repetidas ocasiones comet\u00ed el error de llevarle ropa nueva, constantemente le compart\u00eda de comer, e incluso puedo decir que juntos dejamos de fumar. <\/strong><\/em><\/span><\/h4>\n<h4 style=\"text-align: left;\"><span style=\"color: #008000;\"><em><strong><span style=\"color: #0000ff;\">No era f\u00e1cil ser amiga de Ofelia,<\/span><span style=\"color: #993300;\"> ya que en ocasiones,<\/span> <span style=\"color: #0000ff;\">se molestaba mucho y empezaba a maldecir y arrojar piedras;<\/span> <span style=\"color: #9c4611;\">aunque conmigo siempre fue muy respetuosa y prefer\u00eda ignorarme cuando estaba molesta. <\/span><\/strong><\/em><\/span><\/h4>\n<h3 style=\"text-align: center;\"><span style=\"color: #eb441a;\"><em><strong>&#8211;<\/strong><\/em><em><strong>En el fondo sab\u00eda que esta<br \/>\nnueva amistad, se basaba en mi miedo por<br \/>\nterminar como ella..!<\/strong><\/em><\/span><\/h3>\n<h3 style=\"text-align: center;\"><span style=\"color: #9c4611;\"><em><strong>\u2014\/\u2014<\/strong><\/em><\/span><\/h3>\n<h3 style=\"text-align: left;\"><em><strong><span style=\"color: #0000ff;\">&#8211; Perderse a s\u00ed mismo -2-<\/span><br \/>\n<\/strong><\/em><\/h3>\n<h4 style=\"text-align: left;\"><em><strong><span style=\"color: #0000ff;\">Narrativa: <span style=\"color: #993300;\">-Fui diagnosticado con epilepsia parcial del l\u00f3bulo frontal. Esto despu\u00e9s de vagar por una larga lista de terapeutas, psic\u00f3logos y psiquiatras.<\/span><\/span><\/strong><br \/>\n<\/em><\/h4>\n<h4 style=\"text-align: left;\"><span style=\"color: #9c4611;\"><em><strong><span style=\"color: #993300;\">El diagn\u00f3stico cambiaba cada que la crisis se hac\u00eda m\u00e1s<\/span> <span style=\"color: #993300;\">fuerte:<\/span> <span style=\"color: #eb441a;\">de ni\u00f1o mimado, escalamos a depresivo; pasando por TOC (trastorno obsesivo-compulsivo), borderline y hasta bipolar.<\/span><\/strong> <\/em><\/span><\/h4>\n<h4><a href=\"http:\/\/www.ceadin.org\/b\/wp-content\/uploads\/2015\/11\/Captura-de-pantalla-2019-01-13-a-las-1.40.27-p.m..png\"><img decoding=\"async\" loading=\"lazy\" class=\"aligncenter wp-image-5063\" src=\"http:\/\/www.ceadin.org\/b\/wp-content\/uploads\/2015\/11\/Captura-de-pantalla-2019-01-13-a-las-1.40.27-p.m..png\" alt=\"\" width=\"650\" height=\"731\" srcset=\"https:\/\/www.ceadin.org\/b\/wp-content\/uploads\/2015\/11\/Captura-de-pantalla-2019-01-13-a-las-1.40.27-p.m..png 719w, https:\/\/www.ceadin.org\/b\/wp-content\/uploads\/2015\/11\/Captura-de-pantalla-2019-01-13-a-las-1.40.27-p.m.-267x300.png 267w, https:\/\/www.ceadin.org\/b\/wp-content\/uploads\/2015\/11\/Captura-de-pantalla-2019-01-13-a-las-1.40.27-p.m.-619x696.png 619w\" sizes=\"(max-width: 650px) 100vw, 650px\" \/><\/a><span style=\"color: #9c4611;\"><em><strong><em><strong><span style=\"color: #993300;\">Y es que en una epilepsia parcial dependiendo de la zona que afecte la crisis, es la manifestaci\u00f3n que tendr\u00e1. Suena l\u00f3gico, \u00bfno.?<\/span> <\/strong><\/em><\/strong><\/em><\/span><\/h4>\n<h4 style=\"text-align: left;\"><em><span style=\"color: #0000ff;\"><strong><em><strong><span style=\"color: #993300;\">La parte de tu cerebro que se descompone detiene las funciones que le corresponden, ocasionando as\u00ed<\/span> -alucinaciones, cambios de humor, depresi\u00f3n, debilidad muscular, dificultad en el habla e incluso pausas en el sistema operativo-;<span style=\"color: #993300;\"> s\u00ed, literal como s\u00ed me pusieran pausa en el control remoto por un par de segundos.<\/span><\/strong><\/em><\/strong><\/span><\/em><\/h4>\n<h3 style=\"text-align: center;\"><span style=\"color: #9c4611;\">\u2014\/\u2014<\/span><\/h3>\n<h4><span style=\"color: #008000;\"><em><strong>Mar\u00eda Elena Medina Mora, entonces directora del Instituto Nacional de Psiquiatr\u00eda, Ram\u00f3n de la Fuente, declar\u00f3 en 2013 que <span style=\"color: #0000ff;\">-uno de cada tres mexicanos sufrir\u00eda alg\u00fan padecimiento mental en el transcurso de su vida, siendo la depresi\u00f3n y ansiedad las m\u00e1s comunes entre los pacientes-.<\/span> <\/strong><\/em><\/span><\/h4>\n<h4><span style=\"color: #008000;\"><em><strong><em><strong><em><strong><em><strong><em><strong>Hizo particular\u00a0\u00e9nfasis en el incremento de enfermedades de este tipo en ni\u00f1os y adolescentes. Es dif\u00edcil creer que, en contraste con estas cifras, el laboratorio Eli Lilly (encargado de brindar Prozac a los mexicanos desde hace m\u00e1s de veinte a\u00f1os) anunciaba que la estad\u00edstica dictaba que s\u00f3lo exist\u00edan 2.7 especialistas en la materia por cada 100 mil habitantes. <\/strong><\/em><\/strong><\/em><\/strong><\/em><\/strong><\/em><\/strong><\/em><\/span><\/h4>\n<h4><em><strong><em><strong><em><strong><em><strong><span style=\"color: #008000;\"><em><strong>Eso quiere decir, que esos dos m\u00e9dicos y fracci\u00f3n<span style=\"color: #0000ff;\"> -deben- atender a 30 mil personas enfermas.\u00a0<\/span> Redondeando cifras, y para sonar a\u00fan m\u00e1s alarmantes: 10 mil pacientes por profesional de la salud.<\/strong><\/em><\/span><\/strong><\/em><\/strong><\/em><\/strong><\/em><\/strong><\/em><\/h4>\n<h3 style=\"text-align: center;\"><span style=\"color: #993300;\">\u2014\/\u2014<\/span><\/h3>\n<h3><span style=\"color: #0000ff;\"><em><strong>\u2013 Perderse a s\u00ed mismo -3-<a href=\"http:\/\/www.ceadin.org\/b\/wp-content\/uploads\/2022\/12\/b0206.jpg\"><img decoding=\"async\" loading=\"lazy\" class=\"alignright size-full wp-image-6941\" src=\"http:\/\/www.ceadin.org\/b\/wp-content\/uploads\/2022\/12\/b0206.jpg\" alt=\"\" width=\"800\" height=\"587\" srcset=\"https:\/\/www.ceadin.org\/b\/wp-content\/uploads\/2022\/12\/b0206.jpg 800w, https:\/\/www.ceadin.org\/b\/wp-content\/uploads\/2022\/12\/b0206-300x220.jpg 300w, https:\/\/www.ceadin.org\/b\/wp-content\/uploads\/2022\/12\/b0206-768x564.jpg 768w, https:\/\/www.ceadin.org\/b\/wp-content\/uploads\/2022\/12\/b0206-619x454.jpg 619w\" sizes=\"(max-width: 800px) 100vw, 800px\" \/><\/a><\/strong><\/em><\/span><\/h3>\n<h4><span style=\"color: #0000ff;\"><em><strong><em><strong><em><strong><em><strong><em><strong>Narrativa:<span style=\"color: #993300;\"> -En una ocasi\u00f3n le\u00ed sobre un paciente de El Zapote, conocido hospital psiqui\u00e1trico de Jalisco, que hab\u00eda matado a golpes a un compa\u00f1ero de cuarto.<\/span><\/strong><\/em><\/strong><\/em><\/strong><\/em><\/strong><\/em><\/strong><\/em><\/span><\/h4>\n<h3 style=\"text-align: center;\"><span style=\"color: #0000ff;\"><em><strong>\u00bfUn esquizofr\u00e9nico en la misma<br \/>\nhabitaci\u00f3n que un maniaco-depresivo?<br \/>\n<span style=\"color: #008000;\">\u00bfDe verdad.?<\/span><br \/>\n<span style=\"color: #008000;\"> \u00bfS\u00f3lo yo veo el error..?<\/span> <\/strong><\/em><\/span><\/h3>\n<h4><span style=\"color: #3366ff;\"><em><strong><span style=\"color: #993300;\">Cada diagnostico me hac\u00eda recordar todos esos puntos. <\/span><span style=\"color: #993300;\">El rezago social, y la p\u00e9sima atenci\u00f3n en el sector p\u00fablico a estos padecimientos.<\/span><br \/>\n<\/strong><\/em><\/span><\/h4>\n<h3><span style=\"color: #993300;\"><em><strong>Y lo peor de todo.. el miedo a perderme a m\u00ed mismo..!<\/strong><\/em><\/span><\/h3>\n<h4><span style=\"color: #0000ff;\"><strong><em><strong><em><span style=\"color: #993300;\">-Mi abuela muri\u00f3 diagnosticada con<\/span> -bipolaridad familiar, y un poco de esquizofrenia-, <span style=\"color: #993300;\">para el final de sus d\u00edas se complicaba bastante el convivir con ella. Nunca sab\u00edamos c\u00f3mo iba amanecer o c\u00f3mo iba a evolucionar durante el d\u00eda.<\/span><br \/>\n<\/em><\/strong><\/em><\/strong><\/span><\/h4>\n<h4><span style=\"color: #0000ff;\"><strong><em><strong><em>-En ocasiones se comportaba agresiva y dec\u00eda cosas bastante hirientes y al final de esa misma jornada, la depresi\u00f3n se apoderaba de ella y cambiaba incluso la mirada y expresi\u00f3n de su rostro-.<\/em><\/strong><\/em><\/strong> <span style=\"color: #993300;\"><strong><em><strong><em>A pesar de eso siempre, antes de dormir, nos recordaba su amor por nosotros e incluso ped\u00eda disculpas por lo que pudo haber desatado con sus actitudes y comentarios.<\/em><\/strong><\/em><\/strong><\/span><\/span><\/h4>\n<h3><span style=\"color: #eb441a;\"><strong><em><strong><em><span style=\"color: #eb441a;\">\u00bfEs eso lo que me depara.?<\/span><a href=\"http:\/\/www.ceadin.org\/b\/wp-content\/uploads\/2022\/12\/b0201.jpg\"><img decoding=\"async\" loading=\"lazy\" class=\"alignright size-full wp-image-6942\" src=\"http:\/\/www.ceadin.org\/b\/wp-content\/uploads\/2022\/12\/b0201.jpg\" alt=\"\" width=\"800\" height=\"704\" srcset=\"https:\/\/www.ceadin.org\/b\/wp-content\/uploads\/2022\/12\/b0201.jpg 800w, https:\/\/www.ceadin.org\/b\/wp-content\/uploads\/2022\/12\/b0201-300x264.jpg 300w, https:\/\/www.ceadin.org\/b\/wp-content\/uploads\/2022\/12\/b0201-768x676.jpg 768w, https:\/\/www.ceadin.org\/b\/wp-content\/uploads\/2022\/12\/b0201-619x545.jpg 619w\" sizes=\"(max-width: 800px) 100vw, 800px\" \/><\/a><\/em><\/strong><\/em><\/strong><\/span><\/h3>\n<h3 style=\"text-align: center;\"><span style=\"color: #008000;\"><strong><em><strong><em><strong>Uno\u00a0de cada tres mexicanos,<\/strong><\/em><\/strong><\/em><\/strong><\/span><br \/>\n<strong><em><strong><span style=\"color: #0000ff;\"><em><strong><span style=\"color: #008000;\">y la mayor\u00eda de los casos, son<\/span> -enfermedades cong\u00e9nitas-. <\/strong><\/em><\/span><\/strong><\/em><\/strong><\/h3>\n<h4><strong><em><strong><span style=\"color: #0000ff;\"><span style=\"color: #993300;\">S\u00ed, puede resultar un dato alarmante; pero al mismo tiempo es un consuelo. <\/span>-Lo m\u00e1s dif\u00edcil de estas enfermedades es, la verg\u00fcenza que conlleva, el miedo a ser juzgado y apartado-. <span style=\"color: #993300;\">Lo<\/span><\/span><span style=\"color: #008000;\"><span style=\"color: #993300;\"> peligroso aqu\u00ed es que, al ser una<\/span> <span style=\"color: #0000ff;\">-enfermedad invisible-,<\/span><\/span> <span style=\"color: #993300;\">podemos llegar a creer que el mantenerla en secreto es la mejor opci\u00f3n&#8230; <\/span><\/strong><\/em><\/strong><\/h4>\n<h3 style=\"text-align: center;\"><span style=\"color: #993300;\"><strong><em><strong>Pero no lo es.! <\/strong><\/em><\/strong><\/span><\/h3>\n<h3 style=\"text-align: center;\"><span style=\"color: #993300;\">\u2014\/\u2014<\/span><\/h3>\n<h4><span style=\"color: #008000;\"><strong><em><strong>El callar un padecimiento mental no s\u00f3lo afecta a la persona que lo padece y a los que lo rodean, afecta a otras personas que no encuentran consuelo al sufrir en silencio.<\/strong><\/em><\/strong><\/span><\/h4>\n<h4><span style=\"color: #0000ff;\"><em><strong><em><strong><span style=\"color: #008000;\">El callar, favorece a que el sector de la salud siga ignorando las necesidades de este tipo de pacientes, el callar favorece a que la sociedad prefiera<\/span> -negar la existencia de dichos males, juzgando y rezagando a quienes los padecen-.<\/strong><\/em><\/strong><\/em><\/span><\/h4>\n<h3 style=\"text-align: center;\"><span style=\"color: #eb441a;\"><strong><em>Es dif\u00edcil, pero no imposible,<br \/>\nse aprende a vivir con ello, a usarlo en favor,<br \/>\ne incluso verlo como un aliado.<\/em><\/strong><\/span><\/h3>\n<h3 style=\"text-align: center;\"><strong><span style=\"color: #008000;\"><em><span style=\"color: #008000;\">Y es que, en momentos<br \/>\nde crisis, es cuando emerge lo mejor de nosotros,<\/span><br \/>\n<span style=\"color: #0000ff;\"><span style=\"color: #008000;\"> la debilidad, obliga a ser fuerte.!<\/span> <\/span><\/em><\/span><\/strong><\/h3>\n<h3 style=\"text-align: center;\"><span style=\"text-decoration: underline; color: #0000ff;\"><strong><em>Y cuando se ha tocado fondo<br \/>\nno hay otra opci\u00f3n. que subir una vez m\u00e1s. <\/em><\/strong><\/span><\/h3>\n<h4 style=\"text-align: left;\"><span style=\"color: #008000;\"><em><strong>Se pueden canalizar los sentimientos y sensaciones por medio de <span style=\"color: #0000ff;\">-actividades art\u00edsticas y f\u00edsicas, rodearse de seres queridos, adentrarse en la naturaleza-.<\/span> <\/strong><\/em><\/span><\/h4>\n<h4 style=\"text-align: left;\"><span style=\"color: #008000;\"><em><strong>Ayudar a otros, puede resultar tambi\u00e9n bastante terap\u00e9utico, pero sobre todo llevar un tratamiento y acudir con un profesional.<\/strong><\/em><\/span><\/h4>\n<h3 style=\"text-align: center;\"><span style=\"color: #eb441a;\"><em><strong>&#8211; Y por m\u00e1s dif\u00edcil que parezca<br \/>\nla crisis, puede ser y ser\u00e1 superada &#8211;<\/strong><\/em><\/span><\/h3>\n<\/blockquote>\n<p><span style=\"color: #008000;\"><em>Imagen-Wolfang Letti<\/em><\/span><\/p>\n<h4><span style=\"color: #0000ff;\"><em><strong>ESPERAMOS ENCUENTRE \u00daTIL ESTA INFORMACI\u00d3N.<\/strong><\/em><\/span><\/h4>\n<h4><span style=\"color: #0000ff;\"><em><strong>SI USTED EST\u00c1 PENSANDO EN HACERSE DA\u00d1O,<br \/>\nO SI CONOCE A ALGUIEN QUE PODR\u00cdA HACERSE DA\u00d1O,<br \/>\nBUSQUE AYUDA R\u00c1PIDAMENTE\u00a0 Y LLAME A SU M\u00c9DICO.<\/strong><\/em><\/span><\/h4>\n<h4><span style=\"color: #008080;\"><em><strong>NOTA IMPORTANTE.<\/strong><\/em><em><strong><br \/>\nBusque ayuda inmediatamente si:<\/strong><\/em><\/span><br \/>\n<span style=\"color: #008080;\"><em><strong>Se siente abrumado.<\/strong><\/em><\/span><br \/>\n<span style=\"color: #008080;\"><em><strong>\u2028Est\u00e1 pensando en hacerse da\u00f1o o en da\u00f1ar a otra persona.<\/strong><\/em><\/span><br \/>\n<span style=\"color: #008080;\"><em><strong>Es incapaz de controlar su comportamiento.<\/strong><\/em><\/span><br \/>\n<span style=\"color: #008080;\"><em><strong>Tiene otros s\u00edntomas muy angustiantes de trastorno<\/strong><\/em><\/span><br \/>\n<span style=\"color: #008080;\"><em><strong>de estr\u00e9s postraum\u00e1tico.<\/strong><\/em><em><strong><br \/>\nLlame a un familiar, no se quede solo.<br \/>\nLlame a su m\u00e9dico.<\/strong><\/em><\/span><\/h4>\n<h4><span style=\"color: #ff00ff;\"><em><strong>EN CASO NECESARIO:<\/strong><\/em><\/span><br \/>\n<span style=\"color: #ff00ff;\"><em><strong>Llame a su m\u00e9dico.<\/strong><\/em><\/span><br \/>\n<span style=\"color: #ff00ff;\"><em><strong>Llame al 911 para servicios de emergencia\u2028 o vaya<\/strong><\/em><\/span><br \/>\n<span style=\"color: #ff00ff;\"><em><strong>a la sala de emergencias m\u00e1s cercana.<\/strong><\/em><\/span><br \/>\n<span style=\"color: #ff00ff;\"><em><strong>En un caso de emergencia, puede llamar a:<\/strong><\/em><\/span><br \/>\n<span style=\"color: #ff00ff;\"><em><strong>SAPTEL \u201cSistema Nacional de Apoyo, Consejo \u2028Psicol\u00f3gico<\/strong><\/em><\/span><br \/>\n<span style=\"color: #ff00ff;\"><em><strong>e Intervenci\u00f3n en Crisis por Tel\u00e9fono\u201d<\/strong><\/em><\/span><br \/>\n<span style=\"color: #ff00ff;\"><em><strong>(Cruz Roja Mexicana\u2013 24 Hrs.) sin costo<\/strong><\/em><\/span><\/h4>\n<h4><span style=\"color: #ff00ff;\"><em><strong>SAPTEL<\/strong><\/em><\/span><br \/>\n<span style=\"color: #ff00ff;\"><em><strong>Av M\u00e9xico #37, Hip\u00f3dromo,<\/strong><\/em><\/span><br \/>\n<span style=\"color: #ff00ff;\"><em><strong>Cuauht\u00e9moc, Ciudad de M\u00e9xico.<\/strong><\/em><\/span><br \/>\n<span style=\"color: #ff00ff;\"><em><strong>Tel\u00e9fono:(55) 52598121<br \/>\nE-mail: <a class=\"col1\" style=\"color: #ff00ff;\" href=\"https:\/\/www.saptel.org.mx\/contacto.html#\">saptel.crlyc@gmail.com<\/a><\/strong><\/em><\/span><\/h4>\n<h4><span style=\"color: #ff00ff;\"><em><strong>\u00a0<\/strong><\/em><\/span><em><strong><span style=\"color: #ff00ff;\">Ayuda en los Estados Unidos:<\/span><br \/>\n<\/strong><span style=\"color: #0000ff;\">Llame al 911 (servicio de emergencia de los Estados Unidos)<\/span><br \/>\n<span style=\"color: #0000ff;\">o acuda a una sala de emergencias.<\/span><br \/>\n<span style=\"color: #0000ff;\">Llame gratis a la l\u00ednea de emergencia del suicidio: 1\u2013888\u2013628\u20139454 para comunicarse con alguien de la Red Nacional de Prevenci\u00f3n del Suicidio. El n\u00famero para las personas con dificultades auditivas es 1\u2013800\u2013799\u20134TTY (4889)<\/span><\/em><\/h4>\n<p><span style=\"color: #0000ff;\"><em>Bibliograf\u00eda consultada<\/em><\/span><br \/>\n<span style=\"color: #0000ff;\"><em> \u2022 Jung, C. G. (1990).\u00a0El contenido de las psicosis: psicog\u00e9nesis de las enfermedades mentales, 2.<\/em><\/span><br \/>\n<span style=\"color: #0000ff;\"><em> \u2022 Laing, R. D., &amp; Schatzman, M. (1978).\u00a0Esquizofrenia y presi\u00f3n social. I. Vericat (Ed.). Tusquets.<\/em><\/span><br \/>\n<span style=\"color: #0000ff;\"><em> \u2022 Ciudad, A., Bobes, J., \u00c1lvarez, E., San, L., Novick, D., &amp; Gilaberte, I. (2011). Resultados cl\u00ednicos relevantes en esquizofrenia: remisi\u00f3n y recuperaci\u00f3n.Revista de Psiquiatr\u00eda y Salud Mental,\u00a04(1), 53-65.<\/em><\/span><br \/>\n<span style=\"color: #0000ff;\"><em> \u2022 Esbec, E., &amp; Echebur\u00faa, E. (2016). Violencia y esquizofrenia: un an\u00e1lisis cl\u00ednico-forense.\u00a0Anuario de Psicolog\u00eda Jur\u00eddica.<\/em><\/span><\/p>\n<p><span style=\"color: #0000ff;\"><em><strong>\u00a0<\/strong><\/em><\/span><\/p>\n<footer class=\"entry-meta\"><\/footer>\n<h3 style=\"text-align: left;\"><\/h3>\n<\/blockquote>\n<\/blockquote>\n","protected":false},"excerpt":{"rendered":"<p>\u2014 Perderse a s\u00ed mismo \u2014 Cuando se tiene alguna fractura, los dem\u00e1s ayudan con las puertas, ceden sus asientos en el transporte p\u00fablico, y evitan que se realice alguna actividad que pueda afectar al sujeto en cuesti\u00f3n, pero.. \u00bfQue hay de los padecimientos, -que -no- resultan notorios f\u00edsicamente&#8230;? Las personas con padecimientos -neurol\u00f3gicos psiqui\u00e1tricos, [&hellip;]<\/p>\n","protected":false},"author":2,"featured_media":0,"parent":0,"menu_order":53,"comment_status":"open","ping_status":"closed","template":"","meta":[],"_links":{"self":[{"href":"https:\/\/www.ceadin.org\/b\/wp-json\/wp\/v2\/pages\/1175"}],"collection":[{"href":"https:\/\/www.ceadin.org\/b\/wp-json\/wp\/v2\/pages"}],"about":[{"href":"https:\/\/www.ceadin.org\/b\/wp-json\/wp\/v2\/types\/page"}],"author":[{"embeddable":true,"href":"https:\/\/www.ceadin.org\/b\/wp-json\/wp\/v2\/users\/2"}],"replies":[{"embeddable":true,"href":"https:\/\/www.ceadin.org\/b\/wp-json\/wp\/v2\/comments?post=1175"}],"version-history":[{"count":0,"href":"https:\/\/www.ceadin.org\/b\/wp-json\/wp\/v2\/pages\/1175\/revisions"}],"wp:attachment":[{"href":"https:\/\/www.ceadin.org\/b\/wp-json\/wp\/v2\/media?parent=1175"}],"curies":[{"name":"wp","href":"https:\/\/api.w.org\/{rel}","templated":true}]}}