{"id":117,"date":"2010-06-27T18:14:43","date_gmt":"2010-06-27T18:14:43","guid":{"rendered":"http:\/\/www.ceadin.org\/b\/%c2%bfque-hacer-en-momentos-de-crisis\/"},"modified":"2022-11-28T16:39:33","modified_gmt":"2022-11-28T16:39:33","slug":"que-hacer-en-momentos-de-crisis","status":"publish","type":"page","link":"https:\/\/www.ceadin.org\/b\/que-hacer-en-momentos-de-crisis\/","title":{"rendered":"\u00bfQu\u00e9 hacer en momentos de crisis?"},"content":{"rendered":"<blockquote>\n<blockquote>\n<h3 style=\"text-align: center;\"><span style=\"color: #008080;\"><em><strong><br \/>\nQue puedo hacer en estos momentos..?<a href=\"http:\/\/www.ceadin.org\/b\/wp-content\/uploads\/2022\/11\/Ewa-Lanrecz-221-e1669467799159.jpg\"><img decoding=\"async\" loading=\"lazy\" class=\"alignright wp-image-6804 size-full\" src=\"http:\/\/www.ceadin.org\/b\/wp-content\/uploads\/2022\/11\/Ewa-Lanrecz-221-e1669653562649.jpg\" alt=\"\" width=\"600\" height=\"716\" srcset=\"https:\/\/www.ceadin.org\/b\/wp-content\/uploads\/2022\/11\/Ewa-Lanrecz-221-e1669653562649.jpg 600w, https:\/\/www.ceadin.org\/b\/wp-content\/uploads\/2022\/11\/Ewa-Lanrecz-221-e1669653562649-251x300.jpg 251w\" sizes=\"(max-width: 600px) 100vw, 600px\" \/><\/a><\/strong><\/em><\/span><\/h3>\n<h3 style=\"text-align: center;\"><span style=\"color: #808000;\"><em><strong>\u2192 Si estas atendid@\/o por tu m\u00e9dico, sigue sus instrucciones.<\/strong><\/em><\/span><\/h3>\n<\/blockquote>\n<h3 style=\"text-align: center;\"><span style=\"color: #808000;\"><em><strong>\u2190 Si en esos momentos no tienes a la mano a tu doctor,<br \/>\no no estas atendido por alg\u00fan m\u00e9dico,<br \/>\no no es un horario adecuado para comunicarte con alguien:<\/strong><\/em><\/span><\/h3>\n<h3 style=\"text-align: center;\"><span style=\"color: #ba38cf;\"><em><strong>Haras esto:<\/strong><\/em><\/span><\/h3>\n<h3 style=\"text-align: center;\"><span style=\"color: #ba38cf;\"><em><strong>Cuando se presenta la crisis,<br \/>\ndesde luego est\u00e1 perturbada la mente,<br \/>\nciertamente crees que t\u00fa no puedes hacer nada:<\/strong><\/em><\/span><\/h3>\n<h3 style=\"text-align: center;\"><span style=\"text-decoration: underline; color: #0000ff;\"><em><strong><span style=\"color: #7a0ecc; text-decoration: underline;\"><br \/>\n&#x2666; OJO, ESO NO ES CIERTO..<\/span><br \/>\n<\/strong><\/em><\/span><\/h3>\n<h3 style=\"text-align: center;\"><span style=\"text-decoration: underline; color: #7a0ecc;\"><em> <strong><br \/>\n&#x2666; YO HE PASADO POR ESOS MOMENTOS,<br \/>\nY SE QUE SI PUEDES HACER ALGO POR TI..<\/strong><\/em><\/span><\/h3>\n<h3><\/h3>\n<h3 style=\"text-align: center;\"><span style=\"text-decoration: underline; color: #808000;\"><em><strong><span style=\"color: #ba38cf; text-decoration: underline;\">Primero:<\/span> Trata de calmarte,<br \/>\n( si, ya s\u00e9 que es muy dif\u00edcil )<br \/>\npero si puedes:<\/strong><\/em><\/span><\/h3>\n<h3><\/h3>\n<h3 style=\"text-align: center;\"><span style=\"text-decoration: underline; color: #7a0ecc;\"><em><strong><br \/>\n&#x2663;\u00a0 CONCENTRATE EN TU RESPIRACION&#8230;<\/strong><\/em><\/span><\/h3>\n<h3><\/h3>\n<h3 style=\"text-align: center;\"><span style=\"text-decoration: underline; color: #ba38cf;\"><em><strong><br \/>\n&#x2663;\u00a0 EMPIEZA A CAMINAR&#8230;<\/strong><\/em><\/span><\/h3>\n<h3><\/h3>\n<h3 style=\"text-align: center;\"><span style=\"text-decoration: underline; color: #808000;\"><em><strong><br \/>\n&#x2663;\u00a0 SI QUIERES LLORAR;\u00a0 LLORA&#8230;<\/strong><\/em><\/span><\/h3>\n<h3 style=\"text-align: center;\"><\/h3>\n<h3 style=\"text-align: center;\"><span style=\"text-decoration: underline; color: #7a0ecc;\"><em><strong><br \/>\n&#x2663;\u00a0 PUEDES CAMINAR ALREDEDOR DE TU MESA DE COMEDOR,<br \/>\nO SI TIENES JARDIN, CAMINA, CAMINA, CAMINA&#8230;<\/strong><\/em><\/span><\/h3>\n<h3 style=\"text-align: center;\"><\/h3>\n<h3 style=\"text-align: center;\"><span style=\"text-decoration: underline; color: #ba38cf;\"><em><strong><br \/>\n&#x2663;\u00a0 MUEVE TUS BRAZOS Y MANOS,<br \/>\nCOMO SI QUISIERAS SACUDIR AGUA&#8230;<\/strong><\/em><\/span><\/h3>\n<h3 style=\"text-align: center;\"><\/h3>\n<h3 style=\"text-align: center;\"><span style=\"text-decoration: underline; color: #808000;\"><em><strong><br \/>\n&#x2663;\u00a0 SACUDE TAMBI\u00c9N PIERNAS Y PIES,<br \/>\nCOMO SI QUISIERAS QUITARTE AGUA DE ELLOS&#8230;<\/strong><\/em><\/span><\/h3>\n<h3 style=\"text-align: center;\"><\/h3>\n<h3 style=\"text-align: center;\"><span style=\"color: #7a0ecc;\"><em><strong><br \/>\n&#x2663;\u00a0 PUEDES TOMAR UN VASO CON AGUA<br \/>\nY PONERLO EN ALGUN LUGAR, Y CUANDO PASES CERCA DE EL,<br \/>\nTOMAR CADA VEZ UN TRAGO&#8230;<\/strong><\/em><\/span><\/h3>\n<h3><\/h3>\n<h3 style=\"text-align: center;\"><span style=\"text-decoration: underline; color: #ba38cf;\"><em><strong><br \/>\n&#x2663;\u00a0 SI QUIERES HABLAR,<br \/>\nPUEDES DECIR EN VOZ ALTA COMO TE SIENTES&#8230;<\/strong><\/em><\/span><\/h3>\n<h3 style=\"text-align: center;\"><\/h3>\n<h3 style=\"text-align: center;\"><span style=\"text-decoration: underline; color: #7a0ecc;\"><em><strong><br \/>\n&#x2663;\u00a0 CONCENTRATE EN -OBSERVAR- (SOLO OBSERVAR)<br \/>\nLO QUE SIENTES EN TU CUERPO<br \/>\nY DILO EN VOZ ALTA<\/strong><\/em><em><strong>:<br \/>\n(si, ya s\u00e9 que no lo quieres sentir, pero lo tienes que decir.!)<\/strong><\/em><\/span><\/h3>\n<h3 style=\"text-align: center;\"><\/h3>\n<h3 style=\"text-align: center;\"><span style=\"color: #808000;\"><em><strong><br \/>\nRECORRE TU CUERPO EMPEZANDO CON TU CABEZA Y<br \/>\nVE DICIENDO LO QUE SIENTES Y AS\u00cd ANALIZANDO: <\/strong><\/em><\/span><br \/>\n<span style=\"color: #808000;\"> <em><strong>En la cara<br \/>\n<em><strong>Mejillas<\/strong><\/em><br \/>\n<em><strong>ojos<\/strong><\/em><br \/>\n<em><strong>boca<\/strong><\/em><br \/>\n<em><strong>cuello<\/strong><\/em><br \/>\n<em><strong>hombros<\/strong><\/em><br \/>\n<em><strong>brazos<\/strong><\/em><br \/>\n<em><strong>manos<\/strong><\/em><\/strong><\/em><\/span><\/h3>\n<h3 style=\"text-align: center;\"><span style=\"color: #808000;\"><em><strong><em><strong>y as\u00ed todo tu cuerpo&#8230;<\/strong><\/em><\/strong><\/em><\/span><\/h3>\n<h3 style=\"text-align: center;\"><span style=\"text-decoration: underline; color: #7a0ecc;\"><em><strong>CAMBIAMOS LA INTENCI\u00d3N NEGATIVA DE LO QUE ESTAS SINTIENDO,<\/strong><\/em><\/span><br \/>\n<span style=\"color: #800080;\"><em><strong><span style=\"text-decoration: underline; color: #7a0ecc;\"> POR UNA QUE TE<\/span><span style=\"color: #008000;\"><span style=\"text-decoration: underline; color: #7a0ecc;\"> -DES-IDENTIFICA DE TU CUERPO-<\/span><br \/>\n<span style=\"text-decoration: underline; color: #808000;\"> (SOLO LO SIENTE TU CUERPO), TU NO..!<\/span><br \/>\n<\/span><\/strong><\/em><\/span><\/h3>\n<h3 style=\"text-align: center;\"><\/h3>\n<h3 style=\"text-align: center;\"><span style=\"color: #ba38cf;\"><em><strong><em><strong><span style=\"text-decoration: underline;\"><br \/>\n&#x2663;\u00a0 SI ESTAS ACOMPA\u00d1ADA Y SOPORTAS UN ABRAZO,<\/span><br \/>\n<span style=\"text-decoration: underline;\"> PIDE QUE TE ABRACE&#8230;<\/span> <\/strong><\/em><\/strong><\/em><\/span><\/h3>\n<h3 style=\"text-align: center;\"><\/h3>\n<h3 style=\"text-align: center;\"><span style=\"text-decoration: underline; color: #7a0ecc;\"><em><strong><em><strong><br \/>\n&#x2663;\u00a0 LA CRISIS PASARA EN ALGUNOS MOMENTOS,<br \/>\nY YA CALMADA TOMARAS UNA DECISION&#8230;<\/strong><\/em><\/strong><\/em><\/span><\/h3>\n<h3 style=\"text-align: center;\"><\/h3>\n<h3 style=\"text-align: center;\"><span style=\"text-decoration: underline; color: #808000;\"><em><strong><em><strong><br \/>\n&#x2663;\u00a0 SI NO TIENES PODER DE DECISI\u00d3N Y ESTAS ACOMPA\u00d1ADA,<br \/>\nPIDE QUE TOMEN UNA DECISI\u00d3N POR TI&#8230;<\/strong><\/em><\/strong><\/em><\/span><\/h3>\n<h3 style=\"text-align: center;\"><\/h3>\n<h3 style=\"text-align: center;\"><span style=\"text-decoration: underline; color: #ba38cf;\"><em><strong><em><strong><br \/>\nRECUERDA:<br \/>\nLA CRISIS PASARA EN ALGUNOS MOMENTOS,<br \/>\nNO HAGAS NADA DE LO QUE TE PUEDAS ARREPENTIR&#8230; <\/strong><\/em><\/strong><\/em><\/span><\/h3>\n<p>&nbsp;<\/p>\n<h4><span style=\"color: #008080;\"><em><strong>Busque ayuda inmediatamente si:<\/strong><\/em><\/span><br \/>\n<span style=\"color: #008080;\"><em><strong>Se siente abrumado.<\/strong><\/em><\/span><br \/>\n<span style=\"color: #008080;\"><em><strong>\u2028Est\u00e1 pensando en hacerse da\u00f1o o en da\u00f1ar a otra persona.<\/strong><\/em><\/span><br \/>\n<span style=\"color: #008080;\"><em><strong>Es incapaz de controlar su comportamiento.<\/strong><\/em><\/span><br \/>\n<span style=\"color: #008080;\"><em><strong>Tiene otros s\u00edntomas muy angustiantes de trastorno<\/strong><\/em><\/span><br \/>\n<span style=\"color: #008080;\"><em><strong>de estr\u00e9s postraum\u00e1tico.<\/strong><\/em><\/span><\/h4>\n<h4><span style=\"color: #ba38cf;\"><em><strong>EN CASO NECESARIO:<\/strong><\/em><\/span><br \/>\n<span style=\"color: #ba38cf;\"><em><strong>Llame a su m\u00e9dico.<\/strong><\/em><\/span><br \/>\n<span style=\"color: #ba38cf;\"><em><strong>Llame al 911 para servicios de emergencia\u2028 o vaya<\/strong><\/em><\/span><br \/>\n<span style=\"color: #ba38cf;\"><em><strong>a la sala de emergencias m\u00e1s cercana.<\/strong><\/em><\/span><br \/>\n<span style=\"color: #ba38cf;\"><em><strong>En un caso de emergencia, puede llamar a:<\/strong><\/em><\/span><br \/>\n<span style=\"color: #ba38cf;\"><em><strong>SAPTEL \u201cSistema Nacional de Apoyo, Consejo \u2028Psicol\u00f3gico<\/strong><\/em><\/span><br \/>\n<span style=\"color: #ba38cf;\"><em><strong>e Intervenci\u00f3n en Crisis por Tel\u00e9fono\u201d<\/strong><\/em><\/span><br \/>\n<span style=\"color: #ba38cf;\"><em><strong>(Cruz Roja Mexicana\u2013 24 Hrs.) sin costo<\/strong><\/em><\/span><\/h4>\n<h4><span style=\"color: #ba38cf;\"><em><strong>SAPTEL<\/strong><\/em><\/span><br \/>\n<span style=\"color: #ba38cf;\"><em><strong>Av M\u00e9xico #37, Hip\u00f3dromo,<\/strong><\/em><\/span><br \/>\n<span style=\"color: #ba38cf;\"><em><strong><span style=\"color: #ba38cf;\">Cuauht\u00e9mo<\/span>c, Ciudad de M\u00e9xico.<\/strong><\/em><\/span><br \/>\n<span style=\"color: #ba38cf;\"><em><strong>Tel\u00e9fono:(55) 52598121<br \/>\n<span style=\"color: #ba38cf;\">E-mail: <a class=\"col1\" style=\"color: #ba38cf;\" href=\"https:\/\/www.saptel.org.mx\/contacto.html#\">saptel.crlyc@gmail.com<\/a><\/span><\/strong><\/em><\/span><\/h4>\n<p><span style=\"color: #ba38cf;\"><em>Artista-Ewa Lanrecz\u00a0<\/em><\/span><\/p>\n<h4><em><strong>\u00a0<\/strong><\/em><\/h4>\n<h4><\/h4>\n<h4><span style=\"color: #008000;\"><em><strong>\u00a0<\/strong><\/em><\/span><\/h4>\n<\/blockquote>\n","protected":false},"excerpt":{"rendered":"<p>Que puedo hacer en estos momentos..? \u2192 Si estas atendid@\/o por tu m\u00e9dico, sigue sus instrucciones. \u2190 Si en esos momentos no tienes a la mano a tu doctor, o no estas atendido por alg\u00fan m\u00e9dico, o no es un horario adecuado para comunicarte con alguien: Haras esto: Cuando se presenta la crisis, desde luego [&hellip;]<\/p>\n","protected":false},"author":2,"featured_media":0,"parent":0,"menu_order":10,"comment_status":"open","ping_status":"closed","template":"","meta":[],"_links":{"self":[{"href":"https:\/\/www.ceadin.org\/b\/wp-json\/wp\/v2\/pages\/117"}],"collection":[{"href":"https:\/\/www.ceadin.org\/b\/wp-json\/wp\/v2\/pages"}],"about":[{"href":"https:\/\/www.ceadin.org\/b\/wp-json\/wp\/v2\/types\/page"}],"author":[{"embeddable":true,"href":"https:\/\/www.ceadin.org\/b\/wp-json\/wp\/v2\/users\/2"}],"replies":[{"embeddable":true,"href":"https:\/\/www.ceadin.org\/b\/wp-json\/wp\/v2\/comments?post=117"}],"version-history":[{"count":0,"href":"https:\/\/www.ceadin.org\/b\/wp-json\/wp\/v2\/pages\/117\/revisions"}],"wp:attachment":[{"href":"https:\/\/www.ceadin.org\/b\/wp-json\/wp\/v2\/media?parent=117"}],"curies":[{"name":"wp","href":"https:\/\/api.w.org\/{rel}","templated":true}]}}