{"id":1160,"date":"2015-11-05T03:14:03","date_gmt":"2015-11-05T03:14:03","guid":{"rendered":"http:\/\/www.ceadin.org\/b\/"},"modified":"2023-01-08T00:20:00","modified_gmt":"2023-01-08T00:20:00","slug":"que-es-el-trastorno-bipolar","status":"publish","type":"page","link":"https:\/\/www.ceadin.org\/b\/que-es-el-trastorno-bipolar\/","title":{"rendered":"\u00bfQu\u00e9 es el trastorno bipolar?"},"content":{"rendered":"<blockquote>\n<blockquote>\n<h3><span style=\"color: #008000;\"><em><br \/>\n<strong>EJEMPLOS:<\/strong><\/em><\/span><\/h3>\n<h3 style=\"text-align: center;\"><span style=\"color: #008000;\"><em><strong><span style=\"color: #ff00ff;\">-El TRASTORNO BIPOLAR- <\/span><\/strong><\/em><em><strong>es una enfermedad del cerebro,<\/strong><\/em><em><strong> y<br \/>\n<\/strong><\/em><em><strong> tambi\u00e9n se llama enfermedad<\/strong><\/em><em><strong><span style=\"color: #ff00ff;\"> -MANIACO DEPRESIVA-<\/span><br \/>\n<\/strong><\/em><\/span><\/h3>\n<blockquote>\n<h3 style=\"text-align: center;\"><span style=\"color: #008000;\"><em><strong><span style=\"color: #008000;\">Los que sufren del <span style=\"color: #ff00ff;\">-TRASTORNO BIPOLAR-<\/span><br \/>\nexperimentan cambios de \u00e1nimo inusuales,<\/span><span style=\"color: #008000;\"> tambi\u00e9n puede provocar cambios en la energ\u00eda y el comportamiento.<\/span><\/strong><\/em><\/span><\/h3>\n<h3 style=\"text-align: center;\"><span style=\"color: #008000;\">&#8211;\/&#8211;<\/span><\/h3>\n<h3 style=\"text-align: center;\"><span style=\"color: #008000;\"><em><strong>A veces se sienten muy <span style=\"color: #ff00ff;\">-FELICES Y ANIMADOS-<\/span><br \/>\ny mucho m\u00e1s activos que de costumbre<br \/>\nesto se llama<span style=\"text-decoration: underline; color: #ff00ff;\"> -MAN\u00cdA-<\/span><\/strong><\/em><\/span><\/h3>\n<h3 style=\"text-align: center;\"><em><strong><a href=\"http:\/\/www.ceadin.org\/b\/wp-content\/uploads\/2015\/11\/wolfang-lettl-6-e1446861666488.jpg\"><img decoding=\"async\" loading=\"lazy\" class=\"aligncenter wp-image-1166\" title=\"wolfang lettl 6\" src=\"http:\/\/www.ceadin.org\/b\/wp-content\/uploads\/2015\/11\/wolfang-lettl-6-e1446861666488.jpg\" width=\"650\" height=\"468\" srcset=\"https:\/\/www.ceadin.org\/b\/wp-content\/uploads\/2015\/11\/wolfang-lettl-6-e1446861666488.jpg 650w, https:\/\/www.ceadin.org\/b\/wp-content\/uploads\/2015\/11\/wolfang-lettl-6-e1446861666488-300x216.jpg 300w\" sizes=\"(max-width: 650px) 100vw, 650px\" \/><\/a><\/strong><\/em><span style=\"color: #008000;\"><strong>&#8211;\/&#8211;<\/strong><\/span><\/h3>\n<h3 style=\"text-align: center;\"><span style=\"color: #ff0000;\"><em><strong><span style=\"color: #ff00ff;\"><span style=\"color: #008000;\">Y a veces los que sufren del<\/span> -TRASTORNO BIPOLAR-<br \/>\n<span style=\"color: #008000;\">se sienten muy<\/span> -TRISTES Y DEPRIMIDOS- <span style=\"color: #008000;\">y son mucho menos activos<\/span><\/span><span style=\"color: #008000;\">, <\/span><span style=\"color: #ff00ff;\"><span style=\"color: #008000;\">esto se llama<\/span> -DEPRESI\u00d3N-<\/span><\/strong><\/em><\/span><span style=\"color: #ff00ff;\"><em><strong><br \/>\n<\/strong><\/em><\/span><\/h3>\n<h3 style=\"text-align: center;\"><span style=\"color: #ff0000;\"><em><strong><img decoding=\"async\" loading=\"lazy\" class=\"aligncenter wp-image-1165 size-full\" title=\"Wolfgang Lettl (7)\" src=\"http:\/\/www.ceadin.org\/b\/wp-content\/uploads\/2015\/11\/Wolfgang-Lettl-7-e1446861410413.jpg\" width=\"648\" height=\"456\" srcset=\"https:\/\/www.ceadin.org\/b\/wp-content\/uploads\/2015\/11\/Wolfgang-Lettl-7-e1446861410413.jpg 648w, https:\/\/www.ceadin.org\/b\/wp-content\/uploads\/2015\/11\/Wolfgang-Lettl-7-e1446861410413-300x211.jpg 300w\" sizes=\"(max-width: 648px) 100vw, 648px\" \/><\/strong><\/em><\/span><span style=\"color: #008000;\"><strong>&#8211;\/&#8211;<\/strong><\/span><\/h3>\n<h3 style=\"text-align: center;\"><em><strong><span style=\"text-decoration: underline; color: #ff00ff;\"><span style=\"color: #7a0ecc; text-decoration: underline;\">\u2014 LOS SINTOMAS BIPOLARES SON POTENTES \u2014<\/span><br \/>\n<span style=\"color: #008000; text-decoration: underline;\">Si no se diagnostica la enfermedad,<br \/>\npueden da\u00f1ar las relaciones entre personas.<\/span><\/span><\/strong><\/em><\/h3>\n<h3 style=\"text-align: center;\"><em><strong><span style=\"color: #ff0000;\"><img decoding=\"async\" loading=\"lazy\" class=\"aligncenter size-full wp-image-1168\" title=\"wolfgang letl 10\" src=\"http:\/\/www.ceadin.org\/b\/wp-content\/uploads\/2015\/11\/wolfgang-letl-10-e1446862308233.jpg\" alt=\"\" width=\"648\" height=\"572\" srcset=\"https:\/\/www.ceadin.org\/b\/wp-content\/uploads\/2015\/11\/wolfgang-letl-10-e1446862308233.jpg 648w, https:\/\/www.ceadin.org\/b\/wp-content\/uploads\/2015\/11\/wolfgang-letl-10-e1446862308233-300x264.jpg 300w\" sizes=\"(max-width: 648px) 100vw, 648px\" \/><\/span><\/strong><\/em><\/h3>\n<h3 style=\"text-align: center;\"><span style=\"color: #008000;\"><strong>&#8211;\/&#8211;<\/strong><\/span><\/h3>\n<h3 style=\"text-align: center;\"><span style=\"text-decoration: underline;\"><em><span style=\"color: #ff00ff; text-decoration: underline;\"><strong><span style=\"color: #7a0ecc; text-decoration: underline;\">Algunas personas que sufren del <\/span><span style=\"color: #ff00ff; text-decoration: underline;\">-TRASTORNO BIPOLAR-<\/span><br \/>\n<span style=\"color: #7a0ecc; text-decoration: underline;\">PUEDEN HACERSE DA\u00d1O.<a href=\"http:\/\/www.ceadin.org\/b\/wp-content\/uploads\/2022\/12\/wolfgang-lettl-31-1.png\"><img decoding=\"async\" loading=\"lazy\" class=\"alignright size-full wp-image-6882\" src=\"http:\/\/www.ceadin.org\/b\/wp-content\/uploads\/2022\/12\/wolfgang-lettl-31-1.png\" alt=\"\" width=\"800\" height=\"982\" srcset=\"https:\/\/www.ceadin.org\/b\/wp-content\/uploads\/2022\/12\/wolfgang-lettl-31-1.png 800w, https:\/\/www.ceadin.org\/b\/wp-content\/uploads\/2022\/12\/wolfgang-lettl-31-1-244x300.png 244w, https:\/\/www.ceadin.org\/b\/wp-content\/uploads\/2022\/12\/wolfgang-lettl-31-1-768x943.png 768w, https:\/\/www.ceadin.org\/b\/wp-content\/uploads\/2022\/12\/wolfgang-lettl-31-1-619x760.png 619w\" sizes=\"(max-width: 800px) 100vw, 800px\" \/><\/a><\/span><\/strong><\/span><\/em><\/span><\/h3>\n<h3 style=\"text-align: center;\"><\/h3>\n<h3 style=\"text-align: center;\"><span style=\"color: #ff00ff;\"><span style=\"color: #008000;\"><strong>&#8211;\/<\/strong><strong>&#8211;<\/strong><strong>&#8211;<\/strong><em><strong><br \/>\n<\/strong><\/em><\/span><\/span><\/h3>\n<h3 style=\"text-align: center;\"><span style=\"color: #008000;\"><em><strong>Los que sufren del <span style=\"color: #ff00ff;\">-TRASTORNO BIPOLAR-,<\/span><br \/>\npueden obtener tratamiento.<br \/>\nY con ayuda pueden<br \/>\nmejorar y llevar vidas exitosas.<\/strong><\/em><\/span><\/h3>\n<h3 id=\"pub3\" style=\"text-align: center;\"><em><img decoding=\"async\" loading=\"lazy\" class=\"aligncenter size-full wp-image-1171\" title=\"la estrella del cisne 5\" src=\"http:\/\/www.ceadin.org\/b\/wp-content\/uploads\/2015\/11\/la-estrella-del-cisne-5-e1446869199172.jpg\" alt=\"\" width=\"650\" height=\"446\" srcset=\"https:\/\/www.ceadin.org\/b\/wp-content\/uploads\/2015\/11\/la-estrella-del-cisne-5-e1446869199172.jpg 650w, https:\/\/www.ceadin.org\/b\/wp-content\/uploads\/2015\/11\/la-estrella-del-cisne-5-e1446869199172-300x205.jpg 300w\" sizes=\"(max-width: 650px) 100vw, 650px\" \/><\/em><\/h3>\n<h3 style=\"text-align: center;\"><span style=\"color: #7a0ecc;\"><em><strong>Es muy importante que usted, o alg\u00fan familiar est\u00e9 atento.<\/strong><\/em><\/span><\/h3>\n<\/blockquote>\n<h3 style=\"text-align: left;\"><em><strong><span style=\"color: #ff00ff;\">-La depresi\u00f3n y el trastorno bipolar (tambi\u00e9n conocido como depresi\u00f3n man\u00edaca)-,<\/span> <span style=\"color: #008000;\">son dos enfermedades m\u00e9dicas tratables. Por desgracia, muchas personas no reciben la ayuda que necesitan, debido a malentendidos de los aspectos que rodean estas enfermedades, <span style=\"color: #7a0ecc;\">-o al miedo que produce el estigma-<\/span> <\/span><\/strong><\/em><\/h3>\n<h3 class=\"V7ewqe\"><em><strong><span style=\"color: #ff00ff;\">-Los episodios man\u00edacos-,<\/span> <span style=\"color: #008000;\">pueden incluir s\u00edntomas como exceso de energ\u00eda, reducci\u00f3n de la necesidad de dormir y: <\/span><\/strong><\/em><\/h3>\n<h3 class=\"V7ewqe\" style=\"text-align: center;\"><span style=\"text-decoration: underline;\"><span style=\"color: #7a0ecc; text-decoration: underline;\"><em><strong>P\u00c9RDIDA DE LA NOCI\u00d3N DE LA REALIDAD.<\/strong><\/em><\/span><\/span><\/h3>\n<h3 class=\"V7ewqe\"><em><strong><span style=\"color: #ff00ff;\">-Los episodios depresivos-,<\/span> <span style=\"color: #008000;\">pueden incluir s\u00edntomas como falta de energ\u00eda, poca motivaci\u00f3n y p\u00e9rdida de inter\u00e9s en las actividades cotidianas.<\/span><\/strong><\/em><\/h3>\n<h3 class=\"V7ewqe\"><em><strong><span style=\"color: #ff00ff;\">-Los episodios de cambios de humor duran de d\u00edas a meses-,<\/span> <span style=\"text-decoration: underline; color: #7a0ecc;\">y tambi\u00e9n pueden estar asociados con pensamientos suicidas.<\/span><\/strong><\/em><\/h3>\n<h3 class=\"V7ewqe\" style=\"text-align: center;\"><span style=\"text-decoration: underline; color: #7a0ecc;\"><em><strong>El tratamiento suele ser de por vida<br \/>\ne incluir una combinaci\u00f3n de medicamentos y psicoterapia.<\/strong><\/em><\/span><\/h3>\n<h3 style=\"text-align: left;\"><em><strong><span style=\"color: #008000;\">La informaci\u00f3n siguiente es muy importante porque puede ayudarle a saber m\u00e1s sobre los <span style=\"color: #ff00ff;\">-S\u00edntomas y Se\u00f1ales-<\/span> y <span style=\"color: #ff00ff;\">-los s\u00edntomas de los trastornos del estado de \u00e1nimo-<\/span>, de manera que usted pueda obtener la ayuda que necesita para usted mismo o un ser querido.<\/span><\/strong><\/em><\/h3>\n<h3><span style=\"color: #008000;\"><em><strong><span style=\"color: #ff00ff;\">-Si experimenta cinco o m\u00e1s de estos s\u00edntomas por m\u00e1s de dos semanas, o si alguno de estos s\u00edntomas interfiere con el trabajo o la familia-,<\/span> consulte a su m\u00e9dico para una evaluaci\u00f3n profunda. Esto suele incluir un examen f\u00edsico completo (algunas otras enfermedades tambi\u00e9n pueden causar estos s\u00edntomas), adem\u00e1s de una conversaci\u00f3n abierta y honesta sobre c\u00f3mo se siente, y una revisi\u00f3n de sus antecedentes familiares.<\/strong><\/em><\/span><\/h3>\n<\/blockquote>\n<h3 style=\"text-align: center;\"><a href=\"http:\/\/www.ceadin.org\/b\/wp-content\/uploads\/2019\/01\/wolfgang-letti-2.jpg\"><img decoding=\"async\" loading=\"lazy\" class=\"aligncenter size-full wp-image-5019\" src=\"http:\/\/www.ceadin.org\/b\/wp-content\/uploads\/2019\/01\/wolfgang-letti-2.jpg\" alt=\"\" width=\"684\" height=\"375\" srcset=\"https:\/\/www.ceadin.org\/b\/wp-content\/uploads\/2019\/01\/wolfgang-letti-2.jpg 684w, https:\/\/www.ceadin.org\/b\/wp-content\/uploads\/2019\/01\/wolfgang-letti-2-300x164.jpg 300w, https:\/\/www.ceadin.org\/b\/wp-content\/uploads\/2019\/01\/wolfgang-letti-2-619x339.jpg 619w\" sizes=\"(max-width: 684px) 100vw, 684px\" \/><\/a><span style=\"color: #ff00ff;\"><em><strong><span style=\"text-decoration: underline;\">\u2014 S\u00cdNTOMAS Y SE\u00d1ALES DEL TRASTORNO BIPOLAR \u2014<\/span><\/strong><\/em><\/span><\/h3>\n<blockquote>\n<h3 style=\"text-align: center;\"><em><strong><span style=\"color: #008000;\"><span style=\"color: #ff00ff;\"><span style=\"color: #008000;\">-El trastorno bipolar es diferente de la depresi\u00f3n cl\u00ednica-<\/span><br \/>\n<\/span> aunque los s\u00edntomas de la fase depresiva de la enfermedad son similares. <\/span><\/strong><\/em><\/h3>\n<h3><em><strong><span style=\"color: #008000;\"><span style=\"color: #ff00ff;\">-Las personas con trastorno bipolar hablan de experimentar cambios en el estado de \u00e1nimo-<\/span><span style=\"color: #7a0ecc;\"><u> ESTOS CAMBIOS PUEDEN SER GRAVES, OSCILANDO ENTRE LA ENERG\u00cdA EXTREMA Y LA DESESPERACI\u00d3N PROFUNDA.\u00a0<\/u><\/span><\/span><\/strong><\/em><\/h3>\n<h3><em><strong><span style=\"color: #008000;\">Estos cambios en el estado de \u00e1nimo interrumpen las actividades de la vida normal y \u00e9sta es la <span style=\"color: #ff00ff;\">-diferencia entre episodios bipolares y cambios normales en el estado de \u00e1nimo-. <\/span>Los cambios pueden ser leves, como ir de la tristeza a la irritabilidad, o la inquietud.<\/span><\/strong><\/em><\/h3>\n<h3 style=\"text-align: center;\"><span style=\"color: #008000;\"><em><strong><u><span style=\"color: #7a0ecc;\">PERO SI TIENE S\u00cdNTOMAS<\/span><br \/>\n<span style=\"color: #7a0ecc;\">SEVEROS DE UNA ENFERMEDAD COMO LA: <\/span><span style=\"color: #ff00ff;\"><br \/>\n<\/span><\/u><\/strong><\/em><\/span><\/h3>\n<h3 style=\"text-align: center;\"><span style=\"color: #008000;\"><em><strong><u><span style=\"color: #ff00ff;\">-DEPRESI\u00d3N, O EL TRASTORNO BIPOLAR-<\/span><br \/>\n<\/u><\/strong><\/em><\/span><\/h3>\n<h3 style=\"text-align: center;\"><span style=\"color: #008000;\"><em><strong><u><span style=\"color: #7a0ecc;\">UNA BREVE ESTANCIA EN EL<\/span><br \/>\n<span style=\"color: #7a0ecc;\">HOSPITAL PUEDE AYUDARLE A ESTABILIZARSE.<\/span><\/u><\/strong><\/em><\/span><\/h3>\n<h3 style=\"text-align: center;\"><span style=\"color: #008000;\"><em><strong>Su medico o alguno de sus familiares<br \/>\npueden sugerirle, acerca de la necesidad de ser hospitalizado.<a href=\"http:\/\/www.ceadin.org\/b\/wp-content\/uploads\/2022\/12\/wolfgang-lettl68.png\"><img decoding=\"async\" loading=\"lazy\" class=\"alignright size-full wp-image-6883\" src=\"http:\/\/www.ceadin.org\/b\/wp-content\/uploads\/2022\/12\/wolfgang-lettl68.png\" alt=\"\" width=\"926\" height=\"757\" srcset=\"https:\/\/www.ceadin.org\/b\/wp-content\/uploads\/2022\/12\/wolfgang-lettl68.png 926w, https:\/\/www.ceadin.org\/b\/wp-content\/uploads\/2022\/12\/wolfgang-lettl68-300x245.png 300w, https:\/\/www.ceadin.org\/b\/wp-content\/uploads\/2022\/12\/wolfgang-lettl68-768x628.png 768w, https:\/\/www.ceadin.org\/b\/wp-content\/uploads\/2022\/12\/wolfgang-lettl68-619x506.png 619w\" sizes=\"(max-width: 926px) 100vw, 926px\" \/><\/a><\/strong><\/em><\/span><\/h3>\n<h3 style=\"text-align: left;\"><a href=\"http:\/\/www.ceadin.org\/b\/cuando-es-necesario-que-vaya-al-hospital\/\"><span style=\"color: #ff00ff;\"><em><strong><span style=\"color: #ff00ff;\">\u00bfCu\u00e1ndo es necesario q<\/span>ue vaya al hospital?\u00a0 <span style=\"color: #008000;\">ver mas\u00bb<\/span><\/strong><\/em><\/span><\/a><\/h3>\n<p><span style=\"color: #ff00ff;\"><em>Artista-Wolfang Letti<\/em><\/span><\/p>\n<p>&#8211; &#8211; &#8211; &#8211;<\/p><\/blockquote>\n<h4><span style=\"color: #008080;\"><em><strong>Busque ayuda inmediatamente si:<\/strong><\/em><\/span><br \/>\n<span style=\"color: #008080;\"><em><strong>Se siente abrumado.<\/strong><\/em><\/span><br \/>\n<span style=\"color: #008080;\"><em><strong>\u2028Est\u00e1 pensando en hacerse da\u00f1o o en da\u00f1ar a otra persona.<\/strong><\/em><\/span><br \/>\n<span style=\"color: #008080;\"><em><strong>Es incapaz de controlar su comportamiento.<\/strong><\/em><\/span><br \/>\n<span style=\"color: #008080;\"><em><strong>Tiene otros s\u00edntomas muy angustiantes de trastorno<\/strong><\/em><\/span><br \/>\n<span style=\"color: #008080;\"><em><strong>de estr\u00e9s postraum\u00e1tico.<\/strong><\/em><em><strong><br \/>\nLlame a un familiar, no se quede solo.<br \/>\nLlame a su m\u00e9dico.<\/strong><\/em><\/span><\/h4>\n<h4><span style=\"color: #ff00ff;\"><em><strong>EN CASO NECESARIO:<\/strong><\/em><\/span><br \/>\n<span style=\"color: #ff00ff;\"><em><strong>Llame a su m\u00e9dico.<\/strong><\/em><\/span><br \/>\n<span style=\"color: #ff00ff;\"><em><strong>Llame al 911 para servicios de emergencia\u2028 o vaya<\/strong><\/em><\/span><br \/>\n<span style=\"color: #ff00ff;\"><em><strong>a la sala de emergencias m\u00e1s cercana.<\/strong><\/em><\/span><br \/>\n<span style=\"color: #ff00ff;\"><em><strong>En un caso de emergencia, puede llamar a:<\/strong><\/em><\/span><br \/>\n<span style=\"color: #ff00ff;\"><em><strong>SAPTEL \u201cSistema Nacional de Apoyo, Consejo \u2028Psicol\u00f3gico<\/strong><\/em><\/span><br \/>\n<span style=\"color: #ff00ff;\"><em><strong>e Intervenci\u00f3n en Crisis por Tel\u00e9fono\u201d<\/strong><\/em><\/span><br \/>\n<span style=\"color: #ff00ff;\"><em><strong>(Cruz Roja Mexicana\u2013 24 Hrs.) sin costo<\/strong><\/em><\/span><\/h4>\n<h4><span style=\"color: #ff00ff;\"><em><strong>SAPTEL<\/strong><\/em><\/span><br \/>\n<span style=\"color: #ff00ff;\"><em><strong>Av M\u00e9xico #37, Hip\u00f3dromo,<\/strong><\/em><\/span><br \/>\n<span style=\"color: #ff00ff;\"><em><strong>Cuauht\u00e9moc, Ciudad de M\u00e9xico.<\/strong><\/em><\/span><br \/>\n<span style=\"color: #ff00ff;\"><em><strong>Tel\u00e9fono:(55) 52598121<br \/>\nE-mail: <a class=\"col1\" style=\"color: #ff00ff;\" href=\"https:\/\/www.saptel.org.mx\/contacto.html#\">saptel.crlyc@gmail.com<\/a><\/strong><\/em><\/span><\/h4>\n<h4><span style=\"color: #ff00ff;\"><em><strong><span style=\"color: #ff00ff;\">Ayuda en los Estados Unidos:<\/span><br \/>\n<span style=\"color: #008000;\">Llame al 911 (servicio de emergencia de los Estados Unidos)<\/span><br \/>\n<span style=\"color: #008000;\"> o acuda a una sala de emergencias.<\/span><br \/>\n<span style=\"color: #008000;\"> Llame gratis a la l\u00ednea de emergencia del suicidio: 1\u2013888\u2013628\u20139454 para comunicarse con alguien de la Red Nacional de Prevenci\u00f3n del Suicidio. El n\u00famero para las personas con dificultades auditivas es 1\u2013800\u2013799\u20134TTY (4889)<\/span><\/strong><\/em><\/span><\/h4>\n<div><span style=\"color: #008000;\"><a style=\"color: #008000;\" href=\"http:\/\/www.nimh.nih.gov\/index.shtml\"><img decoding=\"async\" src=\"http:\/\/www.nimh.nih.gov\/images\/nimh_logo_144835_3.gif\" alt=\"Logo for the National Institute of Mental Health (NIMH).\" \/><\/a><\/span><\/div>\n<h4 id=\"tagline\"><em><span style=\"color: #008000;\">Transforming the understanding<\/span><\/em><br \/>\n<em><span style=\"color: #008000;\"> and treatment of mental illnesses.<\/span><\/em><\/h4>\n<h4><em><span style=\"color: #008000;\">FUENTE: patient-span<\/span><\/em><br \/>\n<em><span style=\"color: #008000;\"> Hemos estado ah\u00ed. Podemos ayduarle.<\/span><\/em><br \/>\n<em><span style=\"color: #008000;\"> Alianza de Apoyo para la Depresi\u00f3n y el Trastorno Bipolar.<\/span><\/em><br \/>\n<em><span style=\"color: #008000;\"> The Depression and Bipolar Support Alliance (DBSA)<\/span><\/em><br \/>\n<em><span style=\"color: #008000;\"> es la principal organizaci\u00f3n nacional dirigida por pacientes, orientada hacia las enfermedades mentales m\u00e1s frecuentes. Esta organizaci\u00f3n promueve un ambiente de comprensi\u00f3n en cuanto al impacto y control de estas enfermedades que ponen en riesgo la vida, mediante instrumentos e informaci\u00f3n no solamente actuales, sino cient\u00edficamente probados, y escritos en un lenguaje que el p\u00fablico en general pueda entender. DBSA apoya las investigaciones orientadas hacia un diagn\u00f3stico m\u00e1s oportuno, el desarrollo de tratamientos m\u00e1s eficaces y tolerables, y el descubrimiento de alguna curaci\u00f3n. La organizaci\u00f3n trabaja para asegurar que quienes viven con trastornos del estado de \u00e1nimo sean tratados de modo igualitario.<\/span><\/em><br \/>\n<em><span style=\"color: #008000;\"> Con el apoyo de un Consejo de Asesores Cient\u00edficos, integrado por los principales investigadores y expertos cl\u00ednicos en el campo de los trastornos del estado de \u00e1nimo, DBSA cuenta con m\u00e1s de 1,000 grupos de apoyo, dirigidos por pares, en el pa\u00eds. Cuatro millones de personas solicitan y reciben anualmente informaci\u00f3n y ayuda. La misi\u00f3n de DBSA es mejorar la vida de las personas que viven con trastornos del estado de \u00e1nimo.<\/span><\/em><\/h4>\n<h4><em><span style=\"color: #008000;\">Depression and Bipolar Support Alliance (DBSA)<\/span><\/em><br \/>\n<em><span style=\"color: #008000;\"> 730 N. Franklin Street, Suite 501<\/span><\/em><br \/>\n<em><span style=\"color: #008000;\"> Chicago, Illinois 60610-7224 USA<\/span><\/em><br \/>\n<em><span style=\"color: #008000;\"> Tel\u00e9fono: (800) 826-3632 \u00f3 (312) 642-0049<\/span><\/em><\/h4>\n<h4><em><span style=\"color: #008000;\">Fax: (312) 642-7243<\/span><\/em><\/h4>\n<h4><em><span style=\"color: #008000;\">Sitio Web: www.DBSAlliance.org<\/span><\/em><\/h4>\n<p><span style=\"color: #008000;\">\u00a0<\/span><\/p>\n<p>&nbsp;<\/p><\/blockquote>\n","protected":false},"excerpt":{"rendered":"<p>EJEMPLOS: -El TRASTORNO BIPOLAR- es una enfermedad del cerebro, y tambi\u00e9n se llama enfermedad -MANIACO DEPRESIVA- Los que sufren del -TRASTORNO BIPOLAR- experimentan cambios de \u00e1nimo inusuales, tambi\u00e9n puede provocar cambios en la energ\u00eda y el comportamiento. &#8211;\/&#8211; A veces se sienten muy -FELICES Y ANIMADOS- y mucho m\u00e1s activos que de costumbre esto se [&hellip;]<\/p>\n","protected":false},"author":2,"featured_media":0,"parent":0,"menu_order":54,"comment_status":"open","ping_status":"closed","template":"","meta":[],"_links":{"self":[{"href":"https:\/\/www.ceadin.org\/b\/wp-json\/wp\/v2\/pages\/1160"}],"collection":[{"href":"https:\/\/www.ceadin.org\/b\/wp-json\/wp\/v2\/pages"}],"about":[{"href":"https:\/\/www.ceadin.org\/b\/wp-json\/wp\/v2\/types\/page"}],"author":[{"embeddable":true,"href":"https:\/\/www.ceadin.org\/b\/wp-json\/wp\/v2\/users\/2"}],"replies":[{"embeddable":true,"href":"https:\/\/www.ceadin.org\/b\/wp-json\/wp\/v2\/comments?post=1160"}],"version-history":[{"count":0,"href":"https:\/\/www.ceadin.org\/b\/wp-json\/wp\/v2\/pages\/1160\/revisions"}],"wp:attachment":[{"href":"https:\/\/www.ceadin.org\/b\/wp-json\/wp\/v2\/media?parent=1160"}],"curies":[{"name":"wp","href":"https:\/\/api.w.org\/{rel}","templated":true}]}}