{"id":1110,"date":"2015-09-04T06:11:35","date_gmt":"2015-09-04T06:11:35","guid":{"rendered":"http:\/\/www.ceadin.org\/b\/"},"modified":"2020-01-22T15:17:39","modified_gmt":"2020-01-22T15:17:39","slug":"robin-williams","status":"publish","type":"page","link":"https:\/\/www.ceadin.org\/b\/robin-williams\/","title":{"rendered":"Robin Williams"},"content":{"rendered":"<blockquote>\n<h3 style=\"text-align: center;\"><span style=\"color: #800080;\"><em><strong><br \/>\nFAMOSOS EN DEPRESI\u00d3N: ROBIN WILLIAMS<\/strong><\/em><\/span><\/h3>\n<\/blockquote>\n<h3 style=\"text-align: center;\"><span style=\"color: #800080;\"><em><strong>ADICCI\u00d3N, DROGADICCI\u00d3N, DEPRESI\u00d3N.<\/strong><\/em><\/span><\/h3>\n<blockquote>\n<h3 style=\"text-align: center;\"><a href=\"http:\/\/www.ceadin.org\/b\/wp-content\/uploads\/2015\/09\/Robin-Williams.-Julia-Dewanti-e1441334889190.jpg\"><img decoding=\"async\" loading=\"lazy\" class=\"aligncenter wp-image-1111\" title=\"Robin-Williams.-Julia-Dewanti\" src=\"http:\/\/www.ceadin.org\/b\/wp-content\/uploads\/2015\/09\/Robin-Williams.-Julia-Dewanti-e1441334889190.jpg\" alt=\"\" width=\"650\" height=\"617\" srcset=\"https:\/\/www.ceadin.org\/b\/wp-content\/uploads\/2015\/09\/Robin-Williams.-Julia-Dewanti-e1441334889190.jpg 648w, https:\/\/www.ceadin.org\/b\/wp-content\/uploads\/2015\/09\/Robin-Williams.-Julia-Dewanti-e1441334889190-300x284.jpg 300w\" sizes=\"(max-width: 650px) 100vw, 650px\" \/><\/a><span style=\"color: #008000;\"><em><strong>La vida de Robin Williams fue una mezcla de comedia y drama, dos g\u00e9neros que el actor manejaba a la perfecci\u00f3n. <\/strong><\/em><\/span><\/h3>\n<h3 style=\"text-align: center;\"><span style=\"color: #008000;\"><em><strong>Sus \u00faltimos d\u00edas estuvieron dominados por un profundo estado depresivo, dato que su representante confirm\u00f3.<br \/>\n<\/strong><\/em><\/span><\/h3>\n<h3 style=\"text-align: center;\"><span style=\"color: #008000;\"><em><strong>La evidencia policial indica, preliminarmente, que se<br \/>\nquit\u00f3 la vida asfixi\u00e1ndose en su domicilio.<\/strong><\/em><\/span><\/h3>\n<h4><span style=\"color: #000080;\"><em><strong>Naci\u00f3 el 21 de julio de 1951 en Chicago (Estados Unidos).<br \/>\nMuri\u00f3 el 11 de agosto del a\u00f1o 2014 en Tiburon, Marin County,<br \/>\nCalifornia (Estados Unidos).<\/strong><\/em><\/span><\/h4>\n<h4><span style=\"color: #000080;\"><em><strong>Naci\u00f3 en Chicago, en el estado de Illinois, hijo (con otros dos hermanos) de un ejecutivo de la industria del autom\u00f3vil. Creci\u00f3 en un ambiente econ\u00f3micamente holgado y no mostr\u00f3 en su infancia y primera adolescencia inter\u00e9s por la interpretaci\u00f3n. Se concentr\u00f3 en cambio en sus estudios y en la pr\u00e1ctica de deportes.<\/strong><\/em><\/span><\/h4>\n<h4><span style=\"color: #000080;\"><em><strong>En 1967 la familia de Williams se traslad\u00f3 a Marina County, en California.<br \/>\nEn el colegio en el que continu\u00f3 sus estudios, se despert\u00f3 su inter\u00e9s por el teatro. A ra\u00edz de ello abandon\u00f3 los estudios de pol\u00edtica, con la intenci\u00f3n de iniciar una carrera de actor. <\/strong><\/em><\/span><\/h4>\n<h4><span style=\"color: #008000;\"><em><strong>Biograf\u00eda:<br \/>\nMed\u00eda 1\u201973.<br \/>\nRobin McLaurin Williams era hijo de la modelo Laura Williams<br \/>\ny de Robert Williams, ejecutivo de la empresa de autom\u00f3viles Ford.<\/strong><\/em><\/span><\/h4>\n<h4><span style=\"color: #000080;\"><em><strong>Acudi\u00f3 a clases de interpretaci\u00f3n en la Juilliard School de Nueva York, en donde estudi\u00f3 con John Houseman junto a Christopher Reeve, quien se convirti\u00f3 en uno de sus mejores amigos y en la Universidad de Marin, Kentfield, California. Tambi\u00e9n estudi\u00f3 durante un tiempo Ciencias Pol\u00edticas en la Universidad de Claremont, California.<\/strong><\/em><\/span><\/h4>\n<h4><span style=\"color: #000080;\"><em><strong>En el a\u00f1o 1977 Robin debut\u00f3 en la peque\u00f1a pantalla con la serie de humor<br \/>\n<span style=\"color: #008000;\">-Laugh-In-.<\/span> Un a\u00f1o despu\u00e9s contrajo matrimonio con la bailarina Valerie Velardi y fue el protagonista de la teleserie <span style=\"color: #008000;\">-Mork y Mindy-.<\/span> Esta emisi\u00f3n le concedi\u00f3 la popularidad en los Estados Unidos y un Globo de Oro como mejor actor de comedia de televisi\u00f3n por su papel de <span style=\"color: #008000;\">-Mork-.<\/span><\/strong><\/em><\/span><\/h4>\n<h4><span style=\"color: #000080;\"><em><strong>El primer papel cinematogr\u00e1fico de Robin Williams fue el protag\u00f3nico de <span style=\"color: #008000;\">-Popeye-<\/span> 1980, pel\u00edcula dirigida por Robert Altman en la que el actor de Chicago encarn\u00f3 al famoso marino amante de las espinacas creado por E. C. Segar.<\/strong><\/em><\/span><\/h4>\n<h4><span style=\"color: #000080;\"><em><strong>Desde el principio de su carrera, Williams luch\u00f3 con gran esfuerzo para conservar su personalidad \u00fanica como humorista y para convertirse al mismo tiempo en un excelente actor de car\u00e1cter. Ten\u00eda claro que no deb\u00eda perder sus cualidades propias, pero que necesitaba dominar la interpretaci\u00f3n para ser alguien en el mundo del cine. Consigui\u00f3 ciertamente realizar su objetivo. <\/strong><strong>Considerado un actor de gran versatilidad tanto en comedia como en drama.<\/strong><\/em><\/span><\/h4>\n<h4><span style=\"color: #008000;\"><em><strong>M\u00e1s de 50 instituciones recibieron<br \/>\ngratis dinero y tiempo de Williams para obras sociales.<\/strong><\/em><\/span><\/h4>\n<h4><em><strong><span style=\"color: #000080;\">En los a\u00f1os 80 intervino en t\u00edtulos, preferentemente comedias, como:<br \/>\n<span style=\"color: #008000;\">-El Mundo Seg\u00fan Garp-<\/span> (1982), pel\u00edcula de George Roy Hill basada en una novela de John Irving, <span style=\"color: #008000;\">-Un Ruso En Nueva York-<\/span> (1984),\u00a0 film de Paul Mazursky en el que interpret\u00f3 a un m\u00fasico sovi\u00e9tico de un circo que busca asilo pol\u00edtico en los Estados Unidos, <span style=\"color: #008000;\">-Good Morning, Vietnam-<\/span> (1987) de Barry Levinson,<\/span> <span style=\"color: #000080;\">o<\/span> <span style=\"text-decoration: underline; color: #0000ff;\">\u2217 <a style=\"color: #0000ff; text-decoration: underline;\" href=\"http:\/\/www.alohacriticon.com\/cine\/criticas-peliculas\/el-club-los-poetas-muertos-peter-weir\">-El Club De Los Poetas Muertos- (1989)<\/a><\/span><span style=\"color: #000080;\"><span style=\"color: #008000;\"><span style=\"color: #0000ff;\">,<\/span>\u00a0<\/span> film dirigido por Peter Weir por el que fue nominado al premio Oscar por su interpretaci\u00f3n del profesor John Keating. Con anterioridad hab\u00eda sido candidato a la estatuilla por <span style=\"color: #008000;\">-Good Morning Vietnam-,<\/span> pel\u00edcula por la que fue galardonado con un Globo de Oro.<\/span><\/strong><\/em><\/h4>\n<h4><span style=\"color: #000080;\"><em><strong>En 1987 Robin se separ\u00f3 de Valerie, con quien tuvo a su hijo Zachary (nacido en el a\u00f1o 1983). Unos a\u00f1os antes hab\u00eda comenzado una relaci\u00f3n con Michelle Tish Carter que termin\u00f3 en 1986. En 1989 contrajo matrimonio con la productora Marsha Garces Williams, quien hab\u00eda trabajado como su asistente personal. Con Marsha, Williams tuvo a su hijo Cody Allan (1991) y a su hija Zelda (1989).<\/strong><\/em><\/span><\/h4>\n<h4><span style=\"color: #000080;\"><em><strong>En el a\u00f1o 2011 se divorci\u00f3 de Marsha y en el mes de<br \/>\noctubre del mismo a\u00f1o se cas\u00f3 con la dise\u00f1adora gr\u00e1fica Susan Schneider.<\/strong><\/em><\/span><\/h4>\n<h4><em><strong><span style=\"color: #000080;\">La d\u00e9cada de los 90 result\u00f3 m\u00e1s prol\u00edfica para Williams, quien logr\u00f3 ganar un Oscar por <span style=\"color: #008000;\">-El Indomable Will Hunting-<\/span> (1997), pel\u00edcula dirigida por Gus Van <em>Sant<\/em> en la que interpret\u00f3 al psic\u00f3logo Sean McGuire, y ser nominado por<br \/>\n<span style=\"color: #008000;\">-El Rey Pescador-<\/span> (1991), film de Terry Gilliam.<\/span> <\/strong><\/em><\/h4>\n<h4><em><strong><span style=\"color: #000080;\">En 1998, interpreta la vida del doctor<\/span> <span style=\"text-decoration: underline;\"><span style=\"color: #0000ff; text-decoration: underline;\">\u2217 <a style=\"color: #0000ff; text-decoration: underline;\" title=\"Hunter &quot;Patch&quot; Adams\" href=\"https:\/\/es.wikipedia.org\/wiki\/Hunter_%22Patch%22_Adams\">Hunter -Patch- Adams<\/a> <\/span><\/span><span style=\"color: #000080;\">en la pel\u00edcula <span style=\"color: #008000;\"><br \/>\n-Patch Adams-,<\/span> dirigida por Tom Shadyac, en su lucha por obtener el t\u00edtulo de m\u00e9dico con su<\/span> <span style=\"text-decoration: underline;\"><span style=\"color: #0000ff; text-decoration: underline;\">\u2217 T<a style=\"color: #0000ff; text-decoration: underline;\" title=\"Terapia de la risa (a\u00fan no redactado)\" href=\"https:\/\/es.wikipedia.org\/w\/index.php?title=Terapia_de_la_risa&amp;action=edit&amp;redlink=1\">erapia de la risa<\/a> <\/span><\/span><span style=\"color: #000080;\">que tanto hizo entender a colegas m\u00e9dicos y p\u00fablico en general. Tuvo gran aceptaci\u00f3n en el p\u00fablico, con gran \u00e9xito en taquilla, nominaciones al \u00d3scar y Globo de Oro y ha sido una de las pel\u00edculas m\u00e1s recordadas de Williams. Comparte protagonismo junto con Monica Potter y Philip Seymour Hoffman.<\/span> <\/strong><\/em><\/h4>\n<h4><em><strong><span style=\"color: #000080;\">Tiempo despu\u00e9s, es contratado para actuar junto con<\/span> <span style=\"text-decoration: underline; color: #0000ff;\">\u2217 <a style=\"color: #0000ff; text-decoration: underline;\" title=\"Cuba Gooding Jr.\" href=\"https:\/\/es.wikipedia.org\/wiki\/Cuba_Gooding_Jr.\">Cuba Gooding Jr.<\/a> y <a style=\"color: #0000ff; text-decoration: underline;\" title=\"Annabella Sciorra\" href=\"https:\/\/es.wikipedia.org\/wiki\/Annabella_Sciorra\">Annabella Sciorra<\/a> <\/span><span style=\"color: #000080;\">en el drama<\/span> <span style=\"text-decoration: underline; color: #0000ff;\">\u2217 &#8211;<em><a style=\"color: #0000ff; text-decoration: underline;\" title=\"M\u00e1s all\u00e1 de los sue\u00f1os\" href=\"https:\/\/es.wikipedia.org\/wiki\/M%C3%A1s_all%C3%A1_de_los_sue%C3%B1os\">M\u00e1s all\u00e1 de los sue\u00f1os-<\/a><\/em><\/span><span style=\"color: #000080;\"><span style=\"text-decoration: underline; color: #0000ff;\">,<\/span> obteniendo grandes cr\u00edticas por sus actuaciones como por su direcci\u00f3n fotogr\u00e1fica, ganadora de un \u00d3scar de la Academia.<\/span><\/strong><\/em><\/h4>\n<h4><em><strong><span style=\"color: #000080;\">Ya en 1999 act\u00faa en el drama c\u00f3mico<\/span> <span style=\"text-decoration: underline; color: #0000ff;\">\u2217 <a style=\"color: #0000ff; text-decoration: underline;\" title=\"El hombre bicentenario (pel\u00edcula)\" href=\"https:\/\/es.wikipedia.org\/wiki\/El_hombre_bicentenario_%28pel%C3%ADcula%29\">El hombre bicentenario<\/a>,<\/span><span style=\"color: #000080;\"> interpretando al robot humanoide inteligente -Andrew-, que con el pasar del tiempo va adquiriendo sabidur\u00eda y sentimientos, pidiendo a sus due\u00f1os la libertad tan anhelada por la humanidad; al ser libre construye su propia casa empezando una nueva vida, luego ir\u00e1 en busca de robots similares como \u00e9l y, al final de su b\u00fasqueda y llegando al lugar de origen de su partida, encuentra a un cient\u00edfico, hijo del creador de la serie de robots como -Andrew-, quien estaba creando f\u00f3rmulas para hacer aparentar a los robots como seres humanos, empezando una nueva aventura para -Andrew-: ser el ser humano m\u00e1s viejo de la historia.<\/span> <\/strong><\/em><\/h4>\n<h3 style=\"text-align: center;\"><strong><span style=\"color: #008000;\"><em><br \/>\n&#8211; Problemas de drogas y alcohol &#8211;<\/em><\/span><\/strong><\/h3>\n<blockquote>\n<h4><strong><em><span style=\"color: #000080;\">Durante la d\u00e9cada de 1970 y 1980, Williams tuvo una adicci\u00f3n a la coca\u00edna; ha dicho que desde entonces lo ha dejado. Williams era un amigo cercano de<\/span> <span style=\"text-decoration: underline; color: #0000ff;\">\u2217 <a style=\"color: #0000ff; text-decoration: underline;\" title=\"John Belushi\" href=\"https:\/\/es.wikipedia.org\/wiki\/John_Belushi\">John Belushi<\/a>: <\/span><\/em><\/strong><\/h4>\n<h3 style=\"text-align: center;\"><span style=\"color: #008000;\"><strong><em>\u00c9l dijo que la muerte de su amigo<br \/>\ny el nacimiento de su hijo lo llev\u00f3 a dejar las drogas:<\/em> <\/strong><\/span><\/h3>\n<\/blockquote>\n<h3 style=\"text-align: center;\"><span style=\"color: #0000ff;\"><em><strong>\u00ab\u00bfFue una llamada de atenci\u00f3n.?<br \/>\nOh s\u00ed, en un gran nivel.<br \/>\nEl gran jurado tambi\u00e9n ayud\u00f3\u00bb<\/strong><\/em><\/span><\/h3>\n<h4><span style=\"color: #000080;\"><em><strong>El 9 de agosto de 2006, Williams se intern\u00f3 en un centro de rehabilitaci\u00f3n (ubicado en Newberg, Oreg\u00f3n), luego admiti\u00f3 que era un alcoh\u00f3lico. Su publicista dio el anuncio:<\/strong><\/em><\/span><\/h4>\n<h4><span style=\"color: #008000;\"><em><strong>\u00abDespu\u00e9s de 20 a\u00f1os de sobriedad, Robin Williams se ha encontrado bebiendo nuevamente y ha decidido tomar medidas proactivas para lidiar con esto por su propio bien y el de su familia. \u00c9l pide que respeten su privacidad y la de su familia durante este tiempo. Espera volver a trabajar este oto\u00f1o para apoyar sus pr\u00f3ximos lanzamientos de pel\u00edculas\u00bb.<\/strong><\/em><\/span><\/h4>\n<h4><span style=\"color: #000080;\"><em><strong>En 2011, ya recuperado, apareci\u00f3 en el documental de la BBC para Discovery Channel, en el especial -Curiosidad: \u00bfC\u00f3mo funcionan las drogas?-.<\/strong><\/em><\/span><\/h4>\n<h4><span style=\"color: #008000;\"><em><strong>&#8211; Problemas de salud &#8211;<\/strong><\/em><\/span><br \/>\n<span style=\"color: #000080;\"> <em><strong> Williams fue hospitalizado en marzo de 2009 debido a problemas card\u00edacos. Pospuso su gira en solitario para someterse a una cirug\u00eda para reemplazar su valvula a\u00f3rtica. La cirug\u00eda se complet\u00f3 con \u00e9xito el 13 de marzo de 2009, en la Cl\u00ednica Cleveland.<\/strong><\/em><\/span><\/h4>\n<h4><span style=\"color: #008000;\"><em><strong>&#8211; Fallecimiento &#8211;<\/strong><\/em><\/span><br \/>\n<span style=\"color: #000080;\"><em><strong> El 11 de agosto de 2014, Williams fue encontrado muerto en su domicilio de Cayo Para\u00edso cerca de Paradise Cay, California en lo que aparentemente podr\u00eda haber sido un suicidio por asfixia, seg\u00fan el informe inicial del Departamento del Sheriff del Condado de marin.<\/strong><\/em><\/span><\/h4>\n<h4><span style=\"color: #000080;\"><em><strong>El 12 de agosto fue confirmado que el actor fue encontrado ligeramente suspendido en el aire con un cintur\u00f3n atado a su cuello por un extremo y el otro enganchado a la parte superior de un armario en su dormitorio.<\/strong><\/em><\/span><\/h4>\n<h4><span style=\"color: #000080;\"><em><strong>El 14 de agosto, su esposa Susan Schneider dio a conocer que el actor padec\u00eda la enfermedad de Parkinson, y padec\u00eda una <span style=\"color: #0000ff;\"><span style=\"text-decoration: underline;\">-Depresi\u00f3n Severa-:<\/span> <\/span><\/strong><\/em><\/span><\/h4>\n<h4><span style=\"color: #008000;\"><em><strong>\u00ab\u00c9l fue muy valiente y luch\u00f3 sus batallas contra la <span style=\"color: #0000ff;\">-Depresi\u00f3n y la Ansiedad-,<\/span> as\u00ed como contra las primeras fases de la enfermedad de Parkinson\u00bb. <\/strong><\/em><\/span><\/h4>\n<h4><span style=\"color: #000080;\"><em><strong><span style=\"color: #008000;\">\u00abDesde su fallecimiento, todos los que amamos a Robin hemos encontrado algo de consuelo en las tremendas muestras de afecto y admiraci\u00f3n hacia \u00e9l de millones de personas. Su mayor legado, adem\u00e1s de sus tres hijos, es la alegr\u00eda y la felicidad que ofreci\u00f3 a otros, particularmente a aquellos que luchan batallas personales\u00bb, a\u00f1adi\u00f3 Schneider.<\/span><\/strong><\/em><\/span><\/h4>\n<h4><em><strong><span style=\"color: #333399;\">El actor de<\/span> <span style=\"color: #008000;\">-Jumanji y Mrs. Doubtfire-,<\/span> <span style=\"color: #333399;\">reconoci\u00f3 en varias ocasiones sus problemas con el alcohol y las drogas. Su esposa fue la \u00faltima persona en verlo con vida la noche que precedi\u00f3 a su muerte antes de irse a dormir.<\/span><\/strong><\/em><\/h4>\n<h4><span style=\"color: #000080;\"><em><strong>Seg\u00fan el relato policial, la asistente personal de Williams fue la que encontr\u00f3 su cuerpo sin vida en uno de los dormitorios de su domicilio.<\/strong><\/em><\/span><\/h4>\n<h4><span style=\"color: #000080;\"><em><strong>Tras la muerte y la posterior cremaci\u00f3n del cuerpo de Robin Williams, sus cenizas fueron esparcidas en el oc\u00e9ano Pac\u00edfico, en la bah\u00eda de San Francisco.<\/strong><\/em><sup id=\"cite_ref-17\"><\/sup><\/span><\/h4>\n<h4><span style=\"color: #000080;\"><em><strong>El 7 de noviembre de 2014 fue declarada oficialmente la muerte del actor como suicidio, a causa de <span style=\"color: #008000;\">-asfixia por ahorcamiento-<\/span> esto tras haber obtenido los ex\u00e1menes toxicol\u00f3gicos, los cuales mostraron la ausencia de alcohol o drogas il\u00edcitas. Se detectaron restos de f\u00e1rmacos de receta en concentraciones terap\u00e9uticas.<br \/>\n<\/strong><\/em><\/span><\/h4>\n<h4><span style=\"color: #333399;\"><em><strong>Robin Williams,<\/strong><\/em><\/span><\/h4>\n<h4><span style=\"color: #333399;\"><em><strong>Descanse en paz&#8230;.<\/strong><\/em><\/span><\/h4>\n<h4><em><strong><span style=\"color: #008000;\">Video Youtube: Koko amiga de Robin Williams.<\/span><\/strong><\/em><br \/>\n<span style=\"text-decoration: underline;\"><span style=\"color: #0000ff; text-decoration: underline;\"><em><strong> \u2217 <a style=\"color: #0000ff; text-decoration: underline;\" href=\"https:\/\/youtu.be\/u7-dTqNZhGk\">Koko- la gorila mas inteligente del mundo \u00bb<\/a><\/strong><\/em><\/span><\/span><\/h4>\n<\/blockquote>\n","protected":false},"excerpt":{"rendered":"<p>FAMOSOS EN DEPRESI\u00d3N: ROBIN WILLIAMS ADICCI\u00d3N, DROGADICCI\u00d3N, DEPRESI\u00d3N. La vida de Robin Williams fue una mezcla de comedia y drama, dos g\u00e9neros que el actor manejaba a la perfecci\u00f3n. Sus \u00faltimos d\u00edas estuvieron dominados por un profundo estado depresivo, dato que su representante confirm\u00f3. La evidencia policial indica, preliminarmente, que se quit\u00f3 la vida asfixi\u00e1ndose [&hellip;]<\/p>\n","protected":false},"author":2,"featured_media":0,"parent":0,"menu_order":35,"comment_status":"open","ping_status":"open","template":"","meta":[],"_links":{"self":[{"href":"https:\/\/www.ceadin.org\/b\/wp-json\/wp\/v2\/pages\/1110"}],"collection":[{"href":"https:\/\/www.ceadin.org\/b\/wp-json\/wp\/v2\/pages"}],"about":[{"href":"https:\/\/www.ceadin.org\/b\/wp-json\/wp\/v2\/types\/page"}],"author":[{"embeddable":true,"href":"https:\/\/www.ceadin.org\/b\/wp-json\/wp\/v2\/users\/2"}],"replies":[{"embeddable":true,"href":"https:\/\/www.ceadin.org\/b\/wp-json\/wp\/v2\/comments?post=1110"}],"version-history":[{"count":0,"href":"https:\/\/www.ceadin.org\/b\/wp-json\/wp\/v2\/pages\/1110\/revisions"}],"wp:attachment":[{"href":"https:\/\/www.ceadin.org\/b\/wp-json\/wp\/v2\/media?parent=1110"}],"curies":[{"name":"wp","href":"https:\/\/api.w.org\/{rel}","templated":true}]}}