{"id":1049,"date":"2015-08-24T00:51:04","date_gmt":"2015-08-24T00:51:04","guid":{"rendered":"http:\/\/www.ceadin.org\/b\/"},"modified":"2018-06-17T20:14:09","modified_gmt":"2018-06-17T20:14:09","slug":"prevenir-el-suicidio-por-miedo","status":"publish","type":"page","link":"https:\/\/www.ceadin.org\/b\/prevenir-el-suicidio-por-miedo\/","title":{"rendered":"Prevenir el suicidio por \u2013 Miedo &#8211;"},"content":{"rendered":"<h3 style=\"text-align: center;\"><span style=\"color: #993366;\"><em><strong><br \/>\n<span style=\"text-decoration: underline; color: #0000ff;\">TEMAS DE SUICIDIO<\/span><\/strong><\/em><\/span><\/h3>\n<h3 style=\"text-align: center;\"><span style=\"color: #800080;\"><em><strong><span style=\"color: #993300;\">&#8211; Manejo de quien realiza un intento suicida por &#8211;<\/span> <\/strong><\/em><\/span><\/h3>\n<h3 style=\"text-align: center;\"><span style=\"text-decoration: underline; color: #0000ff;\"><em><strong>&#8211; MIEDO &#8211;<\/strong><\/em><\/span><\/h3>\n<h3 style=\"text-align: center;\"><em><strong> <a href=\"http:\/\/www.ceadin.org\/b\/wp-content\/uploads\/2015\/08\/Patricia+Perrier-76755-e1529174298814.jpg\"><img decoding=\"async\" loading=\"lazy\" class=\"aligncenter wp-image-1096\" title=\"Patricia+Perrier-76755\" src=\"http:\/\/www.ceadin.org\/b\/wp-content\/uploads\/2015\/08\/Patricia+Perrier-76755-e1440377201926.jpg\" alt=\"\" width=\"550\" height=\"1039\" \/><\/a><span style=\"text-decoration: underline; color: #0000ff;\">Este tipo de intento de suicidio lo realizan quienes<br \/>\ntratan de evitar una situaci\u00f3n muy temida, de ahi\u0301 la importancia<br \/>\nde definir de que\u0301 se trata.<\/span><\/strong><\/em><\/h3>\n<blockquote>\n<h4><em><strong><span style=\"text-decoration: underline; color: #0000ff;\">-Hay momentos que generan temores diversos en la generalidad de los seres humanos, como son las guerras, las epidemias, las hambrunas, las cat\u00e1strofes naturales-. <\/span><span style=\"color: #993300;\">Algunos, s\u00f3lo lo generan en determinadas personas, no asi\u0301 en otras, por tratarse de circunstancias que habitualmente no producen este tipo de emoci\u00f3n. Son las llamadas fobias, temores irracionales a dificultades, objetos o animales y m\u00faltiples cosas en dependencia de su origen.<\/span><\/strong><\/em><\/h4>\n<h4><em><strong><span style=\"color: #993300;\">Existen otras contrariedades muy temidas, no por la situaci\u00f3n en si\u0301 misma, sino por las consecuencias derivadas de ella en ciertos contextos culturales.<\/span> <span style=\"text-decoration: underline; color: #0000ff;\">-Pongamos por ejemplo el caso de una adolescente en un hogar, educada con r\u00edgidos principios morales entre los que la virginidad es la principal divisa de la honra, y perderla significa ser una deshonra para ella y la familia-. <\/span><\/strong><\/em><\/h4>\n<h4><em><strong><span style=\"text-decoration: underline; color: #0000ff;\">-Supongamos que esta adolescente, por amor, curiosidad, enamoramiento, o cualquier otra raz\u00f3n v\u00e1lida para si\u0301 en ese momento, tiene relaciones sexuales con su novio, ese temor a enfrentarse a las consecuencias de su acto, puede llevarla a realizar un intento de suicidio-, <\/span><span style=\"color: #993300;\">para evitar la c\u00f3lera paterna o materna, los rega\u00f1os de los familiares, las habladur\u00edas y los comentarios, etc.<\/span> <\/strong><\/em><\/h4>\n<h4><span style=\"color: #993300;\"><em><strong>En estos casos, los familiares reaccionan con una gama de efectos entremezclados, que pueden ir desde el enojo, hasta la agresividad f\u00edsica, por sentir que la adolescente les ha humillado ante todos.<\/strong><\/em><\/span><\/h4>\n<h4 style=\"text-align: left;\"><span style=\"color: #800080;\"><em><strong><span style=\"text-decoration: underline; color: #0000ff;\">-En circunstancias de este tipo, sugiero realizar el siguiente manejo-<\/span><br \/>\n<span style=\"color: #993300;\">1. Hay que hacerles comprender a los padres lo limitado de su criterio ante una hija buena y honrada, pues una buena hija lo es porque es estudiosa, sociable, bondadosa, sacrificada, cari\u00f1osa, respetuosa, veraz, puntual, y toda una serie de cualidades personales que seguro su hija tiene y ellos no se han detenido a valorar, pues s\u00f3lo les interesa si es o no virgen.<\/span><\/strong><\/em><\/span><\/h4>\n<h4 style=\"text-align: left;\"><span style=\"color: #993300;\"><em><strong>2. Por la rigidez antes descrita, que ha desempe\u00f1ado el papel de muro separador, existen dificultades en la comunicaci\u00f3n padres-hija, e impidio\u0301 que la adolescente comunicara lo ocurrido y optara por intentar el suicidio.<\/strong><\/em><\/span><\/h4>\n<h4 style=\"text-align: left;\"><span style=\"color: #993300;\"><em><strong>3. Ha existido una deficiente educaci\u00f3n sexual en la adolescente y en los padres, lo cual favorecio\u0301 la relaci\u00f3n sexual prematrimonial en esta etapa de la vida.<\/strong><\/em><\/span><\/h4>\n<h4 style=\"text-align: left;\"><span style=\"color: #993300;\"><em><strong>4. La adolescente debe entender que las situaciones muy temidas lo son para todos los seres humanos por igual y el resto se puede calificar como muy importante, importante y poco importante, y ayudarla a clasificar la suya seg\u00fan este nuevo criterio, que excluye el miedo.<\/strong><\/em><\/span><\/h4>\n<h4><span style=\"color: #993300;\"><em><strong>5. Los familiares y el adolescente deben saber que debe darse a cada problema su justo valor. Ni sobrevalorarlo ni subvalorarlo, y es aconsejable ponerlo en conocimiento de otros no inmersos en \u00e9l y que pueden tener una visi\u00f3n m\u00e1s realista del mismo. Para ello se puede utilizar el m\u00e9dico de la familia, el psic\u00f3logo, el psiquiatra, el sacerdote o pastor, un buen amigo, etc.<\/strong><\/em><\/span><\/h4>\n<h4><span style=\"color: #993300;\"><em><strong>6. Debe llegarles el mensaje de que en momentos importantes como el referido, es cuando se demuestra ser padre o madre para su hija, pues es preferible tener una hija que no sea virgen que tener una hija muerta o sobreviviente de una tentativa de suicidio.<\/strong><\/em><\/span><\/h4>\n<h4><span style=\"color: #993300;\"><em><strong>7. La adolescente debe entender que en momentos importantes se demuestra a los padres que se es hija al confiar en ellos. Al principio no reaccionar\u00e1n como se espera, pero si sigue su vida como siempre, cumple con sus obligaciones, les da un tiempo para la reflexi\u00f3n, todo volvera\u0301 a la normalidad.<\/strong><\/em><\/span><\/h4>\n<h4><span style=\"color: #993300;\"><em><strong>8. La familia debe analizar que los problemas surgidos en su seno, no necesariamente son para crear el caos, la desorganizaci\u00f3n. Muchas veces las crisis en la familia contribuyen al crecimiento individual de sus integrantes desde el punto de vista emocional y ello se traduce en lazos m\u00e1s s\u00f3lidos y realistas. En esta nueva dimensi\u00f3n se instara\u0301 a que funcione la familia que se pretende ayudar.<\/strong><\/em><\/span><\/h4>\n<h3 style=\"text-align: center;\"><span style=\"text-decoration: underline; color: #0000ff;\"><em><strong>Por \u00faltimo, existen m\u00faltiples situaciones generadoras de actos suicidas, pero todas tendr\u00e1n como denominador com\u00fan la intolerancia, el miedo unilateral motivado por factores culturales, que a pesar nuestro y suyo, a\u00fan persisten.<\/strong><\/em><\/span><\/h3>\n<h4>Prof. Dr. Sergio Andres Perez Barrero<\/h4>\n<\/blockquote>\n<div>\n<blockquote>\n<h4><span style=\"color: #993300;\"><em><strong>Busque ayuda inmediatamente si:<\/strong><\/em><\/span><br \/>\n<span style=\"color: #993300;\"> <em><strong> Se siente abrumado.<\/strong><\/em><\/span><br \/>\n<span style=\"color: #993300;\"> <em><strong> \u2028Est\u00e1 pensando en hacerse da\u00f1o o en da\u00f1ar a otra persona.<\/strong><\/em><\/span><br \/>\n<span style=\"color: #993300;\"> <em><strong> Es incapaz de controlar su comportamiento.<\/strong><\/em><\/span><br \/>\n<span style=\"color: #993300;\"> <em><strong> Tiene otros s\u00edntomas muy angustiantes de trastorno<br \/>\nde estr\u00e9s postraum\u00e1tico.<\/strong><\/em><\/span><\/h4>\n<h4><span style=\"color: #993300;\"><em><strong>EN CASO NECESARIO:<\/strong><\/em><\/span><br \/>\n<span style=\"color: #993300;\"> <em><strong> Llame a su m\u00e9dico.<\/strong><\/em><\/span><br \/>\n<span style=\"color: #993300;\"> <em><strong> Llame al 911 para servicios de emergencia\u2028 o vaya<\/strong><\/em><\/span><br \/>\n<span style=\"color: #993300;\"> <em><strong> a la sala de emergencias m\u00e1s cercana.<br \/>\nEn un caso de emergencia, puede llamar a:<br \/>\n52-59-81-21<br \/>\n01-800-472-78-35<\/strong><\/em><\/span><\/h4>\n<h4><span style=\"color: #008000;\"><em><strong>SAPTEL \u201cSistema Nacional de Apoyo, Consejo \u2028Psicol\u00f3gico<br \/>\ne Intervenci\u00f3n en Crisis por Tel\u00e9fono\u201d<\/strong><\/em><\/span><br \/>\n<span style=\"color: #008000;\"> <em><strong> (Cruz Roja Mexicana\u2013 24 Hrs.) sin costo<\/strong><\/em><\/span><br \/>\n<span style=\"color: #008000;\"> <em><strong> Tel.- 52-59-81-21\u00a0\u00a0 \u2013<\/strong><\/em><\/span><br \/>\n<span style=\"color: #008000;\"> <em><strong> 01-800-472-78-35<\/strong><\/em><\/span><br \/>\n<span style=\"color: #008000;\"> <em><strong> saptel@prodigy.net.mx<\/strong><\/em><\/span><br \/>\n<span style=\"color: #008000;\"> <em><strong> \u2028http:\/\/www.saptel.org.mx\/<\/strong><\/em><\/span><\/h4>\n<\/blockquote>\n<\/div>\n<blockquote>\n<h4>Imagenes-Patricia Perrier Radix<em><strong><em><br \/>\n<\/em><\/strong><\/em><\/h4>\n<\/blockquote>\n","protected":false},"excerpt":{"rendered":"<p>TEMAS DE SUICIDIO &#8211; Manejo de quien realiza un intento suicida por &#8211; &#8211; MIEDO &#8211; Este tipo de intento de suicidio lo realizan quienes tratan de evitar una situaci\u00f3n muy temida, de ahi\u0301 la importancia de definir de que\u0301 se trata. -Hay momentos que generan temores diversos en la generalidad de los seres humanos, [&hellip;]<\/p>\n","protected":false},"author":2,"featured_media":0,"parent":0,"menu_order":11,"comment_status":"open","ping_status":"closed","template":"","meta":[],"_links":{"self":[{"href":"https:\/\/www.ceadin.org\/b\/wp-json\/wp\/v2\/pages\/1049"}],"collection":[{"href":"https:\/\/www.ceadin.org\/b\/wp-json\/wp\/v2\/pages"}],"about":[{"href":"https:\/\/www.ceadin.org\/b\/wp-json\/wp\/v2\/types\/page"}],"author":[{"embeddable":true,"href":"https:\/\/www.ceadin.org\/b\/wp-json\/wp\/v2\/users\/2"}],"replies":[{"embeddable":true,"href":"https:\/\/www.ceadin.org\/b\/wp-json\/wp\/v2\/comments?post=1049"}],"version-history":[{"count":0,"href":"https:\/\/www.ceadin.org\/b\/wp-json\/wp\/v2\/pages\/1049\/revisions"}],"wp:attachment":[{"href":"https:\/\/www.ceadin.org\/b\/wp-json\/wp\/v2\/media?parent=1049"}],"curies":[{"name":"wp","href":"https:\/\/api.w.org\/{rel}","templated":true}]}}