{"id":1048,"date":"2015-05-20T03:40:02","date_gmt":"2015-05-20T03:40:02","guid":{"rendered":"http:\/\/www.ceadin.org\/b\/"},"modified":"2018-12-04T15:12:37","modified_gmt":"2018-12-04T15:12:37","slug":"prevenir-el-suicidio-por-venganza-o-chantaje","status":"publish","type":"page","link":"https:\/\/www.ceadin.org\/b\/prevenir-el-suicidio-por-venganza-o-chantaje\/","title":{"rendered":"Prevenir el Suicidio por \u2013 Venganza o Chantaje &#8211;"},"content":{"rendered":"<h3 style=\"text-align: center;\"><span style=\"color: #993366;\"><em><strong><br \/>\n<span style=\"text-decoration: underline; color: #0000ff;\">TEMAS DE SUICIDIO<\/span><\/strong><\/em><\/span><\/h3>\n<h3 style=\"text-align: center;\"><span style=\"color: #993300;\"><em><strong>&#8211; Manejo de quien realiza un intento suicida por &#8211;<\/strong><\/em><em><strong><br \/>\n<\/strong><\/em><\/span><\/h3>\n<h3 style=\"text-align: center;\"><span style=\"text-decoration: underline; color: #0000ff;\"><em><strong>&#8211; VENGANZA O CHANTAJE &#8211;<\/strong><\/em><\/span><\/h3>\n<blockquote>\n<h3 style=\"text-align: center;\"><em><strong> <a href=\"http:\/\/www.ceadin.org\/b\/wp-content\/uploads\/2015\/08\/Patricia+Perrier-9898uuu-e1440378231970.jpg\"><img decoding=\"async\" loading=\"lazy\" class=\"aligncenter wp-image-1097\" title=\"Patricia+Perrier-9898uuu\" src=\"http:\/\/www.ceadin.org\/b\/wp-content\/uploads\/2015\/08\/Patricia+Perrier-9898uuu-e1440378231970.jpg\" alt=\"\" width=\"550\" height=\"553\" srcset=\"https:\/\/www.ceadin.org\/b\/wp-content\/uploads\/2015\/08\/Patricia+Perrier-9898uuu-e1440378231970.jpg 648w, https:\/\/www.ceadin.org\/b\/wp-content\/uploads\/2015\/08\/Patricia+Perrier-9898uuu-e1440378231970-150x150.jpg 150w, https:\/\/www.ceadin.org\/b\/wp-content\/uploads\/2015\/08\/Patricia+Perrier-9898uuu-e1440378231970-298x300.jpg 298w\" sizes=\"(max-width: 550px) 100vw, 550px\" \/><\/a><span style=\"color: #993300;\">El intento suicida por venganza o chantaje, es el realizado por personas con rasgos anormales en su car\u00e1cter, quienes pretenden, mediante este acto, castigar a otros, ponerlos en evidencia como culpables de su acto suicida y, en el caso de fallecer, hacerlos responsables de su muerte.<\/span><\/strong><\/em><\/h3>\n<h4><em><strong><span style=\"text-decoration: underline; color: #0000ff;\">-Las personas que realizan este tipo de intento suicida, han asumido con relativa frecuencia el papel de v\u00edctimas en sus relaciones interpersonales, o el de manipuladoras de los dem\u00e1s-.<\/span> <span style=\"color: #993300;\">En la generalidad de los casos, pretenden castigar a alguien muy estrechamente relacionado con ellas, como el padre, la madre, c\u00f3nyuge, novio, novia, etc., por algo que hizo, o no esperaba que hiciera, o no lo hizo y ellas quer\u00edan que se hiciera.<\/span> <\/strong><\/em><\/h4>\n<h4><em><strong><span style=\"color: #993300;\">Casi siempre, el tiempo transcurrido entre el problema o motivo supuesto y la tentativa de suicido, es breve:<\/span> <span style=\"text-decoration: underline; color: #0000ff;\">-minutos, horas, raramente d\u00edas, de manera que la otra persona y con ella los dem\u00e1s, se puedan dar cuenta de la estrecha relaci\u00f3n entre lo ocurrido y el acto suicida-. <\/span><span style=\"color: #993300;\">A veces pueden dejar notas de despedida o mensajes contradictorios como el que sigue:<\/span> <\/strong><\/em><\/h4>\n<\/blockquote>\n<h3 style=\"text-align: center;\"><span style=\"text-decoration: underline; color: #0000ff;\"><em><strong>-No culpen a Fulana de lo que hago,<br \/>\npero desde lo que me hizo, no puedo pensar en<br \/>\notra cosa que no sea la muerte- (\u00a1?)<\/strong><\/em><\/span><\/h3>\n<blockquote>\n<h4 style=\"text-align: left;\"><em><strong><span style=\"text-decoration: underline; color: #0000ff;\">Este tipo de intento suicida debe ser manejado de la siguiente manera:<\/span><br \/>\n<span style=\"text-decoration: underline; color: #0000ff;\">1. -Es conveniente hacerle saber a esta persona que ning\u00fan ser humano es culpable ni puede hacer que otro se suicide: es el propio sujeto que intenta el suicidio quien elige el m\u00e9todo y \u00e9l mismo quien lo lleva a la pr\u00e1ctica-.<\/span> <span style=\"color: #993300;\">Cuando un individuo causa la muerte a otro, ya no es un suicidio, que por definici\u00f3n es matarse a si\u0301 mismo, sino un homicidio. En este sentido, se dice que el suicidio es el homicidio de si\u0301 mismo.<\/span><\/strong><\/em><\/h4>\n<h4><em><strong><span style=\"text-decoration: underline; color: #0000ff;\">2. -Debe entender que la responsabilidad del intento suicida es del propio sujeto que lo realiza-, <\/span><span style=\"color: #993300;\">por no tener un adecuado control de su impulsividad y manejar de manera inadecuada su hostilidad, por no haber aprendido a enfrentar situaciones complejas y elegir mecanismos anormales de afrontamiento.<\/span><\/strong><\/em><\/h4>\n<h4><em><strong><span style=\"color: #0000ff;\"><span style=\"text-decoration: underline;\">3. &#8211;<\/span><span style=\"text-decoration: underline;\">Se debe hacer el an\u00e1lisis de qui\u00e9n castiga a qui\u00e9n, con dicho intento-.<\/span> <\/span><span style=\"color: #993300;\">Sin lugar a dudas, la persona a quien se pretende castigar seguira\u0301 viviendo, aunque con cierto grado de culpabilidad, mayor cuanto m\u00e1s cercano sea el v\u00ednculo afectivo que los un\u00eda.<\/span><br \/>\n<\/strong><\/em><\/h4>\n<h4><em><strong><span style=\"text-decoration: underline; color: #0000ff;\">-Sin embargo, el castigado con m\u00e1s severidad es quien lo intenta-,<\/span><span style=\"color: #993300;\"> pues en primera instancia puede perder la vida o afectar su salud; puede perder la confianza de sus seres queridos quienes empezar\u00e1n a tratarlo con miedo, l\u00e1stima o compasi\u00f3n, pero no como a una persona normal; sera\u0301 el comentario del vecindario, pues pensar\u00e1n que no esta\u0301 gozando de una buena salud mental.<\/span> <\/strong><\/em><\/h4>\n<h4><em><strong><span style=\"text-decoration: underline; color: #0000ff;\">-Hay que hacer \u00e9nfasis en que el supuesto castigador, a partir de ese momento, tendra\u0301 dificultades para conocer por que\u0301 se contin\u00faan las relaciones con \u00e9l o ella-, <\/span><span style=\"color: #993300;\">si es porque a\u00fan existe amor, o porque le tienen miedo a sus reacciones, en caso de que se haya tratado de la pareja, uno de los casos m\u00e1s frecuentes.<\/span><\/strong><\/em><\/h4>\n<h4><em><strong><span style=\"text-decoration: underline; color: #0000ff;\">-Tambi\u00e9n debe entender cu\u00e1nto se limitan sus posibilidades futuras de estabilidad afectiva y de encontrar una pareja normal-,<\/span><span style=\"color: #993300;\"> pues es dif\u00edcil mantener v\u00ednculos duraderos con quien haya intentado el suicidio para vengarse de un ser querido.<\/span><\/strong><\/em><\/h4>\n<h4><em><strong><span style=\"text-decoration: underline; color: #0000ff;\">4. -Hay que invitarlo a que modifique su manera anormal de querer-, <\/span><span style=\"color: #993300;\">pues es un grave error creer aquello de -quien bien te quiere te hara\u0301 llorar-; cuando realmente se quiere no se chantajea al ser amado ni se hace objeto de venganza alguna o manipulaci\u00f3n.<\/span><\/strong><\/em><\/h4>\n<h4><em><strong><span style=\"text-decoration: underline; color: #0000ff;\">5. -Necesita comprender lo imprescindible de modificar la forma de ser y hacer-, <\/span><span style=\"color: #993300;\">es decir, el comportamiento, si es que pretende ser una persona lo m\u00e1s equilibrada posible. Y una de las caracter\u00edsticas de \u00e9sta es que no se autoagrede para culpar a otros de lo que hace contra si\u0301 mismo.<\/span><\/strong><\/em><\/h4>\n<h4><em><strong><span style=\"text-decoration: underline; color: #0000ff;\">6. &#8211;<\/span><span style=\"color: #800080;\"><span style=\"text-decoration: underline; color: #0000ff;\">El sujeto es el \u00fanico responsable de su vida y tambi\u00e9n de su muerte.. y en esa muerte por suicidio, el papel principal sera\u0301 desempe\u00f1ado por su propia manera de ser, por ninguna otra persona y hay que hacerle comprender esto-.<\/span><\/span><\/strong><\/em><\/h4>\n<h4><em><strong><span style=\"text-decoration: underline; color: #0000ff;\">7. -Se debe enfatizar con \u00e9l en la necesidad de establecer diferencias entre el motivo de alg\u00fan hecho y su causa-.<\/span><span style=\"color: #993300;\"> El motivo de un intento suicida por venganza o chantaje puede ser cualquiera, un disgusto, la ruptura de una relaci\u00f3n, una frustraci\u00f3n, etc.<\/span> <span style=\"text-decoration: underline; color: #ff0000;\">-Pero la causa de esta conducta an\u00f3mala es el propio sujeto, con su forma anormal de manejar situaciones-.<\/span><\/strong><\/em><\/h4>\n<h4><em><strong><span style=\"text-decoration: underline; color: #0000ff;\">8. -Por \u00faltimo, es preciso invitarlo a que haga utilizaci\u00f3n de la parte buena, adulta y responsable de su personalidad-,<\/span> <span style=\"color: #993300;\">que seguramente impedira\u0301 la realizaci\u00f3n de actos de este tipo, muestra evidente, sin lugar a dudas, de rasgos inmaduros del car\u00e1cter.<\/span><\/strong><\/em><\/h4>\n<h4>Prof. Dr. Sergio Andres Perez Barrero<\/h4>\n<\/blockquote>\n<div>\n<blockquote>\n<h4><span style=\"color: #993300;\"><em><strong>Busque ayuda inmediatamente si:<\/strong><\/em><\/span><br \/>\n<span style=\"color: #993300;\"> <em><strong> Se siente abrumado.<\/strong><\/em><\/span><br \/>\n<span style=\"color: #993300;\"> <em><strong> \u2028Est\u00e1 pensando en hacerse da\u00f1o o en da\u00f1ar a otra persona.<\/strong><\/em><\/span><br \/>\n<span style=\"color: #993300;\"> <em><strong> Es incapaz de controlar su comportamiento.<\/strong><\/em><\/span><br \/>\n<span style=\"color: #993300;\"> <em><strong> Tiene otros s\u00edntomas muy angustiantes de trastorno<br \/>\nde estr\u00e9s postraum\u00e1tico.<\/strong><\/em><\/span><\/h4>\n<\/blockquote>\n<\/div>\n<div>\n<blockquote>\n<h4><span style=\"color: #993300;\"><em><strong>EN CASO NECESARIO:<\/strong><\/em><\/span><br \/>\n<span style=\"color: #993300;\"> <em><strong> Llame a su m\u00e9dico.<\/strong><\/em><\/span><br \/>\n<span style=\"color: #993300;\"> <em><strong> Llame al 911 para servicios de emergencia\u2028 o vaya<\/strong><\/em><\/span><br \/>\n<span style=\"color: #993300;\"> <em><strong> a la sala de emergencias m\u00e1s cercana.<br \/>\nEn un caso de emergencia, puede llamar a:<br \/>\n52-59-81-21<br \/>\n01-800-472-78-35<\/strong><\/em><\/span><\/h4>\n<\/blockquote>\n<\/div>\n<div>\n<blockquote>\n<h4><span style=\"color: #008000;\"><em><strong>SAPTEL \u201cSistema Nacional de Apoyo, Consejo \u2028Psicol\u00f3gico<br \/>\ne Intervenci\u00f3n en Crisis por Tel\u00e9fono\u201d<\/strong><\/em><\/span><br \/>\n<span style=\"color: #008000;\"> <em><strong> (Cruz Roja Mexicana\u2013 24 Hrs.) sin costo<\/strong><\/em><\/span><br \/>\n<span style=\"color: #008000;\"> <em><strong> Tel.- 52-59-81-21\u00a0\u00a0 \u2013<\/strong><\/em><\/span><br \/>\n<span style=\"color: #008000;\"> <em><strong> 01-800-472-78-35<\/strong><\/em><\/span><br \/>\n<span style=\"color: #008000;\"> <em><strong> saptel@prodigy.net.mx<\/strong><\/em><\/span><br \/>\n<span style=\"color: #008000;\"> <em><strong> \u2028http:\/\/www.saptel.org.mx\/<\/strong><\/em><\/span><\/h4>\n<\/blockquote>\n<\/div>\n<blockquote>\n<h4>Imagenes-Patricia Perrier Radix<em><strong><em><br \/>\n<\/em><\/strong><\/em><\/h4>\n<\/blockquote>\n","protected":false},"excerpt":{"rendered":"<p>TEMAS DE SUICIDIO &#8211; Manejo de quien realiza un intento suicida por &#8211; &#8211; VENGANZA O CHANTAJE &#8211; El intento suicida por venganza o chantaje, es el realizado por personas con rasgos anormales en su car\u00e1cter, quienes pretenden, mediante este acto, castigar a otros, ponerlos en evidencia como culpables de su acto suicida y, en [&hellip;]<\/p>\n","protected":false},"author":2,"featured_media":0,"parent":0,"menu_order":12,"comment_status":"open","ping_status":"closed","template":"","meta":[],"_links":{"self":[{"href":"https:\/\/www.ceadin.org\/b\/wp-json\/wp\/v2\/pages\/1048"}],"collection":[{"href":"https:\/\/www.ceadin.org\/b\/wp-json\/wp\/v2\/pages"}],"about":[{"href":"https:\/\/www.ceadin.org\/b\/wp-json\/wp\/v2\/types\/page"}],"author":[{"embeddable":true,"href":"https:\/\/www.ceadin.org\/b\/wp-json\/wp\/v2\/users\/2"}],"replies":[{"embeddable":true,"href":"https:\/\/www.ceadin.org\/b\/wp-json\/wp\/v2\/comments?post=1048"}],"version-history":[{"count":0,"href":"https:\/\/www.ceadin.org\/b\/wp-json\/wp\/v2\/pages\/1048\/revisions"}],"wp:attachment":[{"href":"https:\/\/www.ceadin.org\/b\/wp-json\/wp\/v2\/media?parent=1048"}],"curies":[{"name":"wp","href":"https:\/\/api.w.org\/{rel}","templated":true}]}}