{"id":1046,"date":"2015-08-24T00:23:43","date_gmt":"2015-08-24T00:23:43","guid":{"rendered":"http:\/\/www.ceadin.org\/b\/"},"modified":"2018-06-17T19:55:09","modified_gmt":"2018-06-17T19:55:09","slug":"una-forma-de-poder-ayudar-a-las-personas-en-peligro-de-suicidio","status":"publish","type":"page","link":"https:\/\/www.ceadin.org\/b\/una-forma-de-poder-ayudar-a-las-personas-en-peligro-de-suicidio\/","title":{"rendered":"Una forma de poder ayudar a las personas en peligro de suicidio"},"content":{"rendered":"<h3 style=\"text-align: center;\"><span style=\"color: #ff6600;\"><em><strong><span style=\"color: #800080;\"><br \/>\n<span style=\"text-decoration: underline; color: #0000ff;\">TEMAS DE SUICIDIO<\/span><\/span><\/strong><\/em><\/span><\/h3>\n<blockquote>\n<h3 style=\"text-align: center;\"><span style=\"color: #993300;\"><em><strong>Una forma de poder ayudar a las personas en peligro de suicidio,<br \/>\nes conocer c\u00f3mo se sienten en esos momentos.<\/strong><\/em><\/span><\/h3>\n<h3 style=\"text-align: center;\"><em><strong><a href=\"http:\/\/www.ceadin.org\/b\/wp-content\/uploads\/2015\/08\/Patricia+Perrier-Radix+-343-e1440373682290.jpg\"><img decoding=\"async\" loading=\"lazy\" class=\"aligncenter wp-image-1093\" title=\"Patricia+Perrier-Radix+-343\" src=\"http:\/\/www.ceadin.org\/b\/wp-content\/uploads\/2015\/08\/Patricia+Perrier-Radix+-343-e1440373682290.jpg\" alt=\"\" width=\"550\" height=\"690\" srcset=\"https:\/\/www.ceadin.org\/b\/wp-content\/uploads\/2015\/08\/Patricia+Perrier-Radix+-343-e1440373682290.jpg 648w, https:\/\/www.ceadin.org\/b\/wp-content\/uploads\/2015\/08\/Patricia+Perrier-Radix+-343-e1440373682290-239x300.jpg 239w\" sizes=\"(max-width: 550px) 100vw, 550px\" \/><\/a><\/strong><span style=\"color: #0000ff;\"><strong><span style=\"text-decoration: underline;\">Es com\u00fan en ellas sentirse terriblemente solas, sin nadie interesado que las entienda. En muchas oportunidades, el aislamiento en que se sumergen les facilita estos sentimientos.<\/span> <\/strong><\/span><\/em><\/h3>\n<h3 style=\"text-align: center;\"><span style=\"color: #0000ff;\"><em><strong><span style=\"text-decoration: underline;\">Con frecuencia consideran a la vida carente de sentido alguno, suponen que las dem\u00e1s personas se sentir\u00edan mejor si ellas no existieran y es preferible estar muertas. Se sienten pesimistas, creen que nada les ha salido, les sale ni les saldra\u0301 bien en sus vidas, que son una calamidad y sus dificultades no tienen soluci\u00f3n.<\/span> <\/strong><\/em><\/span><\/h3>\n<h4><span style=\"color: #993300;\"><em><strong>No son pocos los desesperados cuyas fantas\u00edas suicidas en sus mentes, cada minuto que pasa se hacen m\u00e1s firmes y convincentes. Pero unido a ello sienten tambi\u00e9n muchos deseos de seguir viviendo, si determinados cambios ocurrieran, si se les brindara un poco de ayuda.<\/strong><\/em><\/span><\/h4>\n<h4><span style=\"color: #993300;\"><em><strong>Es conveniente eliminar el criterio equivocado de no poder ayudarlos con el simple sentido com\u00fan, pues ellos s\u00f3lo necesitan que se les escuche y se les asista.<\/strong><\/em><\/span><\/h4>\n<h4><span style=\"text-align: left;\"><span style=\"color: #800080;\"><em><strong><span style=\"text-decoration: underline; color: #0000ff;\">Ante una persona que le conf\u00eda sus deseos de suicidarse,<\/span><br \/>\n<span style=\"text-decoration: underline; color: #0000ff;\"> le sugiero lo siguiente:<\/span><br \/>\n<span style=\"text-decoration: underline; color: #008000;\">1.- No se alarme al recibir esta informaci\u00f3n, pero siempre t\u00f3mela en serio.<\/span><br \/>\n<\/strong><\/em><\/span><\/span><\/h4>\n<h4><span style=\"text-decoration: underline; color: #008000;\"><em><strong>2.- Estim\u00falela a que le conf\u00ede sus problemas y c\u00f3mo ellos le hacen sentir.<br \/>\n<\/strong><\/em><\/span><\/h4>\n<h4><span style=\"text-decoration: underline; color: #008000;\"><em><strong>3.- Hable usted lo menos posible para que predomine siempre la voz de la persona que sufre.<br \/>\n<\/strong><\/em><\/span><\/h4>\n<h4><span style=\"text-decoration: underline; color: #008000;\"><em><strong>4.-\u00a0 Toque a la persona, pues el contacto piel con piel facilita la comunicaci\u00f3n (ejemplo: ligera presi\u00f3n manual del antebrazo mientras<br \/>\nle invita a que se desahogue).<br \/>\n<\/strong><\/em><\/span><\/h4>\n<h4><span style=\"text-decoration: underline; color: #008000;\"><em><strong>5.- No se ponga de ejemplo, ni le hable de usted y sus experiencias personales.<\/strong><\/em><\/span><\/h4>\n<h4><span style=\"text-decoration: underline; color: #008000;\"><em><strong>6.- No le d\u00e9 las soluciones que fueron buenas para usted, pues puede ser que para ella no sirvan en lo absoluto.<\/strong><\/em><\/span><\/h4>\n<h4><span style=\"text-decoration: underline; color: #008000;\">\u00a0<em><strong>7.- Si no se siente seguro en lo que est\u00e1 haciendo, pida ayuda. No es aconsejable el manejo en solitario de personas con riesgo de suicidio cuando haya inseguridad.<\/strong><\/em><\/span><\/h4>\n<h4><span style=\"text-decoration: underline; color: #008000;\"><em><strong>8.- Acomp\u00e1\u00f1ela hasta que el peligro haya pasado, lo cual puede manifestarse al ser capaz de expresar verbalmente su cr\u00edtica hacia los pensamientos suicidas cuando mejora su estado de \u00e1nimo, y se muestra m\u00e1s relajada, tranquila, cooperadora e interesada por las actividades cotidianas.<\/strong><\/em><\/span><\/h4>\n<h4><span style=\"text-decoration: underline; color: #008000;\"><em><strong>9.- Si el riesgo suicida persiste, lleve al sujeto para que reciba atenci\u00f3n psiqui\u00e1trica especializada.<\/strong><\/em><\/span><\/h4>\n<h4><span style=\"text-decoration: underline; color: #008000;\"><em><strong>10.- Int\u00e9ntelo de nuevo cuando cualquier otra persona le conf\u00ede sus prop\u00f3sitos suicidas y le saldr\u00e1 mejor que la primera vez, como a todos los que nos hemos dedicado a la prevenci\u00f3n del suicidio.<\/strong><\/em><\/span><\/h4>\n<h4>Prof. Dr. Sergio Andres Perez Barrero<\/h4>\n<h4><span style=\"color: #993300;\"><em><strong>Busque ayuda inmediatamente si:<\/strong><\/em><\/span><br \/>\n<span style=\"color: #993300;\"> <em><strong> Se siente abrumado.<\/strong><\/em><\/span><br \/>\n<span style=\"color: #993300;\"> <em><strong> \u2028Est\u00e1 pensando en hacerse da\u00f1o o en da\u00f1ar a otra persona.<\/strong><\/em><\/span><br \/>\n<span style=\"color: #993300;\"> <em><strong> Es incapaz de controlar su comportamiento.<\/strong><\/em><\/span><br \/>\n<span style=\"color: #993300;\"> <em><strong> Tiene otros s\u00edntomas muy angustiantes de trastorno<br \/>\nde estr\u00e9s postraum\u00e1tico.<\/strong><\/em><\/span><\/h4>\n<h4><span style=\"color: #993300;\"><em><strong>EN CASO NECESARIO:<\/strong><\/em><\/span><br \/>\n<span style=\"color: #993300;\"> <em><strong> Llame a su m\u00e9dico.<\/strong><\/em><\/span><br \/>\n<span style=\"color: #993300;\"> <em><strong> Llame al 911 para servicios de emergencia\u2028 o vaya<\/strong><\/em><\/span><br \/>\n<span style=\"color: #993300;\"> <em><strong> a la sala de emergencias m\u00e1s cercana.<br \/>\nEn un caso de emergencia, puede llamar a:<br \/>\n52-59-81-21<br \/>\n01-800-472-78-35<\/strong><\/em><\/span><\/h4>\n<h4><span style=\"color: #008000;\"><em><strong>SAPTEL \u201cSistema Nacional de Apoyo, Consejo \u2028Psicol\u00f3gico<br \/>\ne Intervenci\u00f3n en Crisis por Tel\u00e9fono\u201d<\/strong><\/em><\/span><br \/>\n<span style=\"color: #008000;\"> <em><strong> (Cruz Roja Mexicana\u2013 24 Hrs.) sin costo<\/strong><\/em><\/span><br \/>\n<span style=\"color: #008000;\"> <em><strong> Tel.- 52-59-81-21\u00a0\u00a0 \u2013<\/strong><\/em><\/span><br \/>\n<span style=\"color: #008000;\"> <em><strong> 01-800-472-78-35<\/strong><\/em><\/span><br \/>\n<span style=\"color: #008000;\"> <em><strong> saptel@prodigy.net.mx<\/strong><\/em><\/span><br \/>\n<span style=\"color: #008000;\"> <em><strong> \u2028http:\/\/www.saptel.org.mx\/<\/strong><\/em><\/span><\/h4>\n<h4>Imagenes-Patricia Perrier Radix<em><strong><em><br \/>\n<\/em><\/strong><\/em><\/h4>\n<\/blockquote>\n","protected":false},"excerpt":{"rendered":"<p>TEMAS DE SUICIDIO Una forma de poder ayudar a las personas en peligro de suicidio, es conocer c\u00f3mo se sienten en esos momentos. Es com\u00fan en ellas sentirse terriblemente solas, sin nadie interesado que las entienda. En muchas oportunidades, el aislamiento en que se sumergen les facilita estos sentimientos. Con frecuencia consideran a la vida [&hellip;]<\/p>\n","protected":false},"author":2,"featured_media":0,"parent":0,"menu_order":10,"comment_status":"open","ping_status":"closed","template":"","meta":[],"_links":{"self":[{"href":"https:\/\/www.ceadin.org\/b\/wp-json\/wp\/v2\/pages\/1046"}],"collection":[{"href":"https:\/\/www.ceadin.org\/b\/wp-json\/wp\/v2\/pages"}],"about":[{"href":"https:\/\/www.ceadin.org\/b\/wp-json\/wp\/v2\/types\/page"}],"author":[{"embeddable":true,"href":"https:\/\/www.ceadin.org\/b\/wp-json\/wp\/v2\/users\/2"}],"replies":[{"embeddable":true,"href":"https:\/\/www.ceadin.org\/b\/wp-json\/wp\/v2\/comments?post=1046"}],"version-history":[{"count":0,"href":"https:\/\/www.ceadin.org\/b\/wp-json\/wp\/v2\/pages\/1046\/revisions"}],"wp:attachment":[{"href":"https:\/\/www.ceadin.org\/b\/wp-json\/wp\/v2\/media?parent=1046"}],"curies":[{"name":"wp","href":"https:\/\/api.w.org\/{rel}","templated":true}]}}