{"id":1044,"date":"2015-08-24T00:20:10","date_gmt":"2015-08-24T00:20:10","guid":{"rendered":"http:\/\/www.ceadin.org\/b\/"},"modified":"2018-06-17T19:43:33","modified_gmt":"2018-06-17T19:43:33","slug":"enfrentarnos-a-una-persona-potencialmente-suicida","status":"publish","type":"page","link":"https:\/\/www.ceadin.org\/b\/enfrentarnos-a-una-persona-potencialmente-suicida\/","title":{"rendered":"Enfrentarnos a una persona potencialmente suicida"},"content":{"rendered":"<h3 style=\"text-align: center;\"><span style=\"color: #800080;\"><em><strong><br \/>\n<span style=\"text-decoration: underline; color: #0000ff;\">TEMAS DE SUICIDIO<\/span><\/strong><\/em><\/span><\/h3>\n<h3 style=\"text-align: center;\"><span style=\"color: #993300;\"><em><strong>Al enfrentarnos a una persona potencialmente suicida,<br \/>\nes necesario tener en cuenta nuestras propias opiniones y puntos<br \/>\nde vista con respecto a quienes lo intentan,<br \/>\nlos cuales pueden oscilar desde el rechazo manifiesto,<br \/>\nconsider\u00e1ndolos como cobardes, hasta la plena justificaci\u00f3n,<br \/>\ncatalog\u00e1ndolos de h\u00e9roes.<\/strong><\/em><\/span><\/h3>\n<blockquote>\n<h3 style=\"text-align: center;\"><em><span style=\"color: #800080;\"><strong><a href=\"http:\/\/www.ceadin.org\/b\/wp-content\/uploads\/2015\/08\/Patricia+Perrier-rtttttt-e1528986406845.jpg\"><img decoding=\"async\" loading=\"lazy\" class=\"aligncenter wp-image-1090 size-full\" title=\"Patricia+Perrier-rtttttt)\" src=\"http:\/\/www.ceadin.org\/b\/wp-content\/uploads\/2015\/08\/Patricia+Perrier-rtttttt-e1528986406845.jpg\" alt=\"\" width=\"550\" height=\"542\" srcset=\"https:\/\/www.ceadin.org\/b\/wp-content\/uploads\/2015\/08\/Patricia+Perrier-rtttttt-e1528986406845.jpg 550w, https:\/\/www.ceadin.org\/b\/wp-content\/uploads\/2015\/08\/Patricia+Perrier-rtttttt-e1528986406845-300x296.jpg 300w\" sizes=\"(max-width: 550px) 100vw, 550px\" \/><\/a><\/strong><\/span><span style=\"text-decoration: underline; color: #993300;\"><strong>No es prudente asumir, al enfrentarlos, ni una posici\u00f3n ni la otra.<br \/>\nLos individuos que atentan o desean atentar contra su vida,<br \/>\nno son ni cobardes ni valientes, pues la cobard\u00eda<br \/>\ny la valent\u00eda son cualidades del car\u00e1cter<br \/>\nno cuantificables por la capacidad que tengan los seres<br \/>\nhumanos de privarse de sus vidas o no. <\/strong><\/span><\/em><\/h3>\n<h4><span style=\"text-decoration: underline; color: #0000ff;\"><em><strong>A estas personas les ha fallado su <span style=\"color: #ff0000; text-decoration: underline;\">-capacidad reactivo-adaptativa, les han fracasado sus mecanismos \u00fatiles de adaptaci\u00f3n ante los avatares de la vida, y como sucede en cualquier caso de crisis, se encuentran desesperados, confusos y con una mezcla ambivalente de sentimientos-.<\/span><\/strong><\/em><\/span><\/h4>\n<h4><span style=\"color: #993300;\"><em><strong>Ante esta situaci\u00f3n es muy \u00fatil servir de <span style=\"text-decoration: underline; color: #0000ff;\">-modelo ortop\u00e9dico- <\/span>a este tipo de individuos, <span style=\"text-decoration: underline; color: #0000ff;\">-d\u00e1ndoles apoyo frecuente, ayud\u00e1ndoles en el an\u00e1lisis de sus problemas y dificultades, facilitando la participaci\u00f3n de ellos en la b\u00fasqueda de soluciones en conjunto con otros familiares, compa\u00f1eros de estudio o de trabajo, con la finalidad de disminuir hasta donde sea posible los sentimientos recurrentes de soledad tan frecuentes en las personas suicidas.<\/span><\/strong><\/em><\/span><\/h4>\n<h4><em><strong><span style=\"color: #800080;\"><span style=\"color: #993300;\">Es una buena t\u00e9cnica de ayuda<\/span> <span style=\"text-decoration: underline; color: #0000ff;\"><span style=\"color: #ff0000; text-decoration: underline;\">-NO INTENTAR CONVERCERLOS-<\/span> de lo maravilloso que resulta estar vivo, de lo buena que es la vida y otras conversaciones similares<\/span><\/span><span style=\"text-decoration: underline; color: #0000ff;\">, pues ellos, precisamente, no son capaces de pensar eso y lejos de ayudar, se pueden incrementar sus sentimientos de ineficiencia, inutilidad, minusval\u00eda, por sentirse incapaces de disfrutar de los beneficios de vivir. <\/span><\/strong><\/em><\/h4>\n<h4><span style=\"color: #993300;\"><em><strong>En este sentido, es m\u00e1s \u00fatil precisar con detalles lo que dicen sobre sus vidas y porque\u0301 consideran que carecen de sentido y es mejor morir, pues la sola expresi\u00f3n de estas opiniones pudiera llevarles cierto alivio, adem\u00e1s de permitirnos conocer c\u00f3mo piensan.<\/strong><\/em><\/span><\/h4>\n<h4><span style=\"color: #800080;\"><em><strong><span style=\"text-decoration: underline; color: #0000ff;\">-No se debe olvidar ni por un momento que las personas con este riesgo, tienen alternativas muy limitadas para resolver problemas y la m\u00e1s socorrida es el suicidio-, <\/span><span style=\"color: #993300;\">por lo que resulta de gran importancia conocerlas y evaluar cuan realistas son, y si el peligro es elevado; desde ese momento no se deben dejar solas.<\/span><\/strong><\/em><\/span><\/h4>\n<h4><em><strong><span style=\"text-decoration: underline; color: #0000ff;\">-Por \u00faltimo, emplee una parte del tiempo junto a ellas en hacerles comprender las otras opciones no suicidas para resolver los problemas, y que ocasionar\u00edan sufrimiento a personas allegadas si murieran-; <\/span><span style=\"color: #993300;\">asi\u0301 como tambi\u00e9n hay quienes desean ayudarles, sin olvidar mencionar las fuentes donde recurrir en busca de salud mental, si persisten los deseos de autoeliminaci\u00f3n, en cuyo caso, usted es la persona indicada para acercarlas a ellas.<\/span><\/strong><\/em><\/h4>\n<h4>Prof. Dr. Sergio Andres Perez Barrero<\/h4>\n<h4><span style=\"color: #993300;\"><em><strong>Busque ayuda inmediatamente si:<\/strong><\/em><\/span><br \/>\n<span style=\"color: #993300;\"> <em><strong> Se siente abrumado.<\/strong><\/em><\/span><br \/>\n<span style=\"color: #993300;\"> <em><strong> \u2028Est\u00e1 pensando en hacerse da\u00f1o o en da\u00f1ar a otra persona.<\/strong><\/em><\/span><br \/>\n<span style=\"color: #993300;\"> <em><strong> Es incapaz de controlar su comportamiento.<\/strong><\/em><\/span><br \/>\n<span style=\"color: #993300;\"> <em><strong> Tiene otros s\u00edntomas muy angustiantes de trastorno<br \/>\nde estr\u00e9s postraum\u00e1tico.<\/strong><\/em><\/span><\/h4>\n<h4><span style=\"color: #993300;\"><em><strong>EN CASO NECESARIO:<\/strong><\/em><\/span><br \/>\n<span style=\"color: #993300;\"> <em><strong> Llame a su m\u00e9dico.<\/strong><\/em><\/span><br \/>\n<span style=\"color: #993300;\"> <em><strong> Llame al 911 para servicios de emergencia\u2028 o vaya<\/strong><\/em><\/span><br \/>\n<span style=\"color: #993300;\"> <em><strong> a la sala de emergencias m\u00e1s cercana.<br \/>\nEn un caso de emergencia, puede llamar a:<br \/>\n52-59-81-21<br \/>\n01-800-472-78-35<\/strong><\/em><\/span><\/h4>\n<h4><span style=\"color: #008000;\"><em><strong>SAPTEL \u201cSistema Nacional de Apoyo, Consejo \u2028Psicol\u00f3gico<br \/>\ne Intervenci\u00f3n en Crisis por Tel\u00e9fono\u201d<\/strong><\/em><\/span><br \/>\n<span style=\"color: #008000;\"> <em><strong> (Cruz Roja Mexicana\u2013 24 Hrs.) sin costo<\/strong><\/em><\/span><br \/>\n<span style=\"color: #008000;\"> <em><strong> Tel.- 52-59-81-21\u00a0\u00a0 \u2013<\/strong><\/em><\/span><br \/>\n<span style=\"color: #008000;\"> <em><strong> 01-800-472-78-35<\/strong><\/em><\/span><br \/>\n<span style=\"color: #008000;\"> <em><strong> saptel@prodigy.net.mx<\/strong><\/em><\/span><br \/>\n<span style=\"color: #008000;\"> <em><strong> \u2028http:\/\/www.saptel.org.mx\/<\/strong><\/em><\/span><\/h4>\n<h4>Imagenes-Patricia Perrier Radix<em><strong><em><br \/>\n<\/em><\/strong><\/em><\/h4>\n<\/blockquote>\n","protected":false},"excerpt":{"rendered":"<p>TEMAS DE SUICIDIO Al enfrentarnos a una persona potencialmente suicida, es necesario tener en cuenta nuestras propias opiniones y puntos de vista con respecto a quienes lo intentan, los cuales pueden oscilar desde el rechazo manifiesto, consider\u00e1ndolos como cobardes, hasta la plena justificaci\u00f3n, catalog\u00e1ndolos de h\u00e9roes. No es prudente asumir, al enfrentarlos, ni una posici\u00f3n [&hellip;]<\/p>\n","protected":false},"author":2,"featured_media":0,"parent":0,"menu_order":8,"comment_status":"open","ping_status":"open","template":"","meta":[],"_links":{"self":[{"href":"https:\/\/www.ceadin.org\/b\/wp-json\/wp\/v2\/pages\/1044"}],"collection":[{"href":"https:\/\/www.ceadin.org\/b\/wp-json\/wp\/v2\/pages"}],"about":[{"href":"https:\/\/www.ceadin.org\/b\/wp-json\/wp\/v2\/types\/page"}],"author":[{"embeddable":true,"href":"https:\/\/www.ceadin.org\/b\/wp-json\/wp\/v2\/users\/2"}],"replies":[{"embeddable":true,"href":"https:\/\/www.ceadin.org\/b\/wp-json\/wp\/v2\/comments?post=1044"}],"version-history":[{"count":0,"href":"https:\/\/www.ceadin.org\/b\/wp-json\/wp\/v2\/pages\/1044\/revisions"}],"wp:attachment":[{"href":"https:\/\/www.ceadin.org\/b\/wp-json\/wp\/v2\/media?parent=1044"}],"curies":[{"name":"wp","href":"https:\/\/api.w.org\/{rel}","templated":true}]}}