{"id":1041,"date":"2015-08-24T00:13:56","date_gmt":"2015-08-24T00:13:56","guid":{"rendered":"http:\/\/www.ceadin.org\/b\/"},"modified":"2018-06-17T19:39:59","modified_gmt":"2018-06-17T19:39:59","slug":"otras-manifestaciones-no-verbales-del-sujeto-con-ideas-suicidas","status":"publish","type":"page","link":"https:\/\/www.ceadin.org\/b\/otras-manifestaciones-no-verbales-del-sujeto-con-ideas-suicidas\/","title":{"rendered":"Otras manifestaciones no verbales del sujeto con ideas suicidas"},"content":{"rendered":"<h3 style=\"text-align: center;\"><span style=\"color: #800080;\"><em><strong><span style=\"text-decoration: underline; color: #0000ff;\"><br \/>\nTEMAS DE SUICIDIO<\/span><\/strong><\/em><\/span><\/h3>\n<h3 style=\"text-align: center;\"><span style=\"color: #993300;\"><em><strong>Cuando el individuo no -verbaliza- sus ideas suicidas,<br \/>\nse puede llegar a sospecharlas mediante determinadas manifestaciones.<\/strong><\/em><\/span><\/h3>\n<h3 style=\"text-align: center;\"><a href=\"http:\/\/www.ceadin.org\/b\/wp-content\/uploads\/2015\/08\/patriciaperrier-suicidio.jpg\"><img decoding=\"async\" loading=\"lazy\" class=\"aligncenter size-full wp-image-4732\" src=\"http:\/\/www.ceadin.org\/b\/wp-content\/uploads\/2015\/08\/patriciaperrier-suicidio.jpg\" alt=\"\" width=\"550\" height=\"663\" srcset=\"https:\/\/www.ceadin.org\/b\/wp-content\/uploads\/2015\/08\/patriciaperrier-suicidio.jpg 550w, https:\/\/www.ceadin.org\/b\/wp-content\/uploads\/2015\/08\/patriciaperrier-suicidio-249x300.jpg 249w\" sizes=\"(max-width: 550px) 100vw, 550px\" \/><\/a><span style=\"color: #008000;\"><em><strong><span style=\"color: #993300;\">Algunos tienden a restar importancia<\/span><\/strong><\/em><\/span><br \/>\n<span style=\"color: #008000;\"><em><strong><span style=\"color: #993300;\">a las ideas suicidas, minimizarlas, sobre todo<\/span><\/strong><\/em><\/span><br \/>\n<span style=\"color: #008000;\"><em><strong><span style=\"color: #993300;\">con una sonrisa y expresiones como:<\/span><\/strong><\/em><\/span><\/h3>\n<h3 style=\"text-align: center;\"><span style=\"color: #008000;\"><em><strong> <span style=\"text-decoration: underline; color: #0000ff;\">-No te preocupes por mi\u0301- \u00a0 \u00a0 -No va a pasar nada-<\/span><\/strong><\/em><\/span><\/h3>\n<blockquote>\n<h4><em><strong><span style=\"color: #800080;\"><span style=\"text-decoration: underline; color: #0000ff;\">-El cese de la angustia, una sensaci\u00f3n de paz y tranquilidad internas, un per\u00edodo de calma despu\u00e9s de una fase de agitaci\u00f3n, son signos de grave peligro suicida-,<\/span> <span style=\"color: #993300;\">pues se ha resuelto el conflicto entre los deseos de vivir y los deseos de morir a favor de estos \u00faltimos<\/span><\/span><span style=\"color: #993300;\"> (la calma antes de la tormenta).<\/span><\/strong><\/em><\/h4>\n<h4><em><strong><span style=\"color: #993300;\">Otras veces el sujeto se iguala, se identifica de manera velada o expl\u00edcita con un conocido suicida con expresiones como:<\/span> <span style=\"color: #0000ff;\"><span style=\"text-decoration: underline;\">-Yo no pienso hacer lo mismo que hizo mi primo que se suicido\u0301- (y usted no ha mencionado el tema durante la conversaci\u00f3n).<\/span> <\/span><\/strong><\/em><\/h4>\n<h4><em><strong><span style=\"color: #800080;\"><span style=\"color: #993300;\">O tambi\u00e9n comparar su situaci\u00f3n con la similar de una persona que se suicido:<\/span><span style=\"text-decoration: underline; color: #0000ff;\"> -Fulano se mato\u0301 cuando supo que ten\u00eda c\u00e1ncer-<\/span><\/span><span style=\"text-decoration: underline; color: #0000ff;\"> (y a \u00e9l se le esta\u0301 investigando para diagnosticarle un c\u00e1ncer).<\/span><\/strong><\/em><\/h4>\n<h3 style=\"text-align: center;\"><span style=\"color: #008000;\"><em><strong><span style=\"color: #993300;\">Apuntan hacia la presencia de una idea suicida las conductas asumidas cuando se le pregunta si ha pensado en quitarse la vida, entre las que se destacan:<\/span> <\/strong><\/em><\/span><\/h3>\n<h4><span style=\"text-decoration: underline; color: #0000ff;\"><em><strong>1.- El llanto sin pronunciar palabra alguna.<br \/>\n2.- Bajar la cabeza y mirar el piso.<br \/>\n3.- Hacer silencio repentino motivado por la propia pregunta.<br \/>\n4.- Fruncir el ce\u00f1o.<br \/>\n5.- Mostrarse intranquilo o angustiado, etc.<\/strong><\/em><\/span><\/h4>\n<h4><em><strong><span style=\"text-decoration: underline; color: #993300;\">Hablan a favor de la existencia de un plan suicida, la tenencia escondida del futuro m\u00e9todo para lograrlo:<\/span> &#8211;<span style=\"text-decoration: underline; color: #0000ff;\">(acumular tabletas, llevar consigo el t\u00f3xico, la soga), dirigirse hacia el lugar elegido para realizar el acto suicida y que usualmente no es visitado por el sujeto, ingerir bebidas alcoh\u00f3licas en cantidades y con una frecuencia inusuales que llaman la atenci\u00f3n de quienes lo conocen, mediante lo cual el individuo trata de lograr -el valor- necesario para llevar a cabo sus intenciones-.<\/span><\/strong><\/em><\/h4>\n<h3 style=\"text-align: center;\"><span style=\"color: #800080;\"><em><strong><span style=\"color: #ff0000;\">En no pocos casos las manifestaciones de angustia, miedo, intranquilidad, zozobra, son la expresi\u00f3n de una idea suicida que tiene la caracter\u00edstica de ser recurrente, amenazadora, un pensamiento obsesivo en el campo de la conciencia del sujeto, sin que \u00e9l se lo proponga y que es vivenciado como ajeno, impuesto desde el exterior, aunque lo reconoce como propio.<\/span> <\/strong><\/em><\/span><\/h3>\n<h3 style=\"text-align: center;\"><span style=\"text-decoration: underline; color: #ff0000;\"><em><strong>Esta idea reviste grave peligro, pues personas impresionables y sugestionables, mediante un proceso de autohipnosis pueden llevar el suicidio a v\u00edas de hecho.<\/strong><\/em><\/span><\/h3>\n<h4><em><strong><span style=\"color: #993300;\">Por \u00faltimo, se debe prestar especial atenci\u00f3n a aquellas personas que experimentan cambios ostensibles en su comportamiento habitual que limitan sustancialmente su adaptabilidad social <span style=\"text-decoration: underline; color: #0000ff;\">&#8211;<\/span><\/span><span style=\"text-decoration: underline; color: #0000ff;\">(ingesti\u00f3n de alcohol o drogas, deserci\u00f3n laboral, divorcio, disidencia del grupo de pertenencia, <\/span><span style=\"color: #800080;\"><span style=\"text-decoration: underline; color: #0000ff;\">etc.), <\/span><span style=\"color: #993300;\">aunque algunos autores excluyan estos cambios por considerar que se sustentan en motivaciones diferentes.<\/span><\/span><\/strong><\/em><\/h4>\n<h4>Prof. Dr. Sergio Andres Perez Barrero<\/h4>\n<h4><span style=\"color: #993300;\"><em><strong>Busque ayuda inmediatamente si:<\/strong><\/em><\/span><br \/>\n<span style=\"color: #993300;\"> <em><strong> Se siente abrumado.<\/strong><\/em><\/span><br \/>\n<span style=\"color: #993300;\"> <em><strong> \u2028Est\u00e1 pensando en hacerse da\u00f1o o en da\u00f1ar a otra persona.<\/strong><\/em><\/span><br \/>\n<span style=\"color: #993300;\"> <em><strong> Es incapaz de controlar su comportamiento.<\/strong><\/em><\/span><br \/>\n<span style=\"color: #993300;\"> <em><strong> Tiene otros s\u00edntomas muy angustiantes de trastorno<br \/>\nde estr\u00e9s postraum\u00e1tico.<\/strong><\/em><\/span><\/h4>\n<h4><span style=\"color: #993300;\"><em><strong>EN CASO NECESARIO:<\/strong><\/em><\/span><br \/>\n<span style=\"color: #993300;\"> <em><strong> Llame a su m\u00e9dico.<\/strong><\/em><\/span><br \/>\n<span style=\"color: #993300;\"> <em><strong> Llame al 911 para servicios de emergencia\u2028 o vaya<\/strong><\/em><\/span><br \/>\n<span style=\"color: #993300;\"> <em><strong> a la sala de emergencias m\u00e1s cercana.<br \/>\nEn un caso de emergencia, puede llamar a:<br \/>\n52-59-81-21<br \/>\n01-800-472-78-35<\/strong><\/em><\/span><\/h4>\n<h4><span style=\"color: #008000;\"><em><strong>SAPTEL \u201cSistema Nacional de Apoyo, Consejo \u2028Psicol\u00f3gico<br \/>\ne Intervenci\u00f3n en Crisis por Tel\u00e9fono\u201d<\/strong><\/em><\/span><br \/>\n<span style=\"color: #008000;\"> <em><strong> (Cruz Roja Mexicana\u2013 24 Hrs.) sin costo<\/strong><\/em><\/span><br \/>\n<span style=\"color: #008000;\"> <em><strong> Tel.- 52-59-81-21\u00a0\u00a0 \u2013<\/strong><\/em><\/span><br \/>\n<span style=\"color: #008000;\"> <em><strong> 01-800-472-78-35<\/strong><\/em><\/span><br \/>\n<span style=\"color: #008000;\"> <em><strong> saptel@prodigy.net.mx<\/strong><\/em><\/span><br \/>\n<span style=\"color: #008000;\"> <em><strong> \u2028http:\/\/www.saptel.org.mx\/<\/strong><\/em><\/span><\/h4>\n<h4>Imagenes-Patricia Perrier Radix<em><strong><em><br \/>\n<\/em><\/strong><\/em><\/h4>\n<\/blockquote>\n","protected":false},"excerpt":{"rendered":"<p>TEMAS DE SUICIDIO Cuando el individuo no -verbaliza- sus ideas suicidas, se puede llegar a sospecharlas mediante determinadas manifestaciones. Algunos tienden a restar importancia a las ideas suicidas, minimizarlas, sobre todo con una sonrisa y expresiones como: -No te preocupes por mi\u0301- \u00a0 \u00a0 -No va a pasar nada- -El cese de la angustia, una [&hellip;]<\/p>\n","protected":false},"author":2,"featured_media":0,"parent":0,"menu_order":4,"comment_status":"open","ping_status":"open","template":"","meta":[],"_links":{"self":[{"href":"https:\/\/www.ceadin.org\/b\/wp-json\/wp\/v2\/pages\/1041"}],"collection":[{"href":"https:\/\/www.ceadin.org\/b\/wp-json\/wp\/v2\/pages"}],"about":[{"href":"https:\/\/www.ceadin.org\/b\/wp-json\/wp\/v2\/types\/page"}],"author":[{"embeddable":true,"href":"https:\/\/www.ceadin.org\/b\/wp-json\/wp\/v2\/users\/2"}],"replies":[{"embeddable":true,"href":"https:\/\/www.ceadin.org\/b\/wp-json\/wp\/v2\/comments?post=1041"}],"version-history":[{"count":0,"href":"https:\/\/www.ceadin.org\/b\/wp-json\/wp\/v2\/pages\/1041\/revisions"}],"wp:attachment":[{"href":"https:\/\/www.ceadin.org\/b\/wp-json\/wp\/v2\/media?parent=1041"}],"curies":[{"name":"wp","href":"https:\/\/api.w.org\/{rel}","templated":true}]}}