{"id":1040,"date":"2015-08-24T00:16:18","date_gmt":"2015-08-24T00:16:18","guid":{"rendered":"http:\/\/www.ceadin.org\/b\/"},"modified":"2018-06-19T01:06:13","modified_gmt":"2018-06-19T01:06:13","slug":"esta-variante-es-para-enfrentarnos-con-quien-haya-realizado-un-intento-de-suicidio","status":"publish","type":"page","link":"https:\/\/www.ceadin.org\/b\/esta-variante-es-para-enfrentarnos-con-quien-haya-realizado-un-intento-de-suicidio\/","title":{"rendered":"Esta variante es para enfrentarnos con quien haya realizado un intento de suicidio"},"content":{"rendered":"<h3 style=\"text-align: center;\"><span style=\"color: #993366;\"><em><strong><span style=\"color: #800080;\"><br \/>\n<span style=\"text-decoration: underline; color: #0000ff;\">TEMAS DE SUICIDIO<\/span><\/span><\/strong><\/em><\/span><\/h3>\n<h3 style=\"text-align: center;\"><span style=\"color: #993300;\"><em><strong>Esta variante consiste en tratar de dar respuesta<br \/>\na una serie de preguntas en conversaci\u00f3n<br \/>\ncon el suicida en potencia.<\/strong><\/em><\/span><\/h3>\n<h3 style=\"text-align: center;\"><em><strong><a href=\"http:\/\/www.ceadin.org\/b\/wp-content\/uploads\/2015\/08\/patricia+perrier113-e1529370281452.jpg\"><img decoding=\"async\" loading=\"lazy\" class=\"aligncenter wp-image-1088\" title=\"patricia+perrier113\" src=\"http:\/\/www.ceadin.org\/b\/wp-content\/uploads\/2015\/08\/patricia+perrier113-e1440362834905.jpg\" alt=\"\" width=\"550\" height=\"543\" \/><\/a><span style=\"color: #993300;\">Pasemos a enunciarlas:<\/span><\/strong><\/em><\/h3>\n<blockquote>\n<h3><span style=\"text-decoration: underline; color: #0000ff;\"><em><strong>1. \u00bfQui\u00e9n era esta persona antes de atentar contra su vida?<\/strong><\/em><\/span><\/h3>\n<h4><span style=\"text-decoration: underline; color: #0000ff;\"><em><strong><span style=\"color: #ff0000; text-decoration: underline;\">-De las respuestas a esta pregunta se pueden conocer los factores que elevan el riesgo de cometer suicidio-:<\/span><br \/>\n\u2022 Padecer enfermedad psiqui\u00e1trica previa.<br \/>\n\u2022 Antecedentes de intentos de suicidio.<br \/>\n\u2022 Inadaptaci\u00f3n social.<br \/>\n\u2022 Inadaptaci\u00f3n laboral.<br \/>\n\u2022 Inadaptaci\u00f3n familiar.<br \/>\n\u2022 Provenir de una familia psiqui\u00e1trica o tener familiares psiqui\u00e1tricos.<br \/>\n\u2022 Provenir de una familia de suicidas o sobrevivientes de suicidios.<\/strong><\/em><\/span><\/h4>\n<h3 style=\"text-align: left;\"><span style=\"text-decoration: underline; color: #0000ff;\"><em><strong> 2. \u00bfQui\u00e9n es esta persona ahora?<\/strong><\/em><\/span><\/h3>\n<h4><em><strong><span style=\"text-decoration: underline; color: #0000ff;\">-La comparaci\u00f3n entre las respuestas a la pregunta precedente y a \u00e9sta puede dar m\u00e1s aproximaci\u00f3n al riesgo de suicidio, pues mientras mayores sean las diferencias entre lo que una persona fue y lo que es, \u00e9ste puede incrementarse-. <\/span><span style=\"color: #993300;\">Aqui\u0301 queda incluido adem\u00e1s, el cuadro cl\u00ednico actual, es decir, los s\u00edntomas presentados y es la idea suicida planificada la m\u00e1s peligrosa por la cercan\u00eda a la ejecuci\u00f3n del acto; la inadaptabilidad familiar, laboral y social en el presente, los factores que desencadenaron el intento suicida, entre los que sobresalen los conflictos de familia y pareja, las enfermedades f\u00edsicas asociadas, etc.<\/span><\/strong><\/em><\/h4>\n<h3 style=\"text-align: left;\"><span style=\"text-decoration: underline; color: #0000ff;\"><em><strong>3. \u00bfEs alta su letalidad?<\/strong><\/em><\/span><\/h3>\n<h4><em><strong><span style=\"text-decoration: underline; color: #0000ff;\">-Aqui\u0301 las respuestas nos deben orientar sobre el m\u00e9todo empleado, pues aunque cualquiera en determinadas circunstancias puede ocasionar la muerte, los llamados m\u00e9todos duros, como el ahorcamiento, el fuego, la precipitaci\u00f3n de lugares elevados creados por el hombre o naturales y otros son m\u00e1s peligrosos-. <\/span><span style=\"color: #993300;\">Con respecto a las circunstancias, debe prestarse especial atenci\u00f3n a los que eligen lugares de dif\u00edcil acceso, en los que las posibilidades de rescate son m\u00ednimas, aunque se han realizado suicidios ante las c\u00e1maras de televisi\u00f3n y millones de televidentes.<\/span><\/strong><\/em><\/h4>\n<h3><span style=\"text-decoration: underline; color: #0000ff;\"><em><strong>4. \u00bfQue\u0301 es lo que dice el paciente?<\/strong><\/em><\/span><\/h3>\n<h4><em><strong><span style=\"text-decoration: underline; color: #0000ff;\">-Con esta pregunta se trata de verificar a que\u0301 se ajusta la ideaci\u00f3n suicida: si existe el prop\u00f3sito de morir o al acto se le atribuye otro significado como el deseo de mostrarle a otros cuan grandes son sus problemas, escapar de una situaci\u00f3n intolerable, petici\u00f3n de ayuda, etc-.<\/span> <span style=\"color: #993300;\">La presencia de un plan suicida incrementa sustancialmente el peligro de repetirlo con \u00e9xito, al igual que las ideas distorsionadas sobre la realidad, los cl\u00e1sicos -disparates- al decir de los familiares, que cuando tienen como tema supuestas culpas, autorreproches, miserias, tragedias, calamidades, enfermedades incurables, etc., comportan elevado riesgo de suicidio.<\/span><\/strong><\/em><\/h4>\n<h3><span style=\"text-decoration: underline; color: #0000ff;\"><em><strong>5. \u00bfQue\u0301 parte sana tiene el sujeto?<\/strong><\/em><\/span><\/h3>\n<h4><em><strong><span style=\"text-decoration: underline; color: #0000ff;\">-La respuesta a esta pregunta tiene una importancia estrat\u00e9gica pues de ella depende el manejo definitivo de la crisis suicida del sujeto-.<\/span><span style=\"color: #993300;\"> Las situaciones diversas que se pueden presentar transcurren desde personas sin apenas perturbaci\u00f3n ps\u00edquica hasta las gravemente perturbadas, desde las que tienen una cr\u00edtica razonada de lo ocurrido hasta las que consideran el suicidio como \u00fanica posibilidad.<\/span><\/strong><\/em><\/h4>\n<h3><span style=\"text-decoration: underline; color: #0000ff;\"><em><strong>6. \u00bfDe que\u0301 se puede aferrar este sujeto, adem\u00e1s de mi, para seguir viviendo?<\/strong><\/em><\/span><\/h3>\n<h4><em><strong><span style=\"text-decoration: underline; color: #0000ff;\">-Como se ve, mediante esta pregunta debe conocerse todo aquel que trate con la persona con riesgo suicida-;<\/span> <span style=\"color: #993300;\">esto es de gran valor humano, fraternal, solidario, porque, adem\u00e1s de nuestra ayuda, debemos recabar apoyo de hijos, c\u00f3nyuges, compa\u00f1eros de trabajo, vecinos, etc.<\/span><\/strong><\/em><\/h4>\n<h3><span style=\"text-decoration: underline; color: #0000ff;\"><em><strong>7. \u00bfQue\u0301 m\u00e1s puedo hacer por esta persona?<\/strong><\/em><\/span><\/h3>\n<h4><span style=\"color: #333333;\"><em><strong><span style=\"color: #333333;\"><span style=\"text-decoration: underline; color: #0000ff;\">-Su contestaci\u00f3n permite hacer una revisi\u00f3n de lo hecho hasta este momento que, en lo fundamental, ha consistido en la evaluaci\u00f3n del riesgo suicida-. <\/span><span style=\"color: #993300;\">En lo adelante, se deben concentrar los esfuerzos en dirigir a la persona con intento suicida, amenazas suicidas, ideas suicidas planificadas o no, a recibir atenci\u00f3n calificada, que puede ser el m\u00e9dico de la familia, psic\u00f3logos, psiquiatras, unidades de intervenci\u00f3n en crisis de los hospitales generales, etc.<\/span><\/span> <\/strong><\/em><\/span><\/h4>\n<h4><em><strong><span style=\"color: #993300;\">Este objetivo de acercar al individuo en crisis suicida, a los centros de salud es fundamental, y si \u00e9l no va a ellos, se puede pedir una visita en el domicilio al m\u00e9dico de la familia, si es que ya no la ha realizado como parte de sus deberes.<\/span> <\/strong><\/em><\/h4>\n<h3 style=\"text-align: center;\"><span style=\"text-decoration: underline; color: #ff0000;\"><em><strong>Por \u00faltimo, recuerde no dejar solo en<br \/>\nning\u00fan momento a la persona en una crisis suicida.<br \/>\nNo lo olvide.<\/strong><\/em><\/span><\/h3>\n<h3><span style=\"text-decoration: underline; color: #0000ff;\"><em><strong>8. \u00bfLo he hecho todo?<\/strong><\/em><\/span><\/h3>\n<h4><span style=\"text-decoration: underline; color: #0000ff;\"><em><strong>-Como se puede observar, \u00e9sta es una pregunta incisiva que complementa la anterior pretendiendo con ella sean movilizados todos los recursos disponibles, entre ellos, la familia, amigos, vecinos, comunidad, instituciones, organizaciones y todo cuanto sea necesario para enfrentar a un sujeto con intenciones suicidas-.<\/strong><\/em><\/span><\/h4>\n<h4>Prof. Dr. Sergio Andres Perez Barrero<\/h4>\n<\/blockquote>\n<div>\n<blockquote>\n<h4><span style=\"color: #993300;\"><em><strong>Busque ayuda inmediatamente si:<\/strong><\/em><\/span><br \/>\n<span style=\"color: #993300;\"> <em><strong> Se siente abrumado.<\/strong><\/em><\/span><br \/>\n<span style=\"color: #993300;\"> <em><strong> \u2028Est\u00e1 pensando en hacerse da\u00f1o o en da\u00f1ar a otra persona.<\/strong><\/em><\/span><br \/>\n<span style=\"color: #993300;\"> <em><strong> Es incapaz de controlar su comportamiento.<\/strong><\/em><\/span><br \/>\n<span style=\"color: #993300;\"> <em><strong> Tiene otros s\u00edntomas muy angustiantes de trastorno<br \/>\nde estr\u00e9s postraum\u00e1tico.<\/strong><\/em><\/span><\/h4>\n<h4><span style=\"color: #993300;\"><em><strong>EN CASO NECESARIO:<\/strong><\/em><\/span><br \/>\n<span style=\"color: #993300;\"> <em><strong> Llame a su m\u00e9dico.<\/strong><\/em><\/span><br \/>\n<span style=\"color: #993300;\"> <em><strong> Llame al 911 para servicios de emergencia\u2028 o vaya<\/strong><\/em><\/span><br \/>\n<span style=\"color: #993300;\"> <em><strong> a la sala de emergencias m\u00e1s cercana.<br \/>\nEn un caso de emergencia, puede llamar a:<br \/>\n52-59-81-21<br \/>\n01-800-472-78-35<\/strong><\/em><\/span><\/h4>\n<h4><span style=\"color: #008000;\"><em><strong>SAPTEL \u201cSistema Nacional de Apoyo, Consejo \u2028Psicol\u00f3gico<br \/>\ne Intervenci\u00f3n en Crisis por Tel\u00e9fono\u201d<\/strong><\/em><\/span><br \/>\n<span style=\"color: #008000;\"> <em><strong> (Cruz Roja Mexicana\u2013 24 Hrs.) sin costo<\/strong><\/em><\/span><br \/>\n<span style=\"color: #008000;\"> <em><strong> Tel.- 52-59-81-21\u00a0\u00a0 \u2013<\/strong><\/em><\/span><br \/>\n<span style=\"color: #008000;\"> <em><strong> 01-800-472-78-35<\/strong><\/em><\/span><br \/>\n<span style=\"color: #008000;\"> <em><strong> saptel@prodigy.net.mx<\/strong><\/em><\/span><br \/>\n<span style=\"color: #008000;\"> <em><strong> \u2028http:\/\/www.saptel.org.mx\/<\/strong><\/em><\/span><\/h4>\n<\/blockquote>\n<\/div>\n<blockquote>\n<h4>Imagenes-Patricia Perrier Radix<em><strong><em><br \/>\n<\/em><\/strong><\/em><\/h4>\n<\/blockquote>\n","protected":false},"excerpt":{"rendered":"<p>TEMAS DE SUICIDIO Esta variante consiste en tratar de dar respuesta a una serie de preguntas en conversaci\u00f3n con el suicida en potencia. Pasemos a enunciarlas: 1. \u00bfQui\u00e9n era esta persona antes de atentar contra su vida? -De las respuestas a esta pregunta se pueden conocer los factores que elevan el riesgo de cometer suicidio-: [&hellip;]<\/p>\n","protected":false},"author":2,"featured_media":0,"parent":0,"menu_order":6,"comment_status":"open","ping_status":"open","template":"","meta":[],"_links":{"self":[{"href":"https:\/\/www.ceadin.org\/b\/wp-json\/wp\/v2\/pages\/1040"}],"collection":[{"href":"https:\/\/www.ceadin.org\/b\/wp-json\/wp\/v2\/pages"}],"about":[{"href":"https:\/\/www.ceadin.org\/b\/wp-json\/wp\/v2\/types\/page"}],"author":[{"embeddable":true,"href":"https:\/\/www.ceadin.org\/b\/wp-json\/wp\/v2\/users\/2"}],"replies":[{"embeddable":true,"href":"https:\/\/www.ceadin.org\/b\/wp-json\/wp\/v2\/comments?post=1040"}],"version-history":[{"count":0,"href":"https:\/\/www.ceadin.org\/b\/wp-json\/wp\/v2\/pages\/1040\/revisions"}],"wp:attachment":[{"href":"https:\/\/www.ceadin.org\/b\/wp-json\/wp\/v2\/media?parent=1040"}],"curies":[{"name":"wp","href":"https:\/\/api.w.org\/{rel}","templated":true}]}}