{"id":1036,"date":"2015-05-18T23:24:27","date_gmt":"2015-05-18T23:24:27","guid":{"rendered":"http:\/\/www.ceadin.org\/b\/"},"modified":"2018-06-17T20:05:52","modified_gmt":"2018-06-17T20:05:52","slug":"prevenir-el-suicidio","status":"publish","type":"page","link":"https:\/\/www.ceadin.org\/b\/prevenir-el-suicidio\/","title":{"rendered":"Prevenir el Suicidio"},"content":{"rendered":"<h3 style=\"text-align: center;\"><span style=\"color: #993366;\"><em><strong><span style=\"color: #800080;\"><br \/>\n<\/span><\/strong><span style=\"text-decoration: underline; color: #0000ff;\"><strong><span style=\"text-decoration: underline;\">TEMAS DE SUICIDIO<\/span><\/strong><\/span><\/em><\/span><\/h3>\n<h3 style=\"text-align: center;\"><span style=\"color: #993300;\"><em><strong>&#8211; Criterios equivocados y cient\u00edficos con respecto al suicidio &#8211;<\/strong><\/em><\/span><\/h3>\n<h3 style=\"text-align: center;\"><strong><a href=\"http:\/\/www.ceadin.org\/b\/wp-content\/uploads\/2015\/08\/patricia+perrier22-e1529172802486.jpg\"><img decoding=\"async\" loading=\"lazy\" class=\"aligncenter wp-image-1084\" title=\"patricia+perrier22\" src=\"http:\/\/www.ceadin.org\/b\/wp-content\/uploads\/2015\/08\/patricia+perrier22-e1440353939523.jpg\" alt=\"\" width=\"550\" height=\"540\" \/><\/a><\/strong><span style=\"text-decoration: underline; color: #993300;\"><em><strong>Existen diversos criterios err\u00f3neos con respecto al suicidio,<br \/>\na los suicidas y a los que intentan el suicidio,<br \/>\nque deben ser eliminados si se desea colaborar con este tipo de personas.<\/strong><\/em><\/span><\/h3>\n<blockquote>\n<h4 style=\"text-align: center;\"><span style=\"color: #993300;\"><em><strong>Pasemos a enunciar algunos de ellos\u00a0 y expondremos los criterios cient\u00edficos que desde este momento deben tomarse en cuenta para poder hacer efectiva su ayuda en la prevenci\u00f3n del suicidio.<\/strong><\/em><\/span><\/h4>\n<\/blockquote>\n<div>\n<blockquote>\n<h4><em><strong><span style=\"text-decoration: underline; color: #008000;\">1.-Criterio equivocado: <\/span><span style=\"color: #993300;\">El que se quiere matar no lo dice.<\/span><br \/>\n<span style=\"text-decoration: underline; color: #0000ff;\">CRITERIO CIENTIFICO:<\/span> <span style=\"color: #993300;\">De cada diez personas que se suicidan, nueve de ellas dijeron claramente sus prop\u00f3sitos y la otra dejo\u0301 entrever sus intenciones de acabar con su vida.<\/span><\/strong><\/em><\/h4>\n<h4><em><strong><span style=\"text-decoration: underline; color: #008000;\">2.-Criterio equivocado: <\/span><span style=\"color: #993300;\">El que lo dice no lo hace.<\/span><br \/>\n<span style=\"color: #0000ff;\"><span style=\"text-decoration: underline;\">CRITERIO CIENTIFICO<\/span><span style=\"text-decoration: underline;\">:<\/span> <\/span><span style=\"color: #993300;\">Todo el que se suicida expreso\u0301 con palabras, amenazas, gestos o cambios de conducta lo que ocurrir\u00eda.<\/span><\/strong><\/em><\/h4>\n<h4><em><strong><span style=\"text-decoration: underline; color: #008000;\">3.-Criterio equivocado: <\/span><span style=\"color: #993300;\">Los que intentan el suicidio no desean morir, solo hacen el alarde.<\/span><br \/>\n<span style=\"text-decoration: underline; color: #0000ff;\">CRITERIO CIENTIFICO: <\/span><span style=\"color: #993300;\">Aunque no todos los que intentan el suicidio desean morir, es un error tildarlos de alardosos, pues son personas a las cuales les han fracasado sus mecanismos \u00fatiles de adaptaci\u00f3n y no encuentran alternativas, excepto el atentar contra su vida.<\/span><\/strong><\/em><\/h4>\n<h4><em> <strong><span style=\"text-decoration: underline; color: #008000;\">4.-Criterio equivocado:<\/span> <span style=\"color: #993300;\">Si de verdad se hubiera querido matar, se hubiera tirado delante de un tren.<\/span><br \/>\n<span style=\"text-decoration: underline; color: #0000ff;\">CRITERIO CIENTIFICO: <\/span><span style=\"color: #993300;\">Todo suicida se encuentra en una situaci\u00f3n ambivalente, es decir, con deseos de morir y de vivir. El m\u00e9todo elegido para el suicidio no refleja los deseos de morir de quien lo utiliza, y proporcionarle otro de mayor letalidad es calificado como un delito de auxilio al suicida (ayudarlo a que lo cometa), penalizado en el C\u00f3digo Penal vigente.<\/span><\/strong><\/em><\/h4>\n<h4><em><strong><span style=\"text-decoration: underline; color: #008000;\">5.-Criterio equivocado: <\/span><span style=\"color: #993300;\">El sujeto que se repone de una crisis suicida no corre peligro alguno de recaer.<\/span><br \/>\n<span style=\"color: #0000ff;\"><span style=\"text-decoration: underline;\">CRITERIO CIENTIFICO<\/span><span style=\"text-decoration: underline;\">:<\/span> <\/span><span style=\"color: #993300;\">Casi la mitad de los que atravesaron por una crisis suicida y consumaron el suicidio, lo llevaron a cabo durante los tres primeros meses tras la crisis emocional, cuando todos cre\u00edan que el peligro hab\u00eda pasado. Ocurre que cuando la persona mejora, sus movimientos se hacen mas \u00e1giles, esta\u0301 en condiciones de llevar a cabo las ideas suicidas que aun persisten, y antes, debido a la inactividad e incapacidad de movimientos \u00e1giles, no pod\u00eda hacerlo.<\/span><\/strong><\/em><\/h4>\n<h4><em><strong><span style=\"text-decoration: underline; color: #008000;\">6.-Criterio equivocado: <\/span><span style=\"color: #993300;\">Todo el que intenta el suicidio estara\u0301 en ese peligro toda la vida.<\/span><br \/>\n<span style=\"text-decoration: underline; color: #0000ff;\">CRITERIO CIENTIFICO: <\/span><span style=\"color: #993300;\">Entre el 1 % y el 2 % de los que intentan el suicidio lo logran durante el primer a\u00f1o despu\u00e9s del intento y entre el 10 al 20 % lo consumaran en el resto de sus vidas. Una crisis suicida dura horas, d\u00edas, raramente semanas, por lo que es importante reconocerla para su prevenci\u00f3n.<\/span><\/strong><\/em><\/h4>\n<h4><em><strong><span style=\"text-decoration: underline; color: #008000;\">7.-Criterio equivocado: <\/span><span style=\"color: #993300;\">Todo el que se suicida esta\u0301 deprimido.<\/span><br \/>\n<span style=\"color: #0000ff;\"><span style=\"text-decoration: underline;\">CRITERIO CIENTIFICO<\/span><span style=\"text-decoration: underline;\">:<\/span> <\/span><span style=\"color: #993300;\">Aunque toda persona deprimida tiene posibilidades de realizar un intento de suicidio o un suicidio, no todos los que lo hacen presentan este desajuste. Pueden padecer esquizofrenias, alcoholismo, trastornos del car\u00e1cter, etc.<\/span><\/strong><\/em><\/h4>\n<h4><em><strong><span style=\"text-decoration: underline; color: #008000;\">8.-Criterio equivocado: <\/span><span style=\"color: #993300;\">Todo el que se suicida es un enfermo mental.<\/span><br \/>\n<span style=\"text-decoration: underline; color: #0000ff;\">CRITERIO CIENTIFICO: <\/span><span style=\"color: #993300;\">Los enfermos mentales se suicidan con mayor frecuencia que la poblaci\u00f3n en general, pero no necesariamente hay que padecer un trastorno mental para hacerlo. Pero no caben dudas de que todo suicida es una persona que sufre.<\/span><\/strong><\/em><\/h4>\n<h4><em><strong><span style=\"text-decoration: underline; color: #008000;\">9.-Criterio equivocado: <\/span><span style=\"color: #993300;\">El suicidio se hereda.<\/span><br \/>\n<span style=\"text-decoration: underline; color: #0000ff;\">CRITERIO CIENTIFICO: <\/span><span style=\"color: #993300;\">No esta\u0301 demostrado que el suicidio se herede, aunque se puedan encontrar varios miembros de una misma familia que hayan terminado sus vidas por suicidio. En estos casos lo heredado es la predisposici\u00f3n a padecer determinada enfermedad mental en la cual el suicidio es un s\u00edntoma principal, como por ejemplo, los trastornos afectivos y las esquizofrenias.<\/span><\/strong><\/em><\/h4>\n<h4><em><strong><span style=\"text-decoration: underline; color: #008000;\">10.-Criterio equivocado: <\/span><span style=\"color: #993300;\">El suicidio no puede ser prevenido pues ocurre por impulso.<\/span><br \/>\n<span style=\"color: #0000ff;\"><span style=\"text-decoration: underline;\">CRITERIO CIENTIFICO:<\/span> <\/span><span style=\"color: #993300;\">Toda persona antes de cometer un suicidio evidencia una serie de s\u00edntomas que han sido definidos como s\u00edndrome presuicidal, consistente en constricci\u00f3n de los sentimientos y el intelecto, inhibici\u00f3n de la agresividad, la cual ya no es dirigida hacia otras personas reserv\u00e1ndola para si, y la existencia de fantas\u00edas suicidas, todo lo que puede ser detectado a su debido tiempo y evitar se lleven a cabo sus prop\u00f3sitos.<\/span><\/strong><\/em><\/h4>\n<h4><em><strong><span style=\"text-decoration: underline; color: #008000;\">11.-Criterio equivocado: <\/span><span style=\"color: #993300;\">Al hablar sobre el suicidio con una persona sobre este riesgo se le puede incitar a que lo realice.<\/span><br \/>\n<span style=\"color: #0000ff;\"><span style=\"text-decoration: underline;\">CRITERIO CIENTIFICO<\/span><span style=\"text-decoration: underline;\">:<\/span> <\/span><span style=\"color: #993300;\">Esta\u0301 demostrado que hablar sobre el suicidio con una persona en tal riesgo en vez de incitar, provocar o introducir en su cabeza esa idea, reduce el peligro de cometerlo y puede ser la \u00fanica posibilidad que ofrezca el sujeto para el an\u00e1lisis de sus prop\u00f3sitos autodestructivos.<\/span><\/strong><\/em><\/h4>\n<h4><em><strong><span style=\"text-decoration: underline; color: #008000;\">12.-Criterio equivocado: <\/span><span style=\"color: #993300;\">El acercarse a una persona en crisis suicida sin la debida preparaci\u00f3n para ello, s\u00f3lo mediante el sentido com\u00fan, es perjudicial y se pierde el tiempo para su abordaje adecuado.<\/span><br \/>\n<span style=\"text-decoration: underline; color: #0000ff;\">CRITERIO CIENTIFICO:<\/span> <span style=\"color: #993300;\">Si el sentido com\u00fan nos hace asumir una postura de paciente y atenta escucha, con reales deseos de ayudar al sujeto en crisis a encontrar otras soluciones que no sean el suicidio, se habra\u0301 iniciado la prevenci\u00f3n.<\/span><\/strong><\/em><\/h4>\n<h4><em><strong><span style=\"text-decoration: underline; color: #008000;\">13.-Criterio equivocado:<\/span> <span style=\"color: #993300;\">S\u00f3lo los psiquiatras pueden prevenir el suicidio.<\/span><br \/>\n<span style=\"text-decoration: underline; color: #0000ff;\">CRITERIO CIENTIFICO: <\/span><span style=\"color: #993300;\">Es cierto que los psiquiatras son profesionales experimentados en la detecci\u00f3n del riesgo de suicidio y su manejo, pero no son los \u00fanicos que pueden prevenirlo. Cualquiera interesado en auxiliar a este tipo de personas puede ser un valioso colaborador en su prevenci\u00f3n.<\/span><\/strong><\/em><\/h4>\n<h4><em><strong><span style=\"text-decoration: underline; color: #008000;\">14.-Criterio equivocado: <\/span><span style=\"color: #993300;\">El tema del suicidio debe ser tratado con cautela por los problemas sociopol\u00edticos que ocasiona.<\/span><br \/>\n<span style=\"color: #0000ff;\"><span style=\"text-decoration: underline;\">CRITERIO CIENTIFICO<\/span><span style=\"text-decoration: underline;\">:<\/span> <\/span><span style=\"color: #993300;\">El tema del suicidio debe ser tratado de igual forma que otras causas de muerte, evitar las noticias sensacionalistas y aquellos manejos que provoquen la imitaci\u00f3n de esa conducta. Por otra parte, el suicidio como causa de muerte, se observa en pa\u00edses de reg\u00edmenes socioecon\u00f3micos diferentes, desde los muy desarrollados hasta los que apenas tienen recursos, pues responde a factores diversos, como son los biol\u00f3gicos, psicol\u00f3gicos, sociales, psiqui\u00e1tricos, existenciales, etc.<\/span><\/strong><\/em><\/h4>\n<h4>Prof. Dr. Sergio Andres Perez Barrero<\/h4>\n<\/blockquote>\n<div>\n<blockquote>\n<h4><span style=\"color: #993300;\"><em><strong>Busque ayuda inmediatamente si:<\/strong><\/em><\/span><br \/>\n<span style=\"color: #993300;\"> <em><strong> Se siente abrumado.<\/strong><\/em><\/span><br \/>\n<span style=\"color: #993300;\"> <em><strong> \u2028Est\u00e1 pensando en hacerse da\u00f1o o en da\u00f1ar a otra persona.<\/strong><\/em><\/span><br \/>\n<span style=\"color: #993300;\"> <em><strong> Es incapaz de controlar su comportamiento.<\/strong><\/em><\/span><br \/>\n<span style=\"color: #993300;\"> <em><strong> Tiene otros s\u00edntomas muy angustiantes de trastorno<br \/>\nde estr\u00e9s postraum\u00e1tico.<\/strong><\/em><\/span><\/h4>\n<h4><span style=\"color: #993300;\"><em><strong>EN CASO NECESARIO:<\/strong><\/em><\/span><br \/>\n<span style=\"color: #993300;\"> <em><strong> Llame a su m\u00e9dico.<\/strong><\/em><\/span><br \/>\n<span style=\"color: #993300;\"> <em><strong> Llame al 911 para servicios de emergencia\u2028 o vaya<\/strong><\/em><\/span><br \/>\n<span style=\"color: #993300;\"> <em><strong> a la sala de emergencias m\u00e1s cercana.<br \/>\nEn un caso de emergencia, puede llamar a:<br \/>\n52-59-81-21<br \/>\n01-800-472-78-35<\/strong><\/em><\/span><\/h4>\n<h4><span style=\"color: #008000;\"><em><strong>SAPTEL \u201cSistema Nacional de Apoyo, Consejo \u2028Psicol\u00f3gico<br \/>\ne Intervenci\u00f3n en Crisis por Tel\u00e9fono\u201d<\/strong><\/em><\/span><br \/>\n<span style=\"color: #008000;\"> <em><strong> (Cruz Roja Mexicana\u2013 24 Hrs.) sin costo<\/strong><\/em><\/span><br \/>\n<span style=\"color: #008000;\"> <em><strong> Tel.- 52-59-81-21\u00a0\u00a0 \u2013<\/strong><\/em><\/span><br \/>\n<span style=\"color: #008000;\"> <em><strong> 01-800-472-78-35<\/strong><\/em><\/span><br \/>\n<span style=\"color: #008000;\"> <em><strong> saptel@prodigy.net.mx<\/strong><\/em><\/span><br \/>\n<span style=\"color: #008000;\"> <em><strong> \u2028http:\/\/www.saptel.org.mx\/<\/strong><\/em><\/span><\/h4>\n<\/blockquote>\n<\/div>\n<blockquote>\n<h4>Imagenes-Patricia Perrier Radix<em><strong><em><br \/>\n<\/em><\/strong><\/em><\/h4>\n<\/blockquote>\n<\/div>\n","protected":false},"excerpt":{"rendered":"<p>TEMAS DE SUICIDIO &#8211; Criterios equivocados y cient\u00edficos con respecto al suicidio &#8211; Existen diversos criterios err\u00f3neos con respecto al suicidio, a los suicidas y a los que intentan el suicidio, que deben ser eliminados si se desea colaborar con este tipo de personas. Pasemos a enunciar algunos de ellos\u00a0 y expondremos los criterios cient\u00edficos [&hellip;]<\/p>\n","protected":false},"author":2,"featured_media":0,"parent":0,"menu_order":2,"comment_status":"open","ping_status":"closed","template":"","meta":[],"_links":{"self":[{"href":"https:\/\/www.ceadin.org\/b\/wp-json\/wp\/v2\/pages\/1036"}],"collection":[{"href":"https:\/\/www.ceadin.org\/b\/wp-json\/wp\/v2\/pages"}],"about":[{"href":"https:\/\/www.ceadin.org\/b\/wp-json\/wp\/v2\/types\/page"}],"author":[{"embeddable":true,"href":"https:\/\/www.ceadin.org\/b\/wp-json\/wp\/v2\/users\/2"}],"replies":[{"embeddable":true,"href":"https:\/\/www.ceadin.org\/b\/wp-json\/wp\/v2\/comments?post=1036"}],"version-history":[{"count":0,"href":"https:\/\/www.ceadin.org\/b\/wp-json\/wp\/v2\/pages\/1036\/revisions"}],"wp:attachment":[{"href":"https:\/\/www.ceadin.org\/b\/wp-json\/wp\/v2\/media?parent=1036"}],"curies":[{"name":"wp","href":"https:\/\/api.w.org\/{rel}","templated":true}]}}