{"id":1035,"date":"2015-08-23T23:54:31","date_gmt":"2015-08-23T23:54:31","guid":{"rendered":"http:\/\/www.ceadin.org\/b\/"},"modified":"2018-06-17T19:58:06","modified_gmt":"2018-06-17T19:58:06","slug":"para-quien-ayuda-a-personas-en-situaciones-dificiles","status":"publish","type":"page","link":"https:\/\/www.ceadin.org\/b\/para-quien-ayuda-a-personas-en-situaciones-dificiles\/","title":{"rendered":"Para quien ayuda a personas en situaciones dif\u00edciles"},"content":{"rendered":"<h3 style=\"text-align: center;\">\u00a0<span style=\"color: #800080;\"><em><strong><br \/>\n<span style=\"text-decoration: underline; color: #0000ff;\">TEMAS DE SUICIDIO<\/span><\/strong><\/em> <\/span><\/h3>\n<h3 style=\"text-align: center;\"><span style=\"color: #993300;\"><em><strong>Hay una buena cantidad de seres humanos<br \/>\nque les gusta ayudar a otros, ese sentimiento solidario<br \/>\nes muy agradecido por quienes lo reciben.<\/strong><\/em><\/span><\/h3>\n<blockquote>\n<h3 style=\"text-align: center;\"><a href=\"http:\/\/www.ceadin.org\/b\/wp-content\/uploads\/2018\/06\/patriciaperrier32-e1529170947471.jpg\"><img decoding=\"async\" loading=\"lazy\" class=\"aligncenter size-full wp-image-4747\" src=\"http:\/\/www.ceadin.org\/b\/wp-content\/uploads\/2018\/06\/patriciaperrier32-e1529170947471.jpg\" alt=\"\" width=\"501\" height=\"744\" srcset=\"https:\/\/www.ceadin.org\/b\/wp-content\/uploads\/2018\/06\/patriciaperrier32-e1529170947471.jpg 501w, https:\/\/www.ceadin.org\/b\/wp-content\/uploads\/2018\/06\/patriciaperrier32-e1529170947471-202x300.jpg 202w\" sizes=\"(max-width: 501px) 100vw, 501px\" \/><\/a><span style=\"color: #800080;\"><em><strong><span style=\"color: #993300;\">Claro esta\u0301, no todas las personas poseen la misma preparaci\u00f3n t\u00e9cnica y cient\u00edfica para que esa ayuda sea efectiva de forma inmediata, y lo mas importante, a mediano y a largo plazo cuando se pueda dotar al sujeto de las herramientas necesarias que le permitan enfrentar con \u00e9xito problemas similares en el futuro.<\/span> <\/strong><\/em><\/span><\/h3>\n<h4><span style=\"color: #993300;\"><em><strong>Por eso me referire\u0301 a algunos factores que pudieran contribuir a que <span style=\"text-decoration: underline; color: #0000ff;\">-quienes tienen esas aptitudes logren ofrecer la ayuda de manera mas efectiva, sin necesidad de recibir una ense\u00f1anza especializada-.<\/span><\/strong><\/em><\/span><br \/>\n<span style=\"color: #800080;\"> <em><strong><br \/>\n<span style=\"color: #993300;\">En los diversos tipos de psicoterapia, existen actividades que debe realizar un terapeuta, independientemente de la escuela que propugne, una de ellas es <span style=\"text-decoration: underline; color: #0000ff;\"><span style=\"color: #ff0000; text-decoration: underline;\">-La Escucha-,<\/span> esa capacidad de permitir a otra persona expresar sus pensamientos con libertad, <span style=\"color: #ff0000; text-decoration: underline;\">-Sin Interrupci\u00f3n Alguna-.<\/span><\/span><\/span> <\/strong><\/em><\/span><\/h4>\n<h4><span style=\"color: #993300;\"><em><strong>En la actualidad, hay todo un cuerpo de conocimientos te\u00f3ricos relacionados con la llamada <span style=\"text-decoration: underline; color: #0000ff;\"><span style=\"color: #ff0000; text-decoration: underline;\">-Terapia de Escucha-,<\/span> donde lo fundamental es saber escuchar y considerar que el ser humano tiene una sola boca, mientras posee dos orejas, lo cual significa que la naturaleza le otorgo\u0301 un privilegio al sentido del o\u00eddo-.<\/span> Aunque esta aseveraci\u00f3n pudiera ser discutible, es un recurso que muchos emplean para recalcar la importancia de la escucha.<\/strong><\/em><\/span><\/h4>\n<h3 style=\"text-align: center;\"><span style=\"color: #993300;\"><em><strong>El que brinda ayuda, debe fomentar y propiciar una relaci\u00f3n arm\u00f3nica,<br \/>\nemp\u00e1tica, ponerse en el lugar del otro, ser capaz de<br \/>\nexperimentar lo que esta\u0301 experimentando la otra persona,<br \/>\npero manteniendo una prudencial distancia que permita ser mas objetivo.<\/strong><\/em><\/span><\/h3>\n<h3 style=\"text-align: center;\"><em><span style=\"color: #993300;\"><strong>En otras palabras, si usted desea ayudar a una persona, debe evitar involucrarse demasiado en el problema, pues entonces pasara\u0301 a ser parte del mismo.<br \/>\n<span style=\"text-decoration: underline; color: #0000ff;\">Entrar en la situaci\u00f3n conflictiva y saber salir,<\/span><br \/>\n<span style=\"text-decoration: underline; color: #0000ff;\"> pues -desde fuera se ve mejor-, es la clave.<\/span><\/strong><\/span><\/em><\/h3>\n<h4><span style=\"color: #800080;\"><em><strong><span style=\"text-decoration: underline; color: #0000ff;\">-La Actitud de Apoyo- es otra condici\u00f3n indispensable-,<\/span> <span style=\"color: #993300;\">la cual se logra, adem\u00e1s de lo anteriormente explicado, con la aceptaci\u00f3n del sujeto en su individualidad, con la solidaridad manifestada con nuestra presencia, que contribuya a mitigar su soledad, con la orientaci\u00f3n oportuna<\/span> <span style=\"text-decoration: underline; color: #0000ff;\">(visitar un facultativo, no tomar una decisi\u00f3n importante con ese estado an\u00edmico, como -tomar vacaciones-, aceptar un diagnostico medico, leer determinado libro, etc.).<\/span><\/strong><\/em><\/span><br \/>\n<span style=\"color: #800080;\"> <em><strong><br \/>\n<span style=\"text-decoration: underline; color: #0000ff;\">-Tambi\u00e9n es fundamental la realizaci\u00f3n de preguntas, pero no cualquiera de ellas, sino aquellas que le permitan al sujeto expresar sus emociones y sentimientos y a nosotros conocer como piensa, cuan pesimista, poco realista, agresivo, autodestructivo, es su pensamiento-. <\/span><span style=\"color: #993300;\">Las preguntas bien realizadas recaban una informaci\u00f3n muy valiosa, mediante la cual logramos acercarnos a un conocimiento mas fidedigno de la problem\u00e1tica del individuo, cuando se inicio\u0301 esta, de que\u0301 manera, como el se sintio\u0301, como la intento\u0301 resolver, etc.<\/span> <\/strong><\/em><\/span><\/h4>\n<h4><span style=\"color: #800080;\"><em><strong><span style=\"text-decoration: underline; color: #0000ff;\">-Otras actitudes que pueden ayudar a una persona en situaci\u00f3n dif\u00edcil, es el reforzamiento, o sea, la aprobaci\u00f3n de una conducta o pensamiento positivo, mediante la felicitaci\u00f3n, un apret\u00f3n de manos, unas palabras de elogio-. &#8211;<\/span><span style=\"color: #993300;\"><span style=\"text-decoration: underline; color: #ff0000;\">Asimismo, se deben <\/span><span style=\"text-decoration: underline; color: #0000ff;\"><span style=\"color: #ff0000; text-decoration: underline;\">-Cuestionar- <\/span>aquellas conductas o pensamientos negativos con desaprobaci\u00f3n: un llamado de atenci\u00f3n, expresar desacuerdo con esas actitudes, en otras palabras, corregir toda manifestaci\u00f3n negativa. <\/span>Esa es una manera valiosa de ayudar a otros.<\/span><\/strong><\/em><\/span><\/h4>\n<h4><span style=\"color: #800080;\"><em><strong><span style=\"color: #993300;\">Se puede asistir a un sujeto sobre quien han existido determinadas presiones emocionales que le hacen suponer que todo el mundo reaccionara\u0301 de igual forma con el, al usted hacerlo de una manera diferente, eso lo ayudara\u0301 a corregir su experiencia emocional pasada: no todos reaccionan como el piensa.<\/span> <\/strong><\/em><\/span><\/h4>\n<h4><span style=\"color: #800080;\"><em><strong><span style=\"text-decoration: underline; color: #0000ff;\">-Y el bienestar encontrado al interactuar con otro ser humano que no le reprueba, critica, rechaza, hostiliza, por si\u0301 solo, es terap\u00e9utico-.<\/span><span style=\"text-decoration: underline; color: #ff0000;\"> -A este auxilio se conoce como -Experiencia Emocional Correctiva-,<\/span><span style=\"color: #993300;\"> termino utilizado por las terapias psicoanal\u00edticas, para designar la neutralidad afectiva del terapeuta.<\/span><\/strong><\/em><\/span><\/h4>\n<h3 style=\"text-align: center;\"><span style=\"text-decoration: underline; color: #993300;\"><em><strong>Con estos elementos, seguro usted,<br \/>\nque tiene esa capacidad para ayudar a otros muy desarrollada,<br \/>\nestara\u0301 en mejores condiciones de brindarla.<\/strong><\/em><\/span><\/h3>\n<h4>Prof. Dr. Sergio Andres Perez Barrero<\/h4>\n<h4><span style=\"color: #993300;\"><em><strong>Busque ayuda inmediatamente si:<\/strong><\/em><\/span><br \/>\n<span style=\"color: #993300;\"> <em><strong> Se siente abrumado.<\/strong><\/em><\/span><br \/>\n<span style=\"color: #993300;\"> <em><strong> \u2028Est\u00e1 pensando en hacerse da\u00f1o o en da\u00f1ar a otra persona.<\/strong><\/em><\/span><br \/>\n<span style=\"color: #993300;\"> <em><strong> Es incapaz de controlar su comportamiento.<\/strong><\/em><\/span><br \/>\n<span style=\"color: #993300;\"> <em><strong> Tiene otros s\u00edntomas muy angustiantes de trastorno<br \/>\nde estr\u00e9s postraum\u00e1tico.<\/strong><\/em><\/span><\/h4>\n<h4><span style=\"color: #993300;\"><em><strong>EN CASO NECESARIO:<\/strong><\/em><\/span><br \/>\n<span style=\"color: #993300;\"> <em><strong> Llame a su m\u00e9dico.<\/strong><\/em><\/span><br \/>\n<span style=\"color: #993300;\"> <em><strong> Llame al 911 para servicios de emergencia\u2028 o vaya<\/strong><\/em><\/span><br \/>\n<span style=\"color: #993300;\"> <em><strong> a la sala de emergencias m\u00e1s cercana.<br \/>\nEn un caso de emergencia, puede llamar a:<br \/>\n52-59-81-21<br \/>\n01-800-472-78-35<\/strong><\/em><\/span><\/h4>\n<h4><span style=\"color: #008000;\"><em><strong>SAPTEL \u201cSistema Nacional de Apoyo, Consejo \u2028Psicol\u00f3gico<br \/>\ne Intervenci\u00f3n en Crisis por Tel\u00e9fono\u201d<\/strong><\/em><\/span><br \/>\n<span style=\"color: #008000;\"> <em><strong> (Cruz Roja Mexicana\u2013 24 Hrs.) sin costo<\/strong><\/em><\/span><br \/>\n<span style=\"color: #008000;\"> <em><strong> Tel.- 52-59-81-21\u00a0\u00a0 \u2013<\/strong><\/em><\/span><br \/>\n<span style=\"color: #008000;\"> <em><strong> 01-800-472-78-35<\/strong><\/em><\/span><br \/>\n<span style=\"color: #008000;\"> <em><strong> saptel@prodigy.net.mx<\/strong><\/em><\/span><br \/>\n<span style=\"color: #008000;\"> <em><strong> \u2028http:\/\/www.saptel.org.mx\/<\/strong><\/em><\/span><\/h4>\n<h4>Imagenes-Patricia Perrier Radix<em><strong><em><br \/>\n<\/em><\/strong><\/em><\/h4>\n<\/blockquote>\n","protected":false},"excerpt":{"rendered":"<p>\u00a0 TEMAS DE SUICIDIO Hay una buena cantidad de seres humanos que les gusta ayudar a otros, ese sentimiento solidario es muy agradecido por quienes lo reciben. Claro esta\u0301, no todas las personas poseen la misma preparaci\u00f3n t\u00e9cnica y cient\u00edfica para que esa ayuda sea efectiva de forma inmediata, y lo mas importante, a mediano [&hellip;]<\/p>\n","protected":false},"author":2,"featured_media":0,"parent":0,"menu_order":1,"comment_status":"open","ping_status":"closed","template":"","meta":[],"_links":{"self":[{"href":"https:\/\/www.ceadin.org\/b\/wp-json\/wp\/v2\/pages\/1035"}],"collection":[{"href":"https:\/\/www.ceadin.org\/b\/wp-json\/wp\/v2\/pages"}],"about":[{"href":"https:\/\/www.ceadin.org\/b\/wp-json\/wp\/v2\/types\/page"}],"author":[{"embeddable":true,"href":"https:\/\/www.ceadin.org\/b\/wp-json\/wp\/v2\/users\/2"}],"replies":[{"embeddable":true,"href":"https:\/\/www.ceadin.org\/b\/wp-json\/wp\/v2\/comments?post=1035"}],"version-history":[{"count":0,"href":"https:\/\/www.ceadin.org\/b\/wp-json\/wp\/v2\/pages\/1035\/revisions"}],"wp:attachment":[{"href":"https:\/\/www.ceadin.org\/b\/wp-json\/wp\/v2\/media?parent=1035"}],"curies":[{"name":"wp","href":"https:\/\/api.w.org\/{rel}","templated":true}]}}